{"id":62,"date":"2025-11-27T04:43:48","date_gmt":"2025-11-27T04:43:48","guid":{"rendered":"https:\/\/plt.tanovis.linawang.se\/?page_id=62"},"modified":"2025-12-16T21:24:08","modified_gmt":"2025-12-16T21:24:08","slug":"about-us","status":"publish","type":"page","link":"https:\/\/plt-innovations.com\/tr\/about-us\/","title":{"rendered":"Hakk\u0131m\u0131zda"},"content":{"rendered":"<section\n  class=\"tanovis_sub_hero  sub_hero--bg-medium none\"\n  >\n  <div class=\"hero__media\">\n        \n    <div class=\"hero__symbol-container none\">\n      <div class=\"hero__symbol\">\n              <\/div>\n    <\/div>\n  <\/div>\n\n  <div class=\"hero__content container\">\n          <h1 class=\"hero__title title-lg\">Biyok\u00fctleyi de\u011ferli \u00fcr\u00fcnlere d\u00f6n\u00fc\u015ft\u00fcrmek<\/h1>\n      <\/div>\n<\/section>\n\n\n<section class=\"text container wysiwyg\" >\n                                      <h2 class=\"text__title fade-up\">\n            Biyok\u00fctleyi de\u011ferli \u00fcr\u00fcnlere d\u00f6n\u00fc\u015ft\u00fcrme konusunda 15 y\u0131l\u0131 a\u015fk\u0131n deneyime sahip olan ve Tanovis Group'un bir par\u00e7as\u0131 olan \u015firketimiz, ger\u00e7ek end\u00fcstriyel ko\u015fullar i\u00e7in tasarlanm\u0131\u015f, kullan\u0131ma haz\u0131r, y\u00fcksek safl\u0131kta lignin \u00e7\u00f6z\u00fcmleri sunarak \u00fcreticilerin d\u00f6ng\u00fcsel, d\u00fc\u015f\u00fck karbonlu \u00fcretime ge\u00e7i\u015flerini h\u0131zland\u0131rmalar\u0131na yard\u0131mc\u0131 olmaktad\u0131r.          <\/h2>\n                    \n<\/section>\n\n\n<section class=\"text container wysiwyg\" id=\"Tanovis\" >\n                                      <div class=\"text__image fade-up\">\n            <img loading=\"lazy\" decoding=\"async\" width=\"800\" height=\"400\" src=\"https:\/\/plt-innovations.com\/wp-content\/uploads\/sites\/4\/2025\/12\/PLT-i-symbol-400.png\" class=\"text__image-img\" alt=\"\" srcset=\"https:\/\/plt-innovations.com\/wp-content\/uploads\/sites\/4\/2025\/12\/PLT-i-symbol-400.png 800w, https:\/\/plt-innovations.com\/wp-content\/uploads\/sites\/4\/2025\/12\/PLT-i-symbol-400-300x150.png 300w, https:\/\/plt-innovations.com\/wp-content\/uploads\/sites\/4\/2025\/12\/PLT-i-symbol-400-768x384.png 768w\" sizes=\"auto, (max-width: 800px) 100vw, 800px\" \/>          <\/div>\n                                                  <h2 class=\"text__title fade-up\">\n            Tanovis grubunun bir par\u00e7as\u0131          <\/h2>\n                                                  <div class=\"text__body fade-up\">\n            <p><span style=\"font-weight: 400\">PLT, ligninin bilimsel potansiyelini somut sonu\u00e7lara d\u00f6n\u00fc\u015ft\u00fcren, geni\u015fleyen bir giri\u015fimler grubu olan Tanovis Group b\u00fcnyesindeki bir \u015firkettir. Her giri\u015fim, Tanovis lignin platformunu yeni bir alana geni\u015fleterek, ayn\u0131 temel teknolojiyi hayvan sa\u011fl\u0131\u011f\u0131n\u0131 iyile\u015ftirmek, malzeme performans\u0131n\u0131 geli\u015ftirmek ve insan refah\u0131n\u0131 art\u0131rmak i\u00e7in kullan\u0131r. <\/span><span style=\"font-weight: 400\">Tanovis'in bitki bazl\u0131 polimerler alan\u0131ndaki \u00f6nc\u00fc \u00e7al\u0131\u015fmalar\u0131, kendi geli\u015ftirmelerimizin bilimsel temelini olu\u015fturarak, inovasyon ve malzeme bilimini g\u00fcvenle ilerletmemiz i\u00e7in kan\u0131tlanm\u0131\u015f bir platform sunmaktad\u0131r.<\/span><\/p>\n<p>&nbsp;<\/p>\n<p>&nbsp;<\/p>\n          <\/div>\n                                                  <div class=\"text__image fade-up\">\n            <img loading=\"lazy\" decoding=\"async\" width=\"800\" height=\"242\" src=\"https:\/\/plt-innovations.com\/wp-content\/uploads\/sites\/4\/2025\/12\/Tanovis-Group-colors-800-1.jpg\" class=\"text__image-img\" alt=\"\" srcset=\"https:\/\/plt-innovations.com\/wp-content\/uploads\/sites\/4\/2025\/12\/Tanovis-Group-colors-800-1.jpg 800w, https:\/\/plt-innovations.com\/wp-content\/uploads\/sites\/4\/2025\/12\/Tanovis-Group-colors-800-1-300x91.jpg 300w, https:\/\/plt-innovations.com\/wp-content\/uploads\/sites\/4\/2025\/12\/Tanovis-Group-colors-800-1-768x232.jpg 768w\" sizes=\"auto, (max-width: 800px) 100vw, 800px\" \/>          <\/div>\n                    \n<\/section>\n\n\n<section class=\"timeline container  bg-default\" id=\"background\" >\n  <h2 class=\"timeline__title\">Tarihimiz<\/h2>\n  <div class=\"timeline__inner\">\n          <div class=\"timeline__item\">\n        <h3 class=\"timeline__item-title title-xxl animate-letters\">2025<\/h3>\n        <div class=\"timeline__item-text body-md fade-up-delay-600\"><p><span style=\"font-weight: 400;\">Farkl\u0131 t\u00fcrdeki ligninlerin ekstraksiyonunda \u00f6nc\u00fc olan Tanovis ve ekibi, biyok\u00fctleyi de\u011ferli \u00fcr\u00fcnlere d\u00f6n\u00fc\u015ft\u00fcrme konusunda 15 y\u0131l\u0131 a\u015fk\u0131n deneyime sahiptir.<\/span><\/p>\n<\/div>\n      <\/div>\n          <div class=\"timeline__item\">\n        <h3 class=\"timeline__item-title title-xxl animate-letters\">2020<\/h3>\n        <div class=\"timeline__item-text body-md fade-up-delay-600\"><ul class=\"ul1\">\n<li>PLT Innovation AG, Tanovis Group'un end\u00fcstri kolu olarak kuruldu \u2014 lignin kimyas\u0131 ara\u015ft\u0131rmalar\u0131 ile ger\u00e7ek d\u00fcnyadaki end\u00fcstriyel uygulamalar aras\u0131ndaki bo\u015flu\u011fu doldurmak i\u00e7in olu\u015fturuldu.<\/li>\n<\/ul>\n<\/div>\n      <\/div>\n          <div class=\"timeline__item\">\n        <h3 class=\"timeline__item-title title-xxl animate-letters\">2017<\/h3>\n        <div class=\"timeline__item-text body-md fade-up-delay-600\"><p>Tanovis AG kurulmu\u015ftur. <span style=\"font-weight: 400;\">ve \u00fcretim, \u00fcr\u00fcnler ve ara\u015ft\u0131rma \u015firketi Greenvalue'nin ekibini sat\u0131n ald\u0131.<\/span> Biyo-bazl\u0131 giri\u015fimleri b\u00fcy\u00fck \u00f6l\u00e7ekte kurmak i\u00e7in.<\/p>\n<\/div>\n      <\/div>\n          <div class=\"timeline__item\">\n        <h3 class=\"timeline__item-title title-xxl animate-letters\">2005<\/h3>\n        <div class=\"timeline__item-text body-md fade-up-delay-600\"><p>Lignin bazl\u0131 end\u00fcstriyel uygulamalar\u0131 do\u011frulamak i\u00e7in ara\u015ft\u0131rma \u015firketi GreenValue alt\u0131nda Protobind\u00ae'i piyasaya s\u00fcrd\u00fc.<\/p>\n<\/div>\n      <\/div>\n          <div class=\"timeline__item\">\n        <h3 class=\"timeline__item-title title-xxl animate-letters\">2004<\/h3>\n        <div class=\"timeline__item-text body-md fade-up-delay-600\"><p>Ara\u015ft\u0131rma \u015firketi GreenValue'u kurdu ve ligninin end\u00fcstriyel potansiyelini ortaya \u00e7\u0131karmak i\u00e7in Hindistan'da bir end\u00fcstriyel tesis kurdu.<\/p>\n<\/div>\n      <\/div>\n    <\/section>\n\n\n<section class=\"quote   bg-medium\" >\n    <img decoding=\"async\" class=\"quote__bg\" src=\"https:\/\/plt-innovations.com\/wp-content\/uploads\/sites\/4\/2025\/12\/Protobind-KW-16-9-b.jpg\" alt=\"\" \/>\n  \n  <div class=\"container\">\n        <h3 class=\"quote__text animate-lines title-lg\">\n      Misyonumuz, end\u00fcstrilerin performans, maliyet veya \u00f6l\u00e7eklenebilirlikten \u00f6d\u00fcn vermeden fosil kaynakl\u0131 girdileri de\u011fi\u015ftirmelerini sa\u011flayan y\u00fcksek safl\u0131kta lignin bazl\u0131 malzemeler ve know-how geli\u015ftirmek ve sunmakt\u0131r.    <\/h3>\n          <\/div>\n\n<\/section>\n\n\n<section class=\"text container wysiwyg\" >\n  \n<\/section>\n\n\n<section\n  class=\"tanovis_sub_hero  sub_hero--bg-default none\"\n  >\n  <div class=\"hero__media\">\n          <video class=\"hero__video\" src=\"https:\/\/plt-innovations.com\/wp-content\/uploads\/sites\/4\/2025\/12\/Tanovis_17sek.mp4\" autoplay muted loop playsinline><\/video>\n              <img decoding=\"async\" class=\"hero__bg\" src=\"https:\/\/plt-innovations.com\/wp-content\/uploads\/sites\/4\/2025\/12\/PLT-color-16-9-1.jpg\" alt=\"\" \/>\n    \n    <div class=\"hero__symbol-container none\">\n      <div class=\"hero__symbol\">\n              <\/div>\n    <\/div>\n  <\/div>\n\n  <div class=\"hero__content container\">\n      <\/div>\n<\/section>","protected":false},"excerpt":{"rendered":"","protected":false},"author":1,"featured_media":223,"parent":0,"menu_order":0,"comment_status":"closed","ping_status":"closed","template":"","meta":{"_acf_changed":false,"content-type":"","footnotes":""},"class_list":["post-62","page","type-page","status-publish","has-post-thumbnail","hentry"],"acf":[],"yoast_head":"<!-- This site is optimized with the Yoast SEO plugin v26.6 - https:\/\/yoast.com\/wordpress\/plugins\/seo\/ -->\n<title>About us - PLT<\/title>\n<meta name=\"description\" content=\"Learn about PLT Innovations \u2014 who we are, our mission and how we\u2019re building sustainable, science-led ventures that create meaningful impact for people and planet.\" \/>\n<meta name=\"robots\" content=\"index, follow, max-snippet:-1, max-image-preview:large, max-video-preview:-1\" \/>\n<link rel=\"canonical\" href=\"https:\/\/plt-innovations.com\/tr\/about-us\/\" \/>\n<meta property=\"og:locale\" content=\"tr_TR\" \/>\n<meta property=\"og:type\" content=\"article\" \/>\n<meta property=\"og:title\" content=\"About us - PLT\" \/>\n<meta property=\"og:description\" content=\"Learn about PLT Innovations \u2014 who we are, our mission and how we\u2019re building sustainable, science-led ventures that create meaningful impact for people and planet.\" \/>\n<meta property=\"og:url\" content=\"https:\/\/plt-innovations.com\/tr\/about-us\/\" \/>\n<meta property=\"og:site_name\" content=\"PLT\" \/>\n<meta property=\"article:modified_time\" content=\"2025-12-16T21:24:08+00:00\" \/>\n<meta property=\"og:image\" content=\"https:\/\/plt-innovations.com\/wp-content\/uploads\/sites\/4\/2025\/12\/Meta-image-Responsibility.jpg\" \/>\n\t<meta property=\"og:image:width\" content=\"1024\" \/>\n\t<meta property=\"og:image:height\" content=\"768\" \/>\n\t<meta property=\"og:image:type\" content=\"image\/jpeg\" \/>\n<meta name=\"twitter:card\" content=\"summary_large_image\" \/>\n<meta name=\"twitter:label1\" content=\"Tahmini okuma s\u00fcresi\" \/>\n\t<meta name=\"twitter:data1\" content=\"3 dakika\" \/>\n<script type=\"application\/ld+json\" class=\"yoast-schema-graph\">{\"@context\":\"https:\/\/schema.org\",\"@graph\":[{\"@type\":\"WebPage\",\"@id\":\"https:\/\/plt-innovations.com\/about-us\/\",\"url\":\"https:\/\/plt-innovations.com\/about-us\/\",\"name\":\"About us - PLT\",\"isPartOf\":{\"@id\":\"https:\/\/plt-innovations.com\/#website\"},\"primaryImageOfPage\":{\"@id\":\"https:\/\/plt-innovations.com\/about-us\/#primaryimage\"},\"image\":{\"@id\":\"https:\/\/plt-innovations.com\/about-us\/#primaryimage\"},\"thumbnailUrl\":\"https:\/\/plt-innovations.com\/wp-content\/uploads\/sites\/4\/2025\/12\/Meta-image-Responsibility.jpg\",\"datePublished\":\"2025-11-27T04:43:48+00:00\",\"dateModified\":\"2025-12-16T21:24:08+00:00\",\"description\":\"Learn about PLT Innovations \u2014 who we are, our mission and how we\u2019re building sustainable, science-led ventures that create meaningful impact for people and planet.\",\"breadcrumb\":{\"@id\":\"https:\/\/plt-innovations.com\/about-us\/#breadcrumb\"},\"inLanguage\":\"tr\",\"potentialAction\":[{\"@type\":\"ReadAction\",\"target\":[\"https:\/\/plt-innovations.com\/about-us\/\"]}]},{\"@type\":\"ImageObject\",\"inLanguage\":\"tr\",\"@id\":\"https:\/\/plt-innovations.com\/about-us\/#primaryimage\",\"url\":\"https:\/\/plt-innovations.com\/wp-content\/uploads\/sites\/4\/2025\/12\/Meta-image-Responsibility.jpg\",\"contentUrl\":\"https:\/\/plt-innovations.com\/wp-content\/uploads\/sites\/4\/2025\/12\/Meta-image-Responsibility.jpg\",\"width\":1024,\"height\":768},{\"@type\":\"BreadcrumbList\",\"@id\":\"https:\/\/plt-innovations.com\/about-us\/#breadcrumb\",\"itemListElement\":[{\"@type\":\"ListItem\",\"position\":1,\"name\":\"Home\",\"item\":\"https:\/\/plt-innovations.com\/\"},{\"@type\":\"ListItem\",\"position\":2,\"name\":\"About us\"}]},{\"@type\":\"WebSite\",\"@id\":\"https:\/\/plt-innovations.com\/#website\",\"url\":\"https:\/\/plt-innovations.com\/\",\"name\":\"PLT\",\"description\":\"Pure ligning technology\",\"potentialAction\":[{\"@type\":\"SearchAction\",\"target\":{\"@type\":\"EntryPoint\",\"urlTemplate\":\"https:\/\/plt-innovations.com\/?s={search_term_string}\"},\"query-input\":{\"@type\":\"PropertyValueSpecification\",\"valueRequired\":true,\"valueName\":\"search_term_string\"}}],\"inLanguage\":\"tr\"}]}<\/script>\n<!-- \/ Yoast SEO plugin. -->","yoast_head_json":{"title":"About us - PLT","description":"Learn about PLT Innovations \u2014 who we are, our mission and how we\u2019re building sustainable, science-led ventures that create meaningful impact for people and planet.","robots":{"index":"index","follow":"follow","max-snippet":"max-snippet:-1","max-image-preview":"max-image-preview:large","max-video-preview":"max-video-preview:-1"},"canonical":"https:\/\/plt-innovations.com\/tr\/about-us\/","og_locale":"tr_TR","og_type":"article","og_title":"About us - PLT","og_description":"Learn about PLT Innovations \u2014 who we are, our mission and how we\u2019re building sustainable, science-led ventures that create meaningful impact for people and planet.","og_url":"https:\/\/plt-innovations.com\/tr\/about-us\/","og_site_name":"PLT","article_modified_time":"2025-12-16T21:24:08+00:00","og_image":[{"width":1024,"height":768,"url":"https:\/\/plt-innovations.com\/wp-content\/uploads\/sites\/4\/2025\/12\/Meta-image-Responsibility.jpg","type":"image\/jpeg"}],"twitter_card":"summary_large_image","twitter_misc":{"Tahmini okuma s\u00fcresi":"3 dakika"},"schema":{"@context":"https:\/\/schema.org","@graph":[{"@type":"WebPage","@id":"https:\/\/plt-innovations.com\/about-us\/","url":"https:\/\/plt-innovations.com\/about-us\/","name":"About us - PLT","isPartOf":{"@id":"https:\/\/plt-innovations.com\/#website"},"primaryImageOfPage":{"@id":"https:\/\/plt-innovations.com\/about-us\/#primaryimage"},"image":{"@id":"https:\/\/plt-innovations.com\/about-us\/#primaryimage"},"thumbnailUrl":"https:\/\/plt-innovations.com\/wp-content\/uploads\/sites\/4\/2025\/12\/Meta-image-Responsibility.jpg","datePublished":"2025-11-27T04:43:48+00:00","dateModified":"2025-12-16T21:24:08+00:00","description":"Learn about PLT Innovations \u2014 who we are, our mission and how we\u2019re building sustainable, science-led ventures that create meaningful impact for people and planet.","breadcrumb":{"@id":"https:\/\/plt-innovations.com\/about-us\/#breadcrumb"},"inLanguage":"tr","potentialAction":[{"@type":"ReadAction","target":["https:\/\/plt-innovations.com\/about-us\/"]}]},{"@type":"ImageObject","inLanguage":"tr","@id":"https:\/\/plt-innovations.com\/about-us\/#primaryimage","url":"https:\/\/plt-innovations.com\/wp-content\/uploads\/sites\/4\/2025\/12\/Meta-image-Responsibility.jpg","contentUrl":"https:\/\/plt-innovations.com\/wp-content\/uploads\/sites\/4\/2025\/12\/Meta-image-Responsibility.jpg","width":1024,"height":768},{"@type":"BreadcrumbList","@id":"https:\/\/plt-innovations.com\/about-us\/#breadcrumb","itemListElement":[{"@type":"ListItem","position":1,"name":"Home","item":"https:\/\/plt-innovations.com\/"},{"@type":"ListItem","position":2,"name":"About us"}]},{"@type":"WebSite","@id":"https:\/\/plt-innovations.com\/#website","url":"https:\/\/plt-innovations.com\/","name":"PLT","description":"Pure ligning technology","potentialAction":[{"@type":"SearchAction","target":{"@type":"EntryPoint","urlTemplate":"https:\/\/plt-innovations.com\/?s={search_term_string}"},"query-input":{"@type":"PropertyValueSpecification","valueRequired":true,"valueName":"search_term_string"}}],"inLanguage":"tr"}]}},"_links":{"self":[{"href":"https:\/\/plt-innovations.com\/tr\/wp-json\/wp\/v2\/pages\/62","targetHints":{"allow":["GET"]}}],"collection":[{"href":"https:\/\/plt-innovations.com\/tr\/wp-json\/wp\/v2\/pages"}],"about":[{"href":"https:\/\/plt-innovations.com\/tr\/wp-json\/wp\/v2\/types\/page"}],"author":[{"embeddable":true,"href":"https:\/\/plt-innovations.com\/tr\/wp-json\/wp\/v2\/users\/1"}],"replies":[{"embeddable":true,"href":"https:\/\/plt-innovations.com\/tr\/wp-json\/wp\/v2\/comments?post=62"}],"version-history":[{"count":18,"href":"https:\/\/plt-innovations.com\/tr\/wp-json\/wp\/v2\/pages\/62\/revisions"}],"predecessor-version":[{"id":336,"href":"https:\/\/plt-innovations.com\/tr\/wp-json\/wp\/v2\/pages\/62\/revisions\/336"}],"wp:featuredmedia":[{"embeddable":true,"href":"https:\/\/plt-innovations.com\/tr\/wp-json\/wp\/v2\/media\/223"}],"wp:attachment":[{"href":"https:\/\/plt-innovations.com\/tr\/wp-json\/wp\/v2\/media?parent=62"}],"curies":[{"name":"wp","href":"https:\/\/api.w.org\/{rel}","templated":true}]}}