{"id":60,"date":"2025-11-27T04:43:18","date_gmt":"2025-11-27T04:43:18","guid":{"rendered":"https:\/\/plt.tanovis.linawang.se\/?page_id=60"},"modified":"2025-12-16T21:34:20","modified_gmt":"2025-12-16T21:34:20","slug":"responsibility","status":"publish","type":"page","link":"https:\/\/plt-innovations.com\/tr\/responsibility\/","title":{"rendered":"Sorumluluk"},"content":{"rendered":"<section\n  class=\"tanovis_sub_hero  sub_hero--bg-medium none\"\n  >\n  <div class=\"hero__media\">\n        \n    <div class=\"hero__symbol-container none\">\n      <div class=\"hero__symbol\">\n              <\/div>\n    <\/div>\n  <\/div>\n\n  <div class=\"hero__content container\">\n          <h1 class=\"hero__title title-lg\">Yenilenebilir, y\u00fcksek performansl\u0131 malzemeleri pratik bir ger\u00e7eklik haline getirmek.<\/h1>\n      <\/div>\n<\/section>\n\n\n<section class=\"text container wysiwyg\" >\n                                      <h2 class=\"text__title fade-up\">\n            S\u00fcrd\u00fcr\u00fclebilir uygulamalara ve etik standartlara ba\u011fl\u0131y\u0131z ve hem sekt\u00f6r hem de \u00e7evre \u00fczerinde olumlu bir etki yaratmay\u0131 hedefliyoruz.          <\/h2>\n                                                  <div class=\"text__body fade-up\">\n            <p>\u00c7evresel a\u00e7\u0131dan lignin, bir\u00e7ok end\u00fcstri i\u00e7in cazip bir yenilenebilir kaynakt\u0131r. <span style=\"font-weight: 400\">Biyo-bazl\u0131 malzemelere ge\u00e7i\u015fin ana itici g\u00fcc\u00fc, emisyonlar\u0131n azalt\u0131lmas\u0131 ve fosil bazl\u0131 kaynaklar\u0131n s\u0131n\u0131rl\u0131 olmas\u0131d\u0131r. Arthur d'Little taraf\u0131ndan \u00f6ng\u00f6r\u00fclen 2020 ile 2030 y\u0131llar\u0131 aras\u0131ndaki beklenen CAGR b\u00fcy\u00fcmesi, geleneksel plastik i\u00e7in sadece 3,2 % iken, biyo-bazl\u0131 malzemeler i\u00e7in 17 %'dir.<\/span><\/p>\n<p>&nbsp;<\/p>\n<p><span style=\"font-weight: 400\">Tanovis lignin platformuna dayanan \u00f6zel \u00fcr\u00fcnlerimiz, fenolik monomerlerin y\u00fcksek mekanik mod\u00fcl, \u00e7apraz ba\u011flanma \u00f6zellikleri, antioksidan \u00f6zellikler vb. sa\u011flad\u0131\u011f\u0131 bir\u00e7ok uygulamada kullan\u0131labilen \u00f6zel \u00f6zelliklere sahip bir biyopolimerdir. <\/span><\/p>\n<p>&nbsp;<\/p>\n          <\/div>\n                    \n<\/section>\n\n\n<section class=\"text container wysiwyg\" >\n                                      <div class=\"text__body fade-up\">\n            <p>\u00dcR\u00dcN \u00d6TES\u0130 SORUMLULUK DUYMAYA Y\u00d6NEL\u0130K \u00c7ABALARIMIZ:<\/p>\n          <\/div>\n                    \n<\/section>\n\n\n<section class=\"text container wysiwyg\" id=\"Circular\" >\n                                      <div class=\"text__body fade-up\">\n            <h2>D\u00f6ng\u00fcsel ekonomi:<\/h2>\n<p>Yenilenebilir ve geri d\u00f6n\u00fc\u015ft\u00fcr\u00fclm\u00fc\u015f hammaddelerin oran\u0131n\u0131 art\u0131rmak ve yeniden kullan\u0131m f\u0131rsatlar\u0131n\u0131 ara\u015ft\u0131rmak istiyoruz.<\/p>\n<p>&nbsp;<\/p>\n<p>Hammaddemiz, aksi takdirde genellikle yak\u0131lacak olan tar\u0131msal at\u0131klardan elde edilmektedir. Bu t\u00fcr hammaddelerin kullan\u0131lmas\u0131, karbon ayak izini \u00f6nemli \u00f6l\u00e7\u00fcde azaltmaktad\u0131r.<\/p>\n          <\/div>\n                                                  <div class=\"text__image fade-up\">\n            <img loading=\"lazy\" decoding=\"async\" width=\"800\" height=\"600\" src=\"https:\/\/plt-innovations.com\/wp-content\/uploads\/sites\/4\/2025\/12\/Our-impact-model-beige-4-3-800px.jpg\" class=\"text__image-img\" alt=\"\" srcset=\"https:\/\/plt-innovations.com\/wp-content\/uploads\/sites\/4\/2025\/12\/Our-impact-model-beige-4-3-800px.jpg 800w, https:\/\/plt-innovations.com\/wp-content\/uploads\/sites\/4\/2025\/12\/Our-impact-model-beige-4-3-800px-300x225.jpg 300w, https:\/\/plt-innovations.com\/wp-content\/uploads\/sites\/4\/2025\/12\/Our-impact-model-beige-4-3-800px-768x576.jpg 768w\" sizes=\"auto, (max-width: 800px) 100vw, 800px\" \/>          <\/div>\n                    \n<\/section>\n\n\n<section class=\"text container wysiwyg\" id=\"Innovation\" >\n                                      <div class=\"text__body fade-up\">\n            <h2>\u0130novasyon ve s\u00fcrd\u00fcr\u00fclebilir \u00fcr\u00fcnler:<\/h2>\n<p>Yakla\u015f\u0131m\u0131m\u0131z, ak\u0131ll\u0131 tasar\u0131m ve \u00fcr\u00fcnlerin kullan\u0131m\u0131yla birlikte de\u011fer zinciri boyunca kaynak verimlili\u011fini vurgulamaktad\u0131r. \u00c7e\u015fitli uygulamalarda ve t\u00fcketim mallar\u0131nda petrokimyasallar\u0131n kullan\u0131m\u0131n\u0131 en aza indirerek ve bunlar\u0131 yenilenebilir enerji kaynaklar\u0131yla de\u011fi\u015ftirerek, toplam karbon ayak izini \u00f6nemli \u00f6l\u00e7\u00fcde azalt\u0131yoruz.<\/p>\n<p>&nbsp;<\/p>\n<p>Bu yakla\u015f\u0131m ayn\u0131 zamanda \u00e7evresel etkiyi de azalt\u0131r.<\/p>\n          <\/div>\n                                                  <div class=\"text__image fade-up\">\n            <img loading=\"lazy\" decoding=\"async\" width=\"800\" height=\"600\" src=\"https:\/\/plt-innovations.com\/wp-content\/uploads\/sites\/4\/2025\/12\/From-renewable-agro-model-4-3-800.jpg\" class=\"text__image-img\" alt=\"\" srcset=\"https:\/\/plt-innovations.com\/wp-content\/uploads\/sites\/4\/2025\/12\/From-renewable-agro-model-4-3-800.jpg 800w, https:\/\/plt-innovations.com\/wp-content\/uploads\/sites\/4\/2025\/12\/From-renewable-agro-model-4-3-800-300x225.jpg 300w, https:\/\/plt-innovations.com\/wp-content\/uploads\/sites\/4\/2025\/12\/From-renewable-agro-model-4-3-800-768x576.jpg 768w\" sizes=\"auto, (max-width: 800px) 100vw, 800px\" \/>          <\/div>\n                    \n<\/section>\n\n\n<section class=\"text container wysiwyg\" id=\"employer\" >\n                                      <div class=\"text__body fade-up\">\n            <h2>Sorumlu i\u015fveren:<\/h2>\n<p>E\u015fitlik, motive olmu\u015f ve kendini i\u015fine adam\u0131\u015f bir i\u015fg\u00fcc\u00fcn\u00fcn temelini olu\u015fturur ve \u015firket i\u00e7inde \u00e7ok \u00f6nemli bir unsurdur.<\/p>\n<p>\u00c7al\u0131\u015fanlar\u0131n ba\u011fl\u0131l\u0131\u011f\u0131n\u0131 ve \u00fcretkenli\u011fini art\u0131ran kapsay\u0131c\u0131 bir ortam yarat\u0131r.<\/p>\n          <\/div>\n                    \n<\/section>\n\n\n<section\n  class=\"tanovis_sub_hero  sub_hero--bg-medium none\"\n  >\n  <div class=\"hero__media\">\n          <video class=\"hero__video\" src=\"https:\/\/plt-innovations.com\/wp-content\/uploads\/sites\/4\/2025\/12\/Tanovis_17sek.mp4\" autoplay muted loop playsinline><\/video>\n              <img decoding=\"async\" class=\"hero__bg\" src=\"https:\/\/plt-innovations.com\/wp-content\/uploads\/sites\/4\/2025\/12\/PLT-color-16-9-1.jpg\" alt=\"\" \/>\n    \n    <div class=\"hero__symbol-container none\">\n      <div class=\"hero__symbol\">\n              <\/div>\n    <\/div>\n  <\/div>\n\n  <div class=\"hero__content container\">\n      <\/div>\n<\/section>\n\n\n<section class=\"text container wysiwyg\" >\n  \n<\/section>","protected":false},"excerpt":{"rendered":"","protected":false},"author":1,"featured_media":222,"parent":0,"menu_order":0,"comment_status":"closed","ping_status":"closed","template":"","meta":{"_acf_changed":false,"content-type":"","footnotes":""},"class_list":["post-60","page","type-page","status-publish","has-post-thumbnail","hentry"],"acf":[],"yoast_head":"<!-- This site is optimized with the Yoast SEO plugin v26.6 - https:\/\/yoast.com\/wordpress\/plugins\/seo\/ -->\n<title>Responsibility - PLT<\/title>\n<meta name=\"description\" content=\"Explore how PLT Innovations lives responsibility \u2014 with sustainability, purpose and meaningful impact at the centre of our science-led innovation journey.\" \/>\n<meta name=\"robots\" content=\"index, follow, max-snippet:-1, max-image-preview:large, max-video-preview:-1\" \/>\n<link rel=\"canonical\" href=\"https:\/\/plt-innovations.com\/tr\/responsibility\/\" \/>\n<meta property=\"og:locale\" content=\"tr_TR\" \/>\n<meta property=\"og:type\" content=\"article\" \/>\n<meta property=\"og:title\" content=\"Responsibility - PLT\" \/>\n<meta property=\"og:description\" content=\"Explore how PLT Innovations lives responsibility \u2014 with sustainability, purpose and meaningful impact at the centre of our science-led innovation journey.\" \/>\n<meta property=\"og:url\" content=\"https:\/\/plt-innovations.com\/tr\/responsibility\/\" \/>\n<meta property=\"og:site_name\" content=\"PLT\" \/>\n<meta property=\"article:modified_time\" content=\"2025-12-16T21:34:20+00:00\" \/>\n<meta property=\"og:image\" content=\"https:\/\/plt-innovations.com\/wp-content\/uploads\/sites\/4\/2025\/12\/Meta-image-Our-Story.jpg\" \/>\n\t<meta property=\"og:image:width\" content=\"1024\" \/>\n\t<meta property=\"og:image:height\" content=\"768\" \/>\n\t<meta property=\"og:image:type\" content=\"image\/jpeg\" \/>\n<meta name=\"twitter:card\" content=\"summary_large_image\" \/>\n<meta name=\"twitter:label1\" content=\"Tahmini okuma s\u00fcresi\" \/>\n\t<meta name=\"twitter:data1\" content=\"2 dakika\" \/>\n<script type=\"application\/ld+json\" class=\"yoast-schema-graph\">{\"@context\":\"https:\/\/schema.org\",\"@graph\":[{\"@type\":\"WebPage\",\"@id\":\"https:\/\/plt-innovations.com\/responsibility\/\",\"url\":\"https:\/\/plt-innovations.com\/responsibility\/\",\"name\":\"Responsibility - PLT\",\"isPartOf\":{\"@id\":\"https:\/\/plt-innovations.com\/#website\"},\"primaryImageOfPage\":{\"@id\":\"https:\/\/plt-innovations.com\/responsibility\/#primaryimage\"},\"image\":{\"@id\":\"https:\/\/plt-innovations.com\/responsibility\/#primaryimage\"},\"thumbnailUrl\":\"https:\/\/plt-innovations.com\/wp-content\/uploads\/sites\/4\/2025\/12\/Meta-image-Our-Story.jpg\",\"datePublished\":\"2025-11-27T04:43:18+00:00\",\"dateModified\":\"2025-12-16T21:34:20+00:00\",\"description\":\"Explore how PLT Innovations lives responsibility \u2014 with sustainability, purpose and meaningful impact at the centre of our science-led innovation journey.\",\"breadcrumb\":{\"@id\":\"https:\/\/plt-innovations.com\/responsibility\/#breadcrumb\"},\"inLanguage\":\"tr\",\"potentialAction\":[{\"@type\":\"ReadAction\",\"target\":[\"https:\/\/plt-innovations.com\/responsibility\/\"]}]},{\"@type\":\"ImageObject\",\"inLanguage\":\"tr\",\"@id\":\"https:\/\/plt-innovations.com\/responsibility\/#primaryimage\",\"url\":\"https:\/\/plt-innovations.com\/wp-content\/uploads\/sites\/4\/2025\/12\/Meta-image-Our-Story.jpg\",\"contentUrl\":\"https:\/\/plt-innovations.com\/wp-content\/uploads\/sites\/4\/2025\/12\/Meta-image-Our-Story.jpg\",\"width\":1024,\"height\":768},{\"@type\":\"BreadcrumbList\",\"@id\":\"https:\/\/plt-innovations.com\/responsibility\/#breadcrumb\",\"itemListElement\":[{\"@type\":\"ListItem\",\"position\":1,\"name\":\"Home\",\"item\":\"https:\/\/plt-innovations.com\/\"},{\"@type\":\"ListItem\",\"position\":2,\"name\":\"Responsibility\"}]},{\"@type\":\"WebSite\",\"@id\":\"https:\/\/plt-innovations.com\/#website\",\"url\":\"https:\/\/plt-innovations.com\/\",\"name\":\"PLT\",\"description\":\"Pure ligning technology\",\"potentialAction\":[{\"@type\":\"SearchAction\",\"target\":{\"@type\":\"EntryPoint\",\"urlTemplate\":\"https:\/\/plt-innovations.com\/?s={search_term_string}\"},\"query-input\":{\"@type\":\"PropertyValueSpecification\",\"valueRequired\":true,\"valueName\":\"search_term_string\"}}],\"inLanguage\":\"tr\"}]}<\/script>\n<!-- \/ Yoast SEO plugin. -->","yoast_head_json":{"title":"Responsibility - PLT","description":"Explore how PLT Innovations lives responsibility \u2014 with sustainability, purpose and meaningful impact at the centre of our science-led innovation journey.","robots":{"index":"index","follow":"follow","max-snippet":"max-snippet:-1","max-image-preview":"max-image-preview:large","max-video-preview":"max-video-preview:-1"},"canonical":"https:\/\/plt-innovations.com\/tr\/responsibility\/","og_locale":"tr_TR","og_type":"article","og_title":"Responsibility - PLT","og_description":"Explore how PLT Innovations lives responsibility \u2014 with sustainability, purpose and meaningful impact at the centre of our science-led innovation journey.","og_url":"https:\/\/plt-innovations.com\/tr\/responsibility\/","og_site_name":"PLT","article_modified_time":"2025-12-16T21:34:20+00:00","og_image":[{"width":1024,"height":768,"url":"https:\/\/plt-innovations.com\/wp-content\/uploads\/sites\/4\/2025\/12\/Meta-image-Our-Story.jpg","type":"image\/jpeg"}],"twitter_card":"summary_large_image","twitter_misc":{"Tahmini okuma s\u00fcresi":"2 dakika"},"schema":{"@context":"https:\/\/schema.org","@graph":[{"@type":"WebPage","@id":"https:\/\/plt-innovations.com\/responsibility\/","url":"https:\/\/plt-innovations.com\/responsibility\/","name":"Responsibility - PLT","isPartOf":{"@id":"https:\/\/plt-innovations.com\/#website"},"primaryImageOfPage":{"@id":"https:\/\/plt-innovations.com\/responsibility\/#primaryimage"},"image":{"@id":"https:\/\/plt-innovations.com\/responsibility\/#primaryimage"},"thumbnailUrl":"https:\/\/plt-innovations.com\/wp-content\/uploads\/sites\/4\/2025\/12\/Meta-image-Our-Story.jpg","datePublished":"2025-11-27T04:43:18+00:00","dateModified":"2025-12-16T21:34:20+00:00","description":"Explore how PLT Innovations lives responsibility \u2014 with sustainability, purpose and meaningful impact at the centre of our science-led innovation journey.","breadcrumb":{"@id":"https:\/\/plt-innovations.com\/responsibility\/#breadcrumb"},"inLanguage":"tr","potentialAction":[{"@type":"ReadAction","target":["https:\/\/plt-innovations.com\/responsibility\/"]}]},{"@type":"ImageObject","inLanguage":"tr","@id":"https:\/\/plt-innovations.com\/responsibility\/#primaryimage","url":"https:\/\/plt-innovations.com\/wp-content\/uploads\/sites\/4\/2025\/12\/Meta-image-Our-Story.jpg","contentUrl":"https:\/\/plt-innovations.com\/wp-content\/uploads\/sites\/4\/2025\/12\/Meta-image-Our-Story.jpg","width":1024,"height":768},{"@type":"BreadcrumbList","@id":"https:\/\/plt-innovations.com\/responsibility\/#breadcrumb","itemListElement":[{"@type":"ListItem","position":1,"name":"Home","item":"https:\/\/plt-innovations.com\/"},{"@type":"ListItem","position":2,"name":"Responsibility"}]},{"@type":"WebSite","@id":"https:\/\/plt-innovations.com\/#website","url":"https:\/\/plt-innovations.com\/","name":"PLT","description":"Pure ligning technology","potentialAction":[{"@type":"SearchAction","target":{"@type":"EntryPoint","urlTemplate":"https:\/\/plt-innovations.com\/?s={search_term_string}"},"query-input":{"@type":"PropertyValueSpecification","valueRequired":true,"valueName":"search_term_string"}}],"inLanguage":"tr"}]}},"_links":{"self":[{"href":"https:\/\/plt-innovations.com\/tr\/wp-json\/wp\/v2\/pages\/60","targetHints":{"allow":["GET"]}}],"collection":[{"href":"https:\/\/plt-innovations.com\/tr\/wp-json\/wp\/v2\/pages"}],"about":[{"href":"https:\/\/plt-innovations.com\/tr\/wp-json\/wp\/v2\/types\/page"}],"author":[{"embeddable":true,"href":"https:\/\/plt-innovations.com\/tr\/wp-json\/wp\/v2\/users\/1"}],"replies":[{"embeddable":true,"href":"https:\/\/plt-innovations.com\/tr\/wp-json\/wp\/v2\/comments?post=60"}],"version-history":[{"count":14,"href":"https:\/\/plt-innovations.com\/tr\/wp-json\/wp\/v2\/pages\/60\/revisions"}],"predecessor-version":[{"id":338,"href":"https:\/\/plt-innovations.com\/tr\/wp-json\/wp\/v2\/pages\/60\/revisions\/338"}],"wp:featuredmedia":[{"embeddable":true,"href":"https:\/\/plt-innovations.com\/tr\/wp-json\/wp\/v2\/media\/222"}],"wp:attachment":[{"href":"https:\/\/plt-innovations.com\/tr\/wp-json\/wp\/v2\/media?parent=60"}],"curies":[{"name":"wp","href":"https:\/\/api.w.org\/{rel}","templated":true}]}}