{"id":58,"date":"2025-11-27T04:42:02","date_gmt":"2025-11-27T04:42:02","guid":{"rendered":"https:\/\/plt.tanovis.linawang.se\/?page_id=58"},"modified":"2025-12-16T21:26:52","modified_gmt":"2025-12-16T21:26:52","slug":"collaboration","status":"publish","type":"page","link":"https:\/\/plt-innovations.com\/tr\/collaboration\/","title":{"rendered":"\u0130\u015fbirli\u011fi"},"content":{"rendered":"<section\n  class=\"tanovis_sub_hero  sub_hero--bg-medium none\"\n  >\n  <div class=\"hero__media\">\n        \n    <div class=\"hero__symbol-container none\">\n      <div class=\"hero__symbol\">\n              <\/div>\n    <\/div>\n  <\/div>\n\n  <div class=\"hero__content container\">\n          <h1 class=\"hero__title title-lg\">\u0130\u015fbirli\u011fi projeleri ve stratejik ittifaklar<\/h1>\n      <\/div>\n<\/section>\n\n\n<section class=\"text container wysiwyg\" >\n                                      <h2 class=\"text__title fade-up\">\n            Birlikte, zorluklar\u0131 f\u0131rsatlara, fikirleri ger\u00e7e\u011fe d\u00f6n\u00fc\u015ft\u00fcrebiliriz.          <\/h2>\n                                                  <div class=\"text__body fade-up\">\n            <p>Biyo-bazl\u0131 malzeme alan\u0131nda faaliyet g\u00f6steren \u00fcniversiteleri ve \u015firketleri bu heyecan verici yolculu\u011fa kat\u0131lmaya davet ediyoruz. Birlikte, zorluklar\u0131 f\u0131rsatlara, fikirleri ger\u00e7e\u011fe d\u00f6n\u00fc\u015ft\u00fcrebiliriz. Yenilik yapal\u0131m, i\u015fbirli\u011fi yapal\u0131m ve biyokimyasallarda s\u00fcrd\u00fcr\u00fclebilir bir gelece\u011fe do\u011fru \u00f6nc\u00fcl\u00fck edelim.<\/p>\n          <\/div>\n                    \n<\/section>\n\n\n<section class=\"marquee\" >\n      <h2 class=\"marquee__text title-xxl font-alt\">\n      A\u011eIMIZA KATILIN        <\/h2>\n  <\/section>\n\n\n<section id=\"tab-image-text-69ecb58c7f45d\"\n  class=\"tab-image-text container  bg-accent\" >\n  <div class=\"tab-image-text__title\">\n    <h2 class=\"tab-image-text__title-text title-lg animate-words\">Innosuisse \u2013 \u0130svi\u00e7re \u0130novasyon Ajans\u0131<\/h2>\n  <\/div>\n\n  <div class=\"tab-image-text__buttons fade\">\n                  <button class=\"tab-image-text__button\">\n          Proje numaras\u0131 48274.1 IP-EE        <\/button>\n              <button class=\"tab-image-text__button\">\n          Proje numaras\u0131 100.856.1 IP-EE        <\/button>\n            <\/div>\n\n  <div class=\"tab-image-text__tabs fade-up-delay-200\">\n                  <div class=\"tab-image-text__tab\">\n\n          <div class=\"tab-image-text__tab-content\">\n            <h3 class=\"tab-image-text__tab-title title-md\">Proje ba\u015fl\u0131\u011f\u0131 Lignin bazl\u0131 sert yal\u0131t\u0131m k\u00f6p\u00fc\u011f\u00fc<\/h3>\n            <div class=\"tab-image-text__content\"><p>Proje, bina yal\u0131t\u0131m\u0131nda kullan\u0131lmak \u00fczere y\u00fcksek performansl\u0131 lignin bazl\u0131 sert k\u00f6p\u00fck yal\u0131t\u0131m malzemelerinin \u00fcretimi i\u00e7in yeni bir malzeme teknolojisi ve uygun proses m\u00fchendisli\u011finin geli\u015ftirilmesini i\u00e7ermektedir.<\/p>\n<\/div>\n          <\/div>\n\n          <div class=\"tab-image-text__tab-image cutout aspect-ratio-4-3 cutout-top-left\">\n            <img decoding=\"async\" src=\"https:\/\/plt-innovations.com\/wp-content\/uploads\/sites\/4\/2025\/12\/PLT-Lab-16-9.jpg\" alt=\"\" \/>\n          <\/div>\n\n        <\/div>\n              <div class=\"tab-image-text__tab is-active\">\n\n          <div class=\"tab-image-text__tab-content\">\n            <h3 class=\"tab-image-text__tab-title title-md\">Proje ba\u015fl\u0131\u011f\u0131 Lignin-TPU: biyo-bazl\u0131, termoplastik poli\u00fcretanlar<\/h3>\n            <div class=\"tab-image-text__content\"><p>Lignin ve di\u011fer biyo-bazl\u0131 bile\u015fenlerin y\u00fcksek oranda bulundu\u011fu yeni bir termoplastik sistemin geli\u015ftirilmesi. Odak noktalar\u0131ndan biri, reaktif ekstr\u00fczyon kullanarak sistemin enerji verimli ve \u00e7evre dostu bir \u015fekilde \u00fcretilmesi i\u00e7in proses m\u00fchendisli\u011fi \u00e7\u00f6z\u00fcmlerinin geli\u015ftirilmesidir.<\/p>\n<\/div>\n          <\/div>\n\n          <div class=\"tab-image-text__tab-image cutout aspect-ratio-4-3 cutout-top-left\">\n            <img decoding=\"async\" src=\"https:\/\/plt-innovations.com\/wp-content\/uploads\/sites\/4\/2025\/12\/PLT-Hero.jpg\" alt=\"\" \/>\n          <\/div>\n\n        <\/div>\n            <\/div>\n<\/section>\n\n\n<section class=\"stacked-texts container  bg-medium\" id=\"collaborate\" >\n  <h2 class=\"stacked-texts__title body-md\">Biyo-bazl\u0131 malzeme end\u00fcstrisindeki ger\u00e7ek d\u00fcnya zorluklar\u0131n\u0131 a\u015fmak i\u00e7in en son bilimsel bulgular\u0131 kullan\u0131yoruz.<\/h2>\n  <div class=\"stacked-texts__inner\">\n            <div class=\"stacked-texts__section fade-up\">\n      <h3 class=\"stacked-texts__section-title title-md animate-words\">Uzman A\u011f\u0131:<\/h3>\n      <div class=\"stacked-texts__section-text body-md fade-up-delay-600\"><p>\u0130\u015fbirliklerimiz, akademi ve end\u00fcstriden en parlak beyinleri bir araya getirerek, fikir ve uzmanl\u0131klar\u0131n zengin bir \u015fekilde payla\u015f\u0131lmas\u0131n\u0131 sa\u011flar.<\/p>\n<\/div>\n    <\/div>\n        <div class=\"stacked-texts__section fade-up\">\n      <h3 class=\"stacked-texts__section-title title-md animate-words\">Yenilik\u00e7i \u00c7\u00f6z\u00fcmler: <\/h3>\n      <div class=\"stacked-texts__section-text body-md fade-up-delay-600\"><p>Biyo-bazl\u0131 malzeme end\u00fcstrisindeki ger\u00e7ek d\u00fcnya zorluklar\u0131n\u0131n \u00fcstesinden gelmek i\u00e7in en son bilimsel bulgular\u0131 ve teknolojik geli\u015fmeleri kullan\u0131yoruz.<\/p>\n<\/div>\n    <\/div>\n        <div class=\"stacked-texts__section fade-up\">\n      <h3 class=\"stacked-texts__section-title title-md animate-words\">S\u00fcrd\u00fcr\u00fclebilir Etki:<\/h3>\n      <div class=\"stacked-texts__section-text body-md fade-up-delay-600\"><p>S\u00fcrd\u00fcr\u00fclebilir uygulamalara ve etik standartlara ba\u011fl\u0131y\u0131z ve hem sekt\u00f6r hem de \u00e7evre \u00fczerinde olumlu bir etki yaratmay\u0131 hedefliyoruz.<\/p>\n<\/div>\n    <\/div>\n        <div class=\"stacked-texts__section fade-up\">\n      <h3 class=\"stacked-texts__section-title title-md animate-words\">\u00d6zelle\u015ftirilmi\u015f Ortakl\u0131klar:<\/h3>\n      <div class=\"stacked-texts__section-text body-md fade-up-delay-600\"><p>Her i\u015fbirli\u011finin benzersiz oldu\u011funu anlayarak, ortakl\u0131klar\u0131m\u0131z\u0131 i\u015fbirli\u011fi yapt\u0131\u011f\u0131m\u0131z taraflar\u0131n belirli hedef ve ihtiya\u00e7lar\u0131n\u0131 kar\u015f\u0131layacak \u015fekilde \u00f6zelle\u015ftiriyoruz.<\/p>\n<\/div>\n    <\/div>\n          <\/div>\n<\/section>\n\n\n<section class=\"hubspot-form container bg-accent\" id=\"Join\" >\n  <div class=\"hubspot-form__inner\">\n    <div class=\"hubspot-form__content\">\n      <h2 class=\"hubspot-form__title title-md\">Ortakl\u0131k kurmaya haz\u0131r m\u0131s\u0131n\u0131z? <\/h2>\n      <p class=\"hubspot-form__text body-md\">Daha s\u00fcrd\u00fcr\u00fclebilir bir gelecek i\u00e7in nas\u0131l birlikte \u00e7al\u0131\u015fabilece\u011fimiz hakk\u0131nda g\u00f6r\u00fc\u015fmek i\u00e7in bizimle ileti\u015fime ge\u00e7in.<\/p>\n    <\/div>\n          <style id=\"wpforms-css-vars-369\">\n\t\t\t\t#wpforms-369 {\n\t\t\t\t--wpforms-field-size-input-height: 43px;\n--wpforms-field-size-input-spacing: 15px;\n--wpforms-field-size-font-size: 16px;\n--wpforms-field-size-line-height: 19px;\n--wpforms-field-size-padding-h: 14px;\n--wpforms-field-size-checkbox-size: 16px;\n--wpforms-field-size-sublabel-spacing: 5px;\n--wpforms-field-size-icon-size: 1;\n--wpforms-label-size-font-size: 16px;\n--wpforms-label-size-line-height: 19px;\n--wpforms-label-size-sublabel-font-size: 14px;\n--wpforms-label-size-sublabel-line-height: 17px;\n--wpforms-button-size-font-size: 17px;\n--wpforms-button-size-height: 41px;\n--wpforms-button-size-padding-h: 15px;\n--wpforms-button-size-margin-top: 10px;\n--wpforms-container-shadow-size-box-shadow: none;\n\t\t\t}\n\t\t\t<\/style><div class=\"wpforms-container wpforms-container-full wpforms-render-modern\" id=\"wpforms-369\"><form id=\"wpforms-form-369\" class=\"wpforms-validate wpforms-form wpforms-ajax-form\" data-formid=\"369\" method=\"post\" enctype=\"multipart\/form-data\" action=\"\/tr\/wp-json\/wp\/v2\/pages\/58\" data-token=\"d5cfe6d5635383c3b8bee557c0e03d6e\" data-token-time=\"1777120652\" data-trp-original-action=\"\/tr\/wp-json\/wp\/v2\/pages\/58\"><noscript class=\"wpforms-error-noscript\">Bu formu bitirebilmek i\u00e7in taray\u0131c\u0131n\u0131zda JavaScript&#039;i etkinle\u015ftirin.<\/noscript><div id=\"wpforms-error-noscript\" style=\"display: none;\">Bu formu bitirebilmek i\u00e7in taray\u0131c\u0131n\u0131zda JavaScript&#039;i etkinle\u015ftirin.<\/div><div class=\"wpforms-field-container\"><div id=\"wpforms-369-field_1-container\" class=\"wpforms-field wpforms-field-name\" data-field-id=\"1\"><fieldset><legend class=\"wpforms-field-label\">Ad <span class=\"wpforms-required-label\" aria-hidden=\"true\">*<\/span><\/legend><div class=\"wpforms-field-row wpforms-field-medium\"><div class=\"wpforms-field-row-block wpforms-first wpforms-one-half\"><input type=\"text\" id=\"wpforms-369-field_1\" class=\"wpforms-field-name-first wpforms-field-required\" name=\"wpforms[fields][1][first]\" aria-errormessage=\"wpforms-369-field_1-error\" required><label for=\"wpforms-369-field_1\" class=\"wpforms-field-sublabel after\">Ad<\/label><\/div><div class=\"wpforms-field-row-block wpforms-one-half\"><input type=\"text\" id=\"wpforms-369-field_1-last\" class=\"wpforms-field-name-last wpforms-field-required\" name=\"wpforms[fields][1][last]\" aria-errormessage=\"wpforms-369-field_1-last-error\" required><label for=\"wpforms-369-field_1-last\" class=\"wpforms-field-sublabel after\">Soyad<\/label><\/div><\/div><\/fieldset><\/div><div id=\"wpforms-369-field_2-container\" class=\"wpforms-field wpforms-field-email\" data-field-id=\"2\"><label class=\"wpforms-field-label\" for=\"wpforms-369-field_2\">E-posta <span class=\"wpforms-required-label\" aria-hidden=\"true\">*<\/span><\/label><input type=\"email\" id=\"wpforms-369-field_2\" class=\"wpforms-field-medium wpforms-field-required\" name=\"wpforms[fields][2]\" spellcheck=\"false\" aria-errormessage=\"wpforms-369-field_2-error\" required><\/div>\t\t<div id=\"wpforms-369-field_4-container\"\n\t\t\tclass=\"wpforms-field wpforms-field-text\"\n\t\t\tdata-field-type=\"text\"\n\t\t\tdata-field-id=\"4\"\n\t\t\t>\n\t\t\t<label class=\"wpforms-field-label\" for=\"wpforms-369-field_4\" >Kurulu\u015f Ad\u0131 E-posta<\/label>\n\t\t\t<input type=\"text\" id=\"wpforms-369-field_4\" class=\"wpforms-field-medium\" name=\"wpforms[fields][4]\" >\n\t\t<\/div>\n\t\t<div id=\"wpforms-369-field_3-container\" class=\"wpforms-field wpforms-field-text\" data-field-id=\"3\"><label class=\"wpforms-field-label\" for=\"wpforms-369-field_3\">Organizasyon <span class=\"wpforms-required-label\" aria-hidden=\"true\">*<\/span><\/label><input type=\"text\" id=\"wpforms-369-field_3\" class=\"wpforms-field-medium wpforms-field-required\" name=\"wpforms[fields][3]\" aria-errormessage=\"wpforms-369-field_3-error\" required><\/div><script>\n\t\t\t\t( function() {\n\t\t\t\t\tconst style = document.createElement( 'style' );\n\t\t\t\t\tstyle.appendChild( document.createTextNode( '#wpforms-369-field_4-container { position: absolute !important; overflow: hidden !important; display: inline !important; height: 1px !important; width: 1px !important; z-index: -1000 !important; padding: 0 !important; } #wpforms-369-field_4-container input { visibility: hidden; } #wpforms-conversational-form-page #wpforms-369-field_4-container label { counter-increment: none; }' ) );\n\t\t\t\t\tdocument.head.appendChild( style );\n\t\t\t\t\tdocument.currentScript?.remove();\n\t\t\t\t} )();\n\t\t\t<\/script><\/div><!-- .wpforms-field-container --><div class=\"wpforms-submit-container\" ><input type=\"hidden\" name=\"wpforms[id]\" value=\"369\"><input type=\"hidden\" name=\"page_title\" value=\"\"><input type=\"hidden\" name=\"page_url\" value=\"https:\/\/plt-innovations.com\/tr\/wp-json\/wp\/v2\/pages\/58\"><input type=\"hidden\" name=\"url_referer\" value=\"\"><button type=\"submit\" name=\"wpforms[submit]\" id=\"wpforms-submit-369\" class=\"wpforms-submit\" data-alt-text=\"Sending...\" data-submit-text=\"Submit\" aria-live=\"assertive\" value=\"wpforms-submit\">G\u00f6nder<\/button><img loading=\"lazy\" decoding=\"async\" src=\"https:\/\/plt-innovations.com\/wp-content\/plugins\/wpforms\/assets\/images\/submit-spin.svg\" class=\"wpforms-submit-spinner\" style=\"display: none;\" width=\"26\" height=\"26\" alt=\"Y\u00fckleniyor\"><\/div><input type=\"hidden\" name=\"trp-form-language\" value=\"tr\"\/><\/form><\/div>  <!-- .wpforms-container -->\n      <\/div>\n<\/section>\n\n\n<section class=\"text container wysiwyg\" >\n  \n<\/section>","protected":false},"excerpt":{"rendered":"","protected":false},"author":1,"featured_media":223,"parent":0,"menu_order":0,"comment_status":"closed","ping_status":"closed","template":"","meta":{"_acf_changed":false,"content-type":"","footnotes":""},"class_list":["post-58","page","type-page","status-publish","has-post-thumbnail","hentry"],"acf":[],"yoast_head":"<!-- This site is optimized with the Yoast SEO plugin v26.6 - https:\/\/yoast.com\/wordpress\/plugins\/seo\/ -->\n<title>Collaboration - PLT<\/title>\n<meta name=\"description\" content=\"Explore collaboration opportunities with PLT Innovations \u2014 connect with us to co-create meaningful, sustainable solutions and real impact together.\" \/>\n<meta name=\"robots\" content=\"index, follow, max-snippet:-1, max-image-preview:large, max-video-preview:-1\" \/>\n<link rel=\"canonical\" href=\"https:\/\/plt-innovations.com\/tr\/collaboration\/\" \/>\n<meta property=\"og:locale\" content=\"tr_TR\" \/>\n<meta property=\"og:type\" content=\"article\" \/>\n<meta property=\"og:title\" content=\"Collaboration - PLT\" \/>\n<meta property=\"og:description\" content=\"Explore collaboration opportunities with PLT Innovations \u2014 connect with us to co-create meaningful, sustainable solutions and real impact together.\" \/>\n<meta property=\"og:url\" content=\"https:\/\/plt-innovations.com\/tr\/collaboration\/\" \/>\n<meta property=\"og:site_name\" content=\"PLT\" \/>\n<meta property=\"article:modified_time\" content=\"2025-12-16T21:26:52+00:00\" \/>\n<meta property=\"og:image\" content=\"https:\/\/plt-innovations.com\/wp-content\/uploads\/sites\/4\/2025\/12\/Meta-image-Responsibility.jpg\" \/>\n\t<meta property=\"og:image:width\" content=\"1024\" \/>\n\t<meta property=\"og:image:height\" content=\"768\" \/>\n\t<meta property=\"og:image:type\" content=\"image\/jpeg\" \/>\n<meta name=\"twitter:card\" content=\"summary_large_image\" \/>\n<meta name=\"twitter:label1\" content=\"Tahmini okuma s\u00fcresi\" \/>\n\t<meta name=\"twitter:data1\" content=\"2 dakika\" \/>\n<script type=\"application\/ld+json\" class=\"yoast-schema-graph\">{\"@context\":\"https:\/\/schema.org\",\"@graph\":[{\"@type\":\"WebPage\",\"@id\":\"https:\/\/plt-innovations.com\/collaboration\/\",\"url\":\"https:\/\/plt-innovations.com\/collaboration\/\",\"name\":\"Collaboration - PLT\",\"isPartOf\":{\"@id\":\"https:\/\/plt-innovations.com\/#website\"},\"primaryImageOfPage\":{\"@id\":\"https:\/\/plt-innovations.com\/collaboration\/#primaryimage\"},\"image\":{\"@id\":\"https:\/\/plt-innovations.com\/collaboration\/#primaryimage\"},\"thumbnailUrl\":\"https:\/\/plt-innovations.com\/wp-content\/uploads\/sites\/4\/2025\/12\/Meta-image-Responsibility.jpg\",\"datePublished\":\"2025-11-27T04:42:02+00:00\",\"dateModified\":\"2025-12-16T21:26:52+00:00\",\"description\":\"Explore collaboration opportunities with PLT Innovations \u2014 connect with us to co-create meaningful, sustainable solutions and real impact together.\",\"breadcrumb\":{\"@id\":\"https:\/\/plt-innovations.com\/collaboration\/#breadcrumb\"},\"inLanguage\":\"tr\",\"potentialAction\":[{\"@type\":\"ReadAction\",\"target\":[\"https:\/\/plt-innovations.com\/collaboration\/\"]}]},{\"@type\":\"ImageObject\",\"inLanguage\":\"tr\",\"@id\":\"https:\/\/plt-innovations.com\/collaboration\/#primaryimage\",\"url\":\"https:\/\/plt-innovations.com\/wp-content\/uploads\/sites\/4\/2025\/12\/Meta-image-Responsibility.jpg\",\"contentUrl\":\"https:\/\/plt-innovations.com\/wp-content\/uploads\/sites\/4\/2025\/12\/Meta-image-Responsibility.jpg\",\"width\":1024,\"height\":768},{\"@type\":\"BreadcrumbList\",\"@id\":\"https:\/\/plt-innovations.com\/collaboration\/#breadcrumb\",\"itemListElement\":[{\"@type\":\"ListItem\",\"position\":1,\"name\":\"Home\",\"item\":\"https:\/\/plt-innovations.com\/\"},{\"@type\":\"ListItem\",\"position\":2,\"name\":\"Collaboration\"}]},{\"@type\":\"WebSite\",\"@id\":\"https:\/\/plt-innovations.com\/#website\",\"url\":\"https:\/\/plt-innovations.com\/\",\"name\":\"PLT\",\"description\":\"Pure ligning technology\",\"potentialAction\":[{\"@type\":\"SearchAction\",\"target\":{\"@type\":\"EntryPoint\",\"urlTemplate\":\"https:\/\/plt-innovations.com\/?s={search_term_string}\"},\"query-input\":{\"@type\":\"PropertyValueSpecification\",\"valueRequired\":true,\"valueName\":\"search_term_string\"}}],\"inLanguage\":\"tr\"}]}<\/script>\n<!-- \/ Yoast SEO plugin. -->","yoast_head_json":{"title":"Collaboration - PLT","description":"Explore collaboration opportunities with PLT Innovations \u2014 connect with us to co-create meaningful, sustainable solutions and real impact together.","robots":{"index":"index","follow":"follow","max-snippet":"max-snippet:-1","max-image-preview":"max-image-preview:large","max-video-preview":"max-video-preview:-1"},"canonical":"https:\/\/plt-innovations.com\/tr\/collaboration\/","og_locale":"tr_TR","og_type":"article","og_title":"Collaboration - PLT","og_description":"Explore collaboration opportunities with PLT Innovations \u2014 connect with us to co-create meaningful, sustainable solutions and real impact together.","og_url":"https:\/\/plt-innovations.com\/tr\/collaboration\/","og_site_name":"PLT","article_modified_time":"2025-12-16T21:26:52+00:00","og_image":[{"width":1024,"height":768,"url":"https:\/\/plt-innovations.com\/wp-content\/uploads\/sites\/4\/2025\/12\/Meta-image-Responsibility.jpg","type":"image\/jpeg"}],"twitter_card":"summary_large_image","twitter_misc":{"Tahmini okuma s\u00fcresi":"2 dakika"},"schema":{"@context":"https:\/\/schema.org","@graph":[{"@type":"WebPage","@id":"https:\/\/plt-innovations.com\/collaboration\/","url":"https:\/\/plt-innovations.com\/collaboration\/","name":"Collaboration - PLT","isPartOf":{"@id":"https:\/\/plt-innovations.com\/#website"},"primaryImageOfPage":{"@id":"https:\/\/plt-innovations.com\/collaboration\/#primaryimage"},"image":{"@id":"https:\/\/plt-innovations.com\/collaboration\/#primaryimage"},"thumbnailUrl":"https:\/\/plt-innovations.com\/wp-content\/uploads\/sites\/4\/2025\/12\/Meta-image-Responsibility.jpg","datePublished":"2025-11-27T04:42:02+00:00","dateModified":"2025-12-16T21:26:52+00:00","description":"Explore collaboration opportunities with PLT Innovations \u2014 connect with us to co-create meaningful, sustainable solutions and real impact together.","breadcrumb":{"@id":"https:\/\/plt-innovations.com\/collaboration\/#breadcrumb"},"inLanguage":"tr","potentialAction":[{"@type":"ReadAction","target":["https:\/\/plt-innovations.com\/collaboration\/"]}]},{"@type":"ImageObject","inLanguage":"tr","@id":"https:\/\/plt-innovations.com\/collaboration\/#primaryimage","url":"https:\/\/plt-innovations.com\/wp-content\/uploads\/sites\/4\/2025\/12\/Meta-image-Responsibility.jpg","contentUrl":"https:\/\/plt-innovations.com\/wp-content\/uploads\/sites\/4\/2025\/12\/Meta-image-Responsibility.jpg","width":1024,"height":768},{"@type":"BreadcrumbList","@id":"https:\/\/plt-innovations.com\/collaboration\/#breadcrumb","itemListElement":[{"@type":"ListItem","position":1,"name":"Home","item":"https:\/\/plt-innovations.com\/"},{"@type":"ListItem","position":2,"name":"Collaboration"}]},{"@type":"WebSite","@id":"https:\/\/plt-innovations.com\/#website","url":"https:\/\/plt-innovations.com\/","name":"PLT","description":"Pure ligning technology","potentialAction":[{"@type":"SearchAction","target":{"@type":"EntryPoint","urlTemplate":"https:\/\/plt-innovations.com\/?s={search_term_string}"},"query-input":{"@type":"PropertyValueSpecification","valueRequired":true,"valueName":"search_term_string"}}],"inLanguage":"tr"}]}},"_links":{"self":[{"href":"https:\/\/plt-innovations.com\/tr\/wp-json\/wp\/v2\/pages\/58","targetHints":{"allow":["GET"]}}],"collection":[{"href":"https:\/\/plt-innovations.com\/tr\/wp-json\/wp\/v2\/pages"}],"about":[{"href":"https:\/\/plt-innovations.com\/tr\/wp-json\/wp\/v2\/types\/page"}],"author":[{"embeddable":true,"href":"https:\/\/plt-innovations.com\/tr\/wp-json\/wp\/v2\/users\/1"}],"replies":[{"embeddable":true,"href":"https:\/\/plt-innovations.com\/tr\/wp-json\/wp\/v2\/comments?post=58"}],"version-history":[{"count":13,"href":"https:\/\/plt-innovations.com\/tr\/wp-json\/wp\/v2\/pages\/58\/revisions"}],"predecessor-version":[{"id":372,"href":"https:\/\/plt-innovations.com\/tr\/wp-json\/wp\/v2\/pages\/58\/revisions\/372"}],"wp:featuredmedia":[{"embeddable":true,"href":"https:\/\/plt-innovations.com\/tr\/wp-json\/wp\/v2\/media\/223"}],"wp:attachment":[{"href":"https:\/\/plt-innovations.com\/tr\/wp-json\/wp\/v2\/media?parent=58"}],"curies":[{"name":"wp","href":"https:\/\/api.w.org\/{rel}","templated":true}]}}