{"id":2,"date":"2025-11-18T09:50:54","date_gmt":"2025-11-18T09:50:54","guid":{"rendered":"http:\/\/plt.tanovis.linawang.se\/?page_id=2"},"modified":"2025-12-22T17:34:45","modified_gmt":"2025-12-22T17:34:45","slug":"sample-page","status":"publish","type":"page","link":"https:\/\/plt-innovations.com\/tr\/","title":{"rendered":"PLT"},"content":{"rendered":"<section class=\"tanovis_hero  bg-medium\" >\n  <div class=\"hero__media\">\n          <video class=\"hero__video\" src=\"https:\/\/plt-innovations.com\/wp-content\/uploads\/sites\/4\/2025\/12\/tanovis_powder_A.mp4\" autoplay muted loop playsinline><\/video>\n              <img decoding=\"async\" class=\"hero__bg\" src=\"https:\/\/plt-innovations.com\/wp-content\/uploads\/sites\/4\/2025\/12\/PLT-color-16-9-1.jpg\" alt=\"\" \/>\n    \n    <div class=\"hero__symbol-container\">\n          <\/div>\n  <\/div>\n\n  <div class=\"hero__content container\">\n          <h3 class=\"hero__eyebrow body-sm\">Lignin uygulamalar\u0131<\/h3>\n    \n          <h1 class=\"hero__title title-lg\">End\u00fcstriyel kullan\u0131m i\u00e7in geli\u015fmi\u015f \u00f6zel malzemeler.<br \/>\r\n<\/h1>\n    \n    \n  <\/div>\n<\/section>\n\n\n<section class=\"text container wysiwyg\" >\n                                      <h2 class=\"text__title fade-up\">\n            Odak noktam\u0131z, zorlu end\u00fcstriyel uygulamalarda fosil bazl\u0131 malzemelerin yerini alabilen ve onlardan daha \u00fcst\u00fcn performans g\u00f6steren, y\u00fcksek de\u011ferli bir biyopolimer olan lignindir.          <\/h2>\n                    \n<\/section>\n\n\n<section class=\"gallery  bg-default\" >\n  <div class=\"gallery__images layout-three\">\n          <div class=\"grid-item\">\n        <div class=\"image-1 cutout cutout-image aspect-ratio-16-9 cutout-top-right\" data-speed=\"1.1\">\n          <img decoding=\"async\" src=\"https:\/\/plt-innovations.com\/wp-content\/uploads\/sites\/4\/2025\/12\/Lignin-4-3-a.jpg\" alt=\"\" data-speed=\"1.1\">\n        <\/div>\n        <h3 class=\"gallery__text title-md\" data-speed=\"1.1\">\n          \u00c7e\u015fitli uygulamalarda petrokimyasallar\u0131n kullan\u0131m\u0131n\u0131 en aza indirgemek ve bunlar\u0131 yenilenebilir, biyo-bazl\u0131 alternatiflerle de\u011fi\u015ftirmek.         <\/h3>\n        <div class=\"image-2 cutout cutout-image aspect-ratio-16-9 cutout-top-right\" data-speed=\"1.3\">\n          <img decoding=\"async\" src=\"https:\/\/plt-innovations.com\/wp-content\/uploads\/sites\/4\/2025\/12\/PLT-Lab-16-9.jpg\" alt=\"\" data-speed=\"0.9\">\n        <\/div>\n      <\/div>\n\n      <div class=\"grid-item\" data-speed=\"0.9\">\n        <div class=\"image-3 cutout cutout-image aspect-ratio-16-9 cutout-top-right\">\n          <img decoding=\"async\" src=\"https:\/\/plt-innovations.com\/wp-content\/uploads\/sites\/4\/2025\/12\/PLT-industri-grey-16-9.jpg\" alt=\"\" data-speed=\"0.9\">\n        <\/div>\n        <div class=\"image-4 cutout cutout-image aspect-ratio-3-4 cutout-top-right\">\n          <img decoding=\"async\" src=\"https:\/\/plt-innovations.com\/wp-content\/uploads\/sites\/4\/2025\/12\/PLT-industri-3-4.jpg\" alt=\"\" data-speed=\"1.1\">\n        <\/div>\n      <\/div>\n\n\n      <\/div>\n\n  <\/section>\n\n\n<section class=\"text container wysiwyg\" >\n  \n<\/section>\n\n\n<section class=\"text-columns container  bg-medium\" >\n  <div class=\"text-columns__inner\">\n    <div class=\"text-columns__col-title\">\n      <h2 class=\"title-md\">Toplam karbon ayak izini \u00f6nemli \u00f6l\u00e7\u00fcde azaltarak sorumlu davran\u0131\u015flar sergilemek.<\/h2>\n    <\/div>\n    <div><\/div>\n    <div class=\"text-columns__col-1 fade-up-delay-200\">\n      <p><span style=\"font-weight: 400;\">Yenilenebilir ve geri d\u00f6n\u00fc\u015ft\u00fcr\u00fclm\u00fc\u015f hammaddelerin oran\u0131n\u0131 art\u0131rmak ve yeniden kullan\u0131m f\u0131rsatlar\u0131n\u0131 ara\u015ft\u0131rmak istiyoruz. Hammaddemiz, aksi takdirde genellikle yak\u0131lacak olan tar\u0131msal at\u0131klardan elde edilmektedir. Bu t\u00fcr hammaddelerin kullan\u0131lmas\u0131, karbon ayak izini \u00f6nemli \u00f6l\u00e7\u00fcde azaltmaktad\u0131r.<\/span><\/p>\n    <\/div>\n    <div class=\"text-columns__col-2 fade-up-delay-600\">\n      <p><span style=\"font-weight: 400;\">Yakla\u015f\u0131m\u0131m\u0131z, ak\u0131ll\u0131 tasar\u0131m ve \u00fcr\u00fcnlerin kullan\u0131m\u0131yla birlikte de\u011fer zinciri boyunca kaynak verimlili\u011fini vurgulamaktad\u0131r. \u00c7e\u015fitli uygulamalarda ve t\u00fcketim mallar\u0131nda petrokimyasallar\u0131n kullan\u0131m\u0131n\u0131 en aza indirerek ve bunlar\u0131 yenilenebilir enerji kaynaklar\u0131yla de\u011fi\u015ftirerek, toplam karbon ayak izini \u00f6nemli \u00f6l\u00e7\u00fcde azalt\u0131yoruz. Bu yakla\u015f\u0131m ayn\u0131 zamanda \u00e7evresel etkiyi de azaltmaktad\u0131r.<\/span><\/p>\n    <\/div>\n          <div class=\"text-columns__link fade-up\">\n            <a href=\"https:\/\/plt-innovations.com\/tr\/products\/\" class=\"link\" >\n      \u00dcr\u00fcnlerimizi ke\u015ffedin <span class=\"link__arrow\"><svg width=\"14\" height=\"17\" viewbox=\"0 0 14 17\" fill=\"none\"\n          xmlns=\"http:\/\/www.w3.org\/2000\/svg\">\n          <path d=\"M0 17V0L14 8.5L0 17Z\" fill=\"currentColor\" \/>\n        <\/svg>\n      <\/span>\n    <\/a>\n      <\/div>\n      <\/div>\n<\/section>\n\n\n<section class=\"text container wysiwyg\" >\n                              <div class=\"text__table fade-up\">\n                          <div class=\"text__table-column\">\n                                                  <p class=\"text__table-header body-md\">ORTAK TEMEL\u0130M\u0130Z \u2013 YEN\u0130LENEB\u0130L\u0130R Hammadde<\/p>\n                                              <\/div>\n                      <\/div>\n                                                  <div class=\"text__image fade-up\">\n            <img loading=\"lazy\" decoding=\"async\" width=\"1920\" height=\"580\" src=\"https:\/\/plt-innovations.com\/wp-content\/uploads\/sites\/4\/2025\/12\/Our-base-model-white.jpg\" class=\"text__image-img\" alt=\"\" srcset=\"https:\/\/plt-innovations.com\/wp-content\/uploads\/sites\/4\/2025\/12\/Our-base-model-white.jpg 1920w, https:\/\/plt-innovations.com\/wp-content\/uploads\/sites\/4\/2025\/12\/Our-base-model-white-300x91.jpg 300w, https:\/\/plt-innovations.com\/wp-content\/uploads\/sites\/4\/2025\/12\/Our-base-model-white-1024x309.jpg 1024w, https:\/\/plt-innovations.com\/wp-content\/uploads\/sites\/4\/2025\/12\/Our-base-model-white-768x232.jpg 768w, https:\/\/plt-innovations.com\/wp-content\/uploads\/sites\/4\/2025\/12\/Our-base-model-white-1536x464.jpg 1536w\" sizes=\"auto, (max-width: 1920px) 100vw, 1920px\" \/>          <\/div>\n                    \n<\/section>","protected":false},"excerpt":{"rendered":"","protected":false},"author":1,"featured_media":224,"parent":0,"menu_order":0,"comment_status":"closed","ping_status":"open","template":"","meta":{"_acf_changed":false,"content-type":"","footnotes":""},"class_list":["post-2","page","type-page","status-publish","has-post-thumbnail","hentry"],"acf":[],"yoast_head":"<!-- This site is optimized with the Yoast SEO plugin v26.6 - https:\/\/yoast.com\/wordpress\/plugins\/seo\/ -->\n<title>PLT - PLT<\/title>\n<meta name=\"description\" content=\"Welcome to PLT Innovations \u2014 where science meets sustainability. Discover how we build applications that matter and connect with people and partners making real impact.\" \/>\n<meta name=\"robots\" content=\"index, follow, max-snippet:-1, max-image-preview:large, max-video-preview:-1\" \/>\n<link rel=\"canonical\" href=\"https:\/\/plt-innovations.com\/tr\/\" \/>\n<meta property=\"og:locale\" content=\"tr_TR\" \/>\n<meta property=\"og:type\" content=\"article\" \/>\n<meta property=\"og:title\" content=\"PLT - PLT\" \/>\n<meta property=\"og:description\" content=\"Welcome to PLT Innovations \u2014 where science meets sustainability. Discover how we build applications that matter and connect with people and partners making real impact.\" \/>\n<meta property=\"og:url\" content=\"https:\/\/plt-innovations.com\/tr\/\" \/>\n<meta property=\"og:site_name\" content=\"PLT\" \/>\n<meta property=\"article:modified_time\" content=\"2025-12-22T17:34:45+00:00\" \/>\n<meta property=\"og:image\" content=\"https:\/\/plt-innovations.com\/wp-content\/uploads\/sites\/4\/2025\/12\/Meta-image-what-we-do.jpg\" \/>\n\t<meta property=\"og:image:width\" content=\"1024\" \/>\n\t<meta property=\"og:image:height\" content=\"768\" \/>\n\t<meta property=\"og:image:type\" content=\"image\/jpeg\" \/>\n<meta name=\"twitter:card\" content=\"summary_large_image\" \/>\n<meta name=\"twitter:label1\" content=\"Tahmini okuma s\u00fcresi\" \/>\n\t<meta name=\"twitter:data1\" content=\"3 dakika\" \/>\n<script type=\"application\/ld+json\" class=\"yoast-schema-graph\">{\"@context\":\"https:\/\/schema.org\",\"@graph\":[{\"@type\":\"WebPage\",\"@id\":\"https:\/\/plt-innovations.com\/\",\"url\":\"https:\/\/plt-innovations.com\/\",\"name\":\"PLT - PLT\",\"isPartOf\":{\"@id\":\"https:\/\/plt-innovations.com\/#website\"},\"primaryImageOfPage\":{\"@id\":\"https:\/\/plt-innovations.com\/#primaryimage\"},\"image\":{\"@id\":\"https:\/\/plt-innovations.com\/#primaryimage\"},\"thumbnailUrl\":\"https:\/\/plt-innovations.com\/wp-content\/uploads\/sites\/4\/2025\/12\/Meta-image-what-we-do.jpg\",\"datePublished\":\"2025-11-18T09:50:54+00:00\",\"dateModified\":\"2025-12-22T17:34:45+00:00\",\"description\":\"Welcome to PLT Innovations \u2014 where science meets sustainability. Discover how we build applications that matter and connect with people and partners making real impact.\",\"breadcrumb\":{\"@id\":\"https:\/\/plt-innovations.com\/#breadcrumb\"},\"inLanguage\":\"tr\",\"potentialAction\":[{\"@type\":\"ReadAction\",\"target\":[\"https:\/\/plt-innovations.com\/\"]}]},{\"@type\":\"ImageObject\",\"inLanguage\":\"tr\",\"@id\":\"https:\/\/plt-innovations.com\/#primaryimage\",\"url\":\"https:\/\/plt-innovations.com\/wp-content\/uploads\/sites\/4\/2025\/12\/Meta-image-what-we-do.jpg\",\"contentUrl\":\"https:\/\/plt-innovations.com\/wp-content\/uploads\/sites\/4\/2025\/12\/Meta-image-what-we-do.jpg\",\"width\":1024,\"height\":768},{\"@type\":\"BreadcrumbList\",\"@id\":\"https:\/\/plt-innovations.com\/#breadcrumb\",\"itemListElement\":[{\"@type\":\"ListItem\",\"position\":1,\"name\":\"Home\",\"item\":\"https:\/\/plt-innovations.com\/\"},{\"@type\":\"ListItem\",\"position\":2,\"name\":\"PLT\"}]},{\"@type\":\"WebSite\",\"@id\":\"https:\/\/plt-innovations.com\/#website\",\"url\":\"https:\/\/plt-innovations.com\/\",\"name\":\"PLT\",\"description\":\"Pure ligning technology\",\"potentialAction\":[{\"@type\":\"SearchAction\",\"target\":{\"@type\":\"EntryPoint\",\"urlTemplate\":\"https:\/\/plt-innovations.com\/?s={search_term_string}\"},\"query-input\":{\"@type\":\"PropertyValueSpecification\",\"valueRequired\":true,\"valueName\":\"search_term_string\"}}],\"inLanguage\":\"tr\"}]}<\/script>\n<!-- \/ Yoast SEO plugin. -->","yoast_head_json":{"title":"PLT - PLT","description":"Welcome to PLT Innovations \u2014 where science meets sustainability. Discover how we build applications that matter and connect with people and partners making real impact.","robots":{"index":"index","follow":"follow","max-snippet":"max-snippet:-1","max-image-preview":"max-image-preview:large","max-video-preview":"max-video-preview:-1"},"canonical":"https:\/\/plt-innovations.com\/tr\/","og_locale":"tr_TR","og_type":"article","og_title":"PLT - PLT","og_description":"Welcome to PLT Innovations \u2014 where science meets sustainability. Discover how we build applications that matter and connect with people and partners making real impact.","og_url":"https:\/\/plt-innovations.com\/tr\/","og_site_name":"PLT","article_modified_time":"2025-12-22T17:34:45+00:00","og_image":[{"width":1024,"height":768,"url":"https:\/\/plt-innovations.com\/wp-content\/uploads\/sites\/4\/2025\/12\/Meta-image-what-we-do.jpg","type":"image\/jpeg"}],"twitter_card":"summary_large_image","twitter_misc":{"Tahmini okuma s\u00fcresi":"3 dakika"},"schema":{"@context":"https:\/\/schema.org","@graph":[{"@type":"WebPage","@id":"https:\/\/plt-innovations.com\/","url":"https:\/\/plt-innovations.com\/","name":"PLT - PLT","isPartOf":{"@id":"https:\/\/plt-innovations.com\/#website"},"primaryImageOfPage":{"@id":"https:\/\/plt-innovations.com\/#primaryimage"},"image":{"@id":"https:\/\/plt-innovations.com\/#primaryimage"},"thumbnailUrl":"https:\/\/plt-innovations.com\/wp-content\/uploads\/sites\/4\/2025\/12\/Meta-image-what-we-do.jpg","datePublished":"2025-11-18T09:50:54+00:00","dateModified":"2025-12-22T17:34:45+00:00","description":"Welcome to PLT Innovations \u2014 where science meets sustainability. Discover how we build applications that matter and connect with people and partners making real impact.","breadcrumb":{"@id":"https:\/\/plt-innovations.com\/#breadcrumb"},"inLanguage":"tr","potentialAction":[{"@type":"ReadAction","target":["https:\/\/plt-innovations.com\/"]}]},{"@type":"ImageObject","inLanguage":"tr","@id":"https:\/\/plt-innovations.com\/#primaryimage","url":"https:\/\/plt-innovations.com\/wp-content\/uploads\/sites\/4\/2025\/12\/Meta-image-what-we-do.jpg","contentUrl":"https:\/\/plt-innovations.com\/wp-content\/uploads\/sites\/4\/2025\/12\/Meta-image-what-we-do.jpg","width":1024,"height":768},{"@type":"BreadcrumbList","@id":"https:\/\/plt-innovations.com\/#breadcrumb","itemListElement":[{"@type":"ListItem","position":1,"name":"Home","item":"https:\/\/plt-innovations.com\/"},{"@type":"ListItem","position":2,"name":"PLT"}]},{"@type":"WebSite","@id":"https:\/\/plt-innovations.com\/#website","url":"https:\/\/plt-innovations.com\/","name":"PLT","description":"Pure ligning technology","potentialAction":[{"@type":"SearchAction","target":{"@type":"EntryPoint","urlTemplate":"https:\/\/plt-innovations.com\/?s={search_term_string}"},"query-input":{"@type":"PropertyValueSpecification","valueRequired":true,"valueName":"search_term_string"}}],"inLanguage":"tr"}]}},"_links":{"self":[{"href":"https:\/\/plt-innovations.com\/tr\/wp-json\/wp\/v2\/pages\/2","targetHints":{"allow":["GET"]}}],"collection":[{"href":"https:\/\/plt-innovations.com\/tr\/wp-json\/wp\/v2\/pages"}],"about":[{"href":"https:\/\/plt-innovations.com\/tr\/wp-json\/wp\/v2\/types\/page"}],"author":[{"embeddable":true,"href":"https:\/\/plt-innovations.com\/tr\/wp-json\/wp\/v2\/users\/1"}],"replies":[{"embeddable":true,"href":"https:\/\/plt-innovations.com\/tr\/wp-json\/wp\/v2\/comments?post=2"}],"version-history":[{"count":47,"href":"https:\/\/plt-innovations.com\/tr\/wp-json\/wp\/v2\/pages\/2\/revisions"}],"predecessor-version":[{"id":394,"href":"https:\/\/plt-innovations.com\/tr\/wp-json\/wp\/v2\/pages\/2\/revisions\/394"}],"wp:featuredmedia":[{"embeddable":true,"href":"https:\/\/plt-innovations.com\/tr\/wp-json\/wp\/v2\/media\/224"}],"wp:attachment":[{"href":"https:\/\/plt-innovations.com\/tr\/wp-json\/wp\/v2\/media?parent=2"}],"curies":[{"name":"wp","href":"https:\/\/api.w.org\/{rel}","templated":true}]}}