{"id":62,"date":"2025-11-27T04:43:48","date_gmt":"2025-11-27T04:43:48","guid":{"rendered":"https:\/\/plt.tanovis.linawang.se\/?page_id=62"},"modified":"2025-12-16T21:24:08","modified_gmt":"2025-12-16T21:24:08","slug":"about-us","status":"publish","type":"page","link":"https:\/\/plt-innovations.com\/pt\/about-us\/","title":{"rendered":"Sobre n\u00f3s"},"content":{"rendered":"<section\n  class=\"tanovis_sub_hero  sub_hero--bg-medium none\"\n  >\n  <div class=\"hero__media\">\n        \n    <div class=\"hero__symbol-container none\">\n      <div class=\"hero__symbol\">\n              <\/div>\n    <\/div>\n  <\/div>\n\n  <div class=\"hero__content container\">\n          <h1 class=\"hero__title title-lg\">Transformando biomassa em produtos valiosos<\/h1>\n      <\/div>\n<\/section>\n\n\n<section class=\"text container wysiwyg\" >\n                                      <h2 class=\"text__title fade-up\">\n            Com mais de 15 anos de experi\u00eancia na transforma\u00e7\u00e3o de biomassa em produtos valiosos e como parte do Grupo Tanovis, ajudamos os fabricantes a acelerar sua transi\u00e7\u00e3o para uma produ\u00e7\u00e3o circular e de baixo carbono, fornecendo solu\u00e7\u00f5es de lignina de alta pureza prontas para uso, projetadas para condi\u00e7\u00f5es industriais reais.          <\/h2>\n                    \n<\/section>\n\n\n<section class=\"text container wysiwyg\" id=\"Tanovis\" >\n                                      <div class=\"text__image fade-up\">\n            <img loading=\"lazy\" decoding=\"async\" width=\"800\" height=\"400\" src=\"https:\/\/plt-innovations.com\/wp-content\/uploads\/sites\/4\/2025\/12\/PLT-i-symbol-400.png\" class=\"text__image-img\" alt=\"\" srcset=\"https:\/\/plt-innovations.com\/wp-content\/uploads\/sites\/4\/2025\/12\/PLT-i-symbol-400.png 800w, https:\/\/plt-innovations.com\/wp-content\/uploads\/sites\/4\/2025\/12\/PLT-i-symbol-400-300x150.png 300w, https:\/\/plt-innovations.com\/wp-content\/uploads\/sites\/4\/2025\/12\/PLT-i-symbol-400-768x384.png 768w\" sizes=\"auto, (max-width: 800px) 100vw, 800px\" \/>          <\/div>\n                                                  <h2 class=\"text__title fade-up\">\n            Parte do grupo Tanovis          <\/h2>\n                                                  <div class=\"text__body fade-up\">\n            <p><span style=\"font-weight: 400\">A PLT \u00e9 uma empresa do Grupo Tanovis, um grupo em expans\u00e3o de empreendimentos que transforma o potencial cient\u00edfico da lignina em resultados tang\u00edveis. Cada empreendimento amplia a plataforma de lignina da Tanovis para um novo campo, aplicando a mesma tecnologia central de maneiras que melhoram a sa\u00fade animal, aprimoram o desempenho dos materiais e aumentam o bem-estar humano. <\/span><span style=\"font-weight: 400\">O trabalho pioneiro da Tanovis com pol\u00edmeros \u00e0 base de plantas constitui a base cient\u00edfica do nosso pr\u00f3prio desenvolvimento, proporcionando-nos uma plataforma comprovada para promover a inova\u00e7\u00e3o e a ci\u00eancia dos materiais com confian\u00e7a.<\/span><\/p>\n<p>&nbsp;<\/p>\n<p>&nbsp;<\/p>\n          <\/div>\n                                                  <div class=\"text__image fade-up\">\n            <img loading=\"lazy\" decoding=\"async\" width=\"800\" height=\"242\" src=\"https:\/\/plt-innovations.com\/wp-content\/uploads\/sites\/4\/2025\/12\/Tanovis-Group-colors-800-1.jpg\" class=\"text__image-img\" alt=\"\" srcset=\"https:\/\/plt-innovations.com\/wp-content\/uploads\/sites\/4\/2025\/12\/Tanovis-Group-colors-800-1.jpg 800w, https:\/\/plt-innovations.com\/wp-content\/uploads\/sites\/4\/2025\/12\/Tanovis-Group-colors-800-1-300x91.jpg 300w, https:\/\/plt-innovations.com\/wp-content\/uploads\/sites\/4\/2025\/12\/Tanovis-Group-colors-800-1-768x232.jpg 768w\" sizes=\"auto, (max-width: 800px) 100vw, 800px\" \/>          <\/div>\n                    \n<\/section>\n\n\n<section class=\"timeline container  bg-default\" id=\"background\" >\n  <h2 class=\"timeline__title\">Nossa hist\u00f3ria<\/h2>\n  <div class=\"timeline__inner\">\n          <div class=\"timeline__item\">\n        <h3 class=\"timeline__item-title title-xxl animate-letters\">2025<\/h3>\n        <div class=\"timeline__item-text body-md fade-up-delay-600\"><p><span style=\"font-weight: 400;\">Pioneiros na extra\u00e7\u00e3o de diferentes tipos de ligninas, a Tanovis e sua equipe t\u00eam mais de 15 anos de experi\u00eancia na transforma\u00e7\u00e3o de biomassa em produtos valiosos.<\/span><\/p>\n<\/div>\n      <\/div>\n          <div class=\"timeline__item\">\n        <h3 class=\"timeline__item-title title-xxl animate-letters\">2020<\/h3>\n        <div class=\"timeline__item-text body-md fade-up-delay-600\"><ul class=\"ul1\">\n<li>A PLT Innovation AG foi criada como o bra\u00e7o industrial do Tanovis Group \u2014 criado para preencher a lacuna entre a pesquisa em qu\u00edmica da lignina e a aplica\u00e7\u00e3o industrial no mundo real.<\/li>\n<\/ul>\n<\/div>\n      <\/div>\n          <div class=\"timeline__item\">\n        <h3 class=\"timeline__item-title title-xxl animate-letters\">2017<\/h3>\n        <div class=\"timeline__item-text body-md fade-up-delay-600\"><p>A Tanovis AG \u00e9 fundada <span style=\"font-weight: 400;\">e adquiriu a produ\u00e7\u00e3o, os produtos e a equipe da empresa de pesquisa Greenvalue.<\/span> Para construir empreendimentos de base biol\u00f3gica em grande escala.<\/p>\n<\/div>\n      <\/div>\n          <div class=\"timeline__item\">\n        <h3 class=\"timeline__item-title title-xxl animate-letters\">2005<\/h3>\n        <div class=\"timeline__item-text body-md fade-up-delay-600\"><p>Apresentou o Protobind\u00ae, sob a empresa de pesquisa GreenValue, para validar aplica\u00e7\u00f5es industriais \u00e0 base de lignina.<\/p>\n<\/div>\n      <\/div>\n          <div class=\"timeline__item\">\n        <h3 class=\"timeline__item-title title-xxl animate-letters\">2004<\/h3>\n        <div class=\"timeline__item-text body-md fade-up-delay-600\"><p>Fundou a empresa de pesquisa GreenValue e criou uma planta industrial na \u00cdndia para explorar o potencial industrial da lignina.<\/p>\n<\/div>\n      <\/div>\n    <\/section>\n\n\n<section class=\"quote   bg-medium\" >\n    <img decoding=\"async\" class=\"quote__bg\" src=\"https:\/\/plt-innovations.com\/wp-content\/uploads\/sites\/4\/2025\/12\/Protobind-KW-16-9-b.jpg\" alt=\"\" \/>\n  \n  <div class=\"container\">\n        <h3 class=\"quote__text animate-lines title-lg\">\n      Nossa miss\u00e3o \u00e9 desenvolver e fornecer materiais \u00e0 base de lignina de alta pureza e know-how que permitam \u00e0s ind\u00fastrias substituir insumos derivados de combust\u00edveis f\u00f3sseis sem comprometer o desempenho, o custo ou a escalabilidade.    <\/h3>\n          <\/div>\n\n<\/section>\n\n\n<section class=\"text container wysiwyg\" >\n  \n<\/section>\n\n\n<section\n  class=\"tanovis_sub_hero  sub_hero--bg-default none\"\n  >\n  <div class=\"hero__media\">\n          <video class=\"hero__video\" src=\"https:\/\/plt-innovations.com\/wp-content\/uploads\/sites\/4\/2025\/12\/Tanovis_17sek.mp4\" autoplay muted loop playsinline><\/video>\n              <img decoding=\"async\" class=\"hero__bg\" src=\"https:\/\/plt-innovations.com\/wp-content\/uploads\/sites\/4\/2025\/12\/PLT-color-16-9-1.jpg\" alt=\"\" \/>\n    \n    <div class=\"hero__symbol-container none\">\n      <div class=\"hero__symbol\">\n              <\/div>\n    <\/div>\n  <\/div>\n\n  <div class=\"hero__content container\">\n      <\/div>\n<\/section>","protected":false},"excerpt":{"rendered":"","protected":false},"author":1,"featured_media":223,"parent":0,"menu_order":0,"comment_status":"closed","ping_status":"closed","template":"","meta":{"_acf_changed":false,"content-type":"","footnotes":""},"class_list":["post-62","page","type-page","status-publish","has-post-thumbnail","hentry"],"acf":[],"yoast_head":"<!-- This site is optimized with the Yoast SEO plugin v26.6 - https:\/\/yoast.com\/wordpress\/plugins\/seo\/ -->\n<title>About us - PLT<\/title>\n<meta name=\"description\" content=\"Learn about PLT Innovations \u2014 who we are, our mission and how we\u2019re building sustainable, science-led ventures that create meaningful impact for people and planet.\" \/>\n<meta name=\"robots\" content=\"index, follow, max-snippet:-1, max-image-preview:large, max-video-preview:-1\" \/>\n<link rel=\"canonical\" href=\"https:\/\/plt-innovations.com\/pt\/about-us\/\" \/>\n<meta property=\"og:locale\" content=\"pt_BR\" \/>\n<meta property=\"og:type\" content=\"article\" \/>\n<meta property=\"og:title\" content=\"About us - PLT\" \/>\n<meta property=\"og:description\" content=\"Learn about PLT Innovations \u2014 who we are, our mission and how we\u2019re building sustainable, science-led ventures that create meaningful impact for people and planet.\" \/>\n<meta property=\"og:url\" content=\"https:\/\/plt-innovations.com\/pt\/about-us\/\" \/>\n<meta property=\"og:site_name\" content=\"PLT\" \/>\n<meta property=\"article:modified_time\" content=\"2025-12-16T21:24:08+00:00\" \/>\n<meta property=\"og:image\" content=\"https:\/\/plt-innovations.com\/wp-content\/uploads\/sites\/4\/2025\/12\/Meta-image-Responsibility.jpg\" \/>\n\t<meta property=\"og:image:width\" content=\"1024\" \/>\n\t<meta property=\"og:image:height\" content=\"768\" \/>\n\t<meta property=\"og:image:type\" content=\"image\/jpeg\" \/>\n<meta name=\"twitter:card\" content=\"summary_large_image\" \/>\n<meta name=\"twitter:label1\" content=\"Est. tempo de leitura\" \/>\n\t<meta name=\"twitter:data1\" content=\"3 minutos\" \/>\n<script type=\"application\/ld+json\" class=\"yoast-schema-graph\">{\"@context\":\"https:\/\/schema.org\",\"@graph\":[{\"@type\":\"WebPage\",\"@id\":\"https:\/\/plt-innovations.com\/about-us\/\",\"url\":\"https:\/\/plt-innovations.com\/about-us\/\",\"name\":\"About us - PLT\",\"isPartOf\":{\"@id\":\"https:\/\/plt-innovations.com\/#website\"},\"primaryImageOfPage\":{\"@id\":\"https:\/\/plt-innovations.com\/about-us\/#primaryimage\"},\"image\":{\"@id\":\"https:\/\/plt-innovations.com\/about-us\/#primaryimage\"},\"thumbnailUrl\":\"https:\/\/plt-innovations.com\/wp-content\/uploads\/sites\/4\/2025\/12\/Meta-image-Responsibility.jpg\",\"datePublished\":\"2025-11-27T04:43:48+00:00\",\"dateModified\":\"2025-12-16T21:24:08+00:00\",\"description\":\"Learn about PLT Innovations \u2014 who we are, our mission and how we\u2019re building sustainable, science-led ventures that create meaningful impact for people and planet.\",\"breadcrumb\":{\"@id\":\"https:\/\/plt-innovations.com\/about-us\/#breadcrumb\"},\"inLanguage\":\"pt-BR\",\"potentialAction\":[{\"@type\":\"ReadAction\",\"target\":[\"https:\/\/plt-innovations.com\/about-us\/\"]}]},{\"@type\":\"ImageObject\",\"inLanguage\":\"pt-BR\",\"@id\":\"https:\/\/plt-innovations.com\/about-us\/#primaryimage\",\"url\":\"https:\/\/plt-innovations.com\/wp-content\/uploads\/sites\/4\/2025\/12\/Meta-image-Responsibility.jpg\",\"contentUrl\":\"https:\/\/plt-innovations.com\/wp-content\/uploads\/sites\/4\/2025\/12\/Meta-image-Responsibility.jpg\",\"width\":1024,\"height\":768},{\"@type\":\"BreadcrumbList\",\"@id\":\"https:\/\/plt-innovations.com\/about-us\/#breadcrumb\",\"itemListElement\":[{\"@type\":\"ListItem\",\"position\":1,\"name\":\"Home\",\"item\":\"https:\/\/plt-innovations.com\/\"},{\"@type\":\"ListItem\",\"position\":2,\"name\":\"About us\"}]},{\"@type\":\"WebSite\",\"@id\":\"https:\/\/plt-innovations.com\/#website\",\"url\":\"https:\/\/plt-innovations.com\/\",\"name\":\"PLT\",\"description\":\"Pure ligning technology\",\"potentialAction\":[{\"@type\":\"SearchAction\",\"target\":{\"@type\":\"EntryPoint\",\"urlTemplate\":\"https:\/\/plt-innovations.com\/?s={search_term_string}\"},\"query-input\":{\"@type\":\"PropertyValueSpecification\",\"valueRequired\":true,\"valueName\":\"search_term_string\"}}],\"inLanguage\":\"pt-BR\"}]}<\/script>\n<!-- \/ Yoast SEO plugin. -->","yoast_head_json":{"title":"About us - PLT","description":"Learn about PLT Innovations \u2014 who we are, our mission and how we\u2019re building sustainable, science-led ventures that create meaningful impact for people and planet.","robots":{"index":"index","follow":"follow","max-snippet":"max-snippet:-1","max-image-preview":"max-image-preview:large","max-video-preview":"max-video-preview:-1"},"canonical":"https:\/\/plt-innovations.com\/pt\/about-us\/","og_locale":"pt_BR","og_type":"article","og_title":"About us - PLT","og_description":"Learn about PLT Innovations \u2014 who we are, our mission and how we\u2019re building sustainable, science-led ventures that create meaningful impact for people and planet.","og_url":"https:\/\/plt-innovations.com\/pt\/about-us\/","og_site_name":"PLT","article_modified_time":"2025-12-16T21:24:08+00:00","og_image":[{"width":1024,"height":768,"url":"https:\/\/plt-innovations.com\/wp-content\/uploads\/sites\/4\/2025\/12\/Meta-image-Responsibility.jpg","type":"image\/jpeg"}],"twitter_card":"summary_large_image","twitter_misc":{"Est. tempo de leitura":"3 minutos"},"schema":{"@context":"https:\/\/schema.org","@graph":[{"@type":"WebPage","@id":"https:\/\/plt-innovations.com\/about-us\/","url":"https:\/\/plt-innovations.com\/about-us\/","name":"About us - PLT","isPartOf":{"@id":"https:\/\/plt-innovations.com\/#website"},"primaryImageOfPage":{"@id":"https:\/\/plt-innovations.com\/about-us\/#primaryimage"},"image":{"@id":"https:\/\/plt-innovations.com\/about-us\/#primaryimage"},"thumbnailUrl":"https:\/\/plt-innovations.com\/wp-content\/uploads\/sites\/4\/2025\/12\/Meta-image-Responsibility.jpg","datePublished":"2025-11-27T04:43:48+00:00","dateModified":"2025-12-16T21:24:08+00:00","description":"Learn about PLT Innovations \u2014 who we are, our mission and how we\u2019re building sustainable, science-led ventures that create meaningful impact for people and planet.","breadcrumb":{"@id":"https:\/\/plt-innovations.com\/about-us\/#breadcrumb"},"inLanguage":"pt-BR","potentialAction":[{"@type":"ReadAction","target":["https:\/\/plt-innovations.com\/about-us\/"]}]},{"@type":"ImageObject","inLanguage":"pt-BR","@id":"https:\/\/plt-innovations.com\/about-us\/#primaryimage","url":"https:\/\/plt-innovations.com\/wp-content\/uploads\/sites\/4\/2025\/12\/Meta-image-Responsibility.jpg","contentUrl":"https:\/\/plt-innovations.com\/wp-content\/uploads\/sites\/4\/2025\/12\/Meta-image-Responsibility.jpg","width":1024,"height":768},{"@type":"BreadcrumbList","@id":"https:\/\/plt-innovations.com\/about-us\/#breadcrumb","itemListElement":[{"@type":"ListItem","position":1,"name":"Home","item":"https:\/\/plt-innovations.com\/"},{"@type":"ListItem","position":2,"name":"About us"}]},{"@type":"WebSite","@id":"https:\/\/plt-innovations.com\/#website","url":"https:\/\/plt-innovations.com\/","name":"PLT","description":"Tecnologia de lignifica\u00e7\u00e3o pura","potentialAction":[{"@type":"SearchAction","target":{"@type":"EntryPoint","urlTemplate":"https:\/\/plt-innovations.com\/?s={search_term_string}"},"query-input":{"@type":"PropertyValueSpecification","valueRequired":true,"valueName":"search_term_string"}}],"inLanguage":"pt-BR"}]}},"_links":{"self":[{"href":"https:\/\/plt-innovations.com\/pt\/wp-json\/wp\/v2\/pages\/62","targetHints":{"allow":["GET"]}}],"collection":[{"href":"https:\/\/plt-innovations.com\/pt\/wp-json\/wp\/v2\/pages"}],"about":[{"href":"https:\/\/plt-innovations.com\/pt\/wp-json\/wp\/v2\/types\/page"}],"author":[{"embeddable":true,"href":"https:\/\/plt-innovations.com\/pt\/wp-json\/wp\/v2\/users\/1"}],"replies":[{"embeddable":true,"href":"https:\/\/plt-innovations.com\/pt\/wp-json\/wp\/v2\/comments?post=62"}],"version-history":[{"count":18,"href":"https:\/\/plt-innovations.com\/pt\/wp-json\/wp\/v2\/pages\/62\/revisions"}],"predecessor-version":[{"id":336,"href":"https:\/\/plt-innovations.com\/pt\/wp-json\/wp\/v2\/pages\/62\/revisions\/336"}],"wp:featuredmedia":[{"embeddable":true,"href":"https:\/\/plt-innovations.com\/pt\/wp-json\/wp\/v2\/media\/223"}],"wp:attachment":[{"href":"https:\/\/plt-innovations.com\/pt\/wp-json\/wp\/v2\/media?parent=62"}],"curies":[{"name":"wp","href":"https:\/\/api.w.org\/{rel}","templated":true}]}}