{"id":60,"date":"2025-11-27T04:43:18","date_gmt":"2025-11-27T04:43:18","guid":{"rendered":"https:\/\/plt.tanovis.linawang.se\/?page_id=60"},"modified":"2025-12-16T21:34:20","modified_gmt":"2025-12-16T21:34:20","slug":"responsibility","status":"publish","type":"page","link":"https:\/\/plt-innovations.com\/pt\/responsibility\/","title":{"rendered":"Responsabilidade"},"content":{"rendered":"<section\n  class=\"tanovis_sub_hero  sub_hero--bg-medium none\"\n  >\n  <div class=\"hero__media\">\n        \n    <div class=\"hero__symbol-container none\">\n      <div class=\"hero__symbol\">\n              <\/div>\n    <\/div>\n  <\/div>\n\n  <div class=\"hero__content container\">\n          <h1 class=\"hero__title title-lg\">Tornando materiais renov\u00e1veis e de alto desempenho uma realidade pr\u00e1tica.<\/h1>\n      <\/div>\n<\/section>\n\n\n<section class=\"text container wysiwyg\" >\n                                      <h2 class=\"text__title fade-up\">\n            Estamos comprometidos com pr\u00e1ticas sustent\u00e1veis e padr\u00f5es \u00e9ticos, com o objetivo de causar um impacto positivo tanto na ind\u00fastria quanto no meio ambiente.          <\/h2>\n                                                  <div class=\"text__body fade-up\">\n            <p>Do ponto de vista ambiental, a lignina \u00e9 uma fonte renov\u00e1vel atraente para muitas ind\u00fastrias. <span style=\"font-weight: 400\">As principais for\u00e7as motrizes para a transi\u00e7\u00e3o para materiais de base biol\u00f3gica prov\u00eam da redu\u00e7\u00e3o das emiss\u00f5es e da limita\u00e7\u00e3o das fontes f\u00f3sseis. O crescimento CAGR previsto entre 2020 e 2030, previsto pela Arthur d'Little, \u00e9 de 17 % para materiais de base biol\u00f3gica, em compara\u00e7\u00e3o com apenas 3,2 % para o pl\u00e1stico convencional.<\/span><\/p>\n<p>&nbsp;<\/p>\n<p><span style=\"font-weight: 400\">Nossos produtos especiais, baseados na plataforma de lignina Tanovis, s\u00e3o biopol\u00edmeros com caracter\u00edsticas espec\u00edficas para utiliza\u00e7\u00e3o em diversas aplica\u00e7\u00f5es, onde os mon\u00f4meros fen\u00f3licos proporcionam alto m\u00f3dulo mec\u00e2nico, caracter\u00edsticas de reticula\u00e7\u00e3o, propriedades antioxidantes, etc. <\/span><\/p>\n<p>&nbsp;<\/p>\n          <\/div>\n                    \n<\/section>\n\n\n<section class=\"text container wysiwyg\" >\n                                      <div class=\"text__body fade-up\">\n            <p>NOSSO COMPROMISSO COM A RESPONSABILIDADE AL\u00c9M DO PRODUTO:<\/p>\n          <\/div>\n                    \n<\/section>\n\n\n<section class=\"text container wysiwyg\" id=\"Circular\" >\n                                      <div class=\"text__body fade-up\">\n            <h2>Economia circular:<\/h2>\n<p>Queremos aumentar a propor\u00e7\u00e3o de mat\u00e9rias-primas renov\u00e1veis e recicladas e explorar oportunidades de reutiliza\u00e7\u00e3o.<\/p>\n<p>&nbsp;<\/p>\n<p>Nossa mat\u00e9ria-prima prov\u00e9m de res\u00edduos agr\u00edcolas que, de outra forma, seriam frequentemente queimados. O uso desse tipo de mat\u00e9ria-prima reduz significativamente a pegada de carbono.<\/p>\n          <\/div>\n                                                  <div class=\"text__image fade-up\">\n            <img loading=\"lazy\" decoding=\"async\" width=\"800\" height=\"600\" src=\"https:\/\/plt-innovations.com\/wp-content\/uploads\/sites\/4\/2025\/12\/Our-impact-model-beige-4-3-800px.jpg\" class=\"text__image-img\" alt=\"\" srcset=\"https:\/\/plt-innovations.com\/wp-content\/uploads\/sites\/4\/2025\/12\/Our-impact-model-beige-4-3-800px.jpg 800w, https:\/\/plt-innovations.com\/wp-content\/uploads\/sites\/4\/2025\/12\/Our-impact-model-beige-4-3-800px-300x225.jpg 300w, https:\/\/plt-innovations.com\/wp-content\/uploads\/sites\/4\/2025\/12\/Our-impact-model-beige-4-3-800px-768x576.jpg 768w\" sizes=\"auto, (max-width: 800px) 100vw, 800px\" \/>          <\/div>\n                    \n<\/section>\n\n\n<section class=\"text container wysiwyg\" id=\"Innovation\" >\n                                      <div class=\"text__body fade-up\">\n            <h2>Inova\u00e7\u00e3o e produtos sustent\u00e1veis:<\/h2>\n<p>Nossa abordagem enfatiza a efici\u00eancia dos recursos em toda a cadeia de valor, aliada ao design inteligente e \u00e0 utiliza\u00e7\u00e3o dos produtos. Ao minimizar o uso de petroqu\u00edmicos em diversas aplica\u00e7\u00f5es e bens de consumo e substitu\u00ed-los por fontes de energia renov\u00e1veis, reduzimos significativamente a pegada de carbono global.<\/p>\n<p>&nbsp;<\/p>\n<p>Essa abordagem tamb\u00e9m diminui o impacto ambiental.<\/p>\n          <\/div>\n                                                  <div class=\"text__image fade-up\">\n            <img loading=\"lazy\" decoding=\"async\" width=\"800\" height=\"600\" src=\"https:\/\/plt-innovations.com\/wp-content\/uploads\/sites\/4\/2025\/12\/From-renewable-agro-model-4-3-800.jpg\" class=\"text__image-img\" alt=\"\" srcset=\"https:\/\/plt-innovations.com\/wp-content\/uploads\/sites\/4\/2025\/12\/From-renewable-agro-model-4-3-800.jpg 800w, https:\/\/plt-innovations.com\/wp-content\/uploads\/sites\/4\/2025\/12\/From-renewable-agro-model-4-3-800-300x225.jpg 300w, https:\/\/plt-innovations.com\/wp-content\/uploads\/sites\/4\/2025\/12\/From-renewable-agro-model-4-3-800-768x576.jpg 768w\" sizes=\"auto, (max-width: 800px) 100vw, 800px\" \/>          <\/div>\n                    \n<\/section>\n\n\n<section class=\"text container wysiwyg\" id=\"employer\" >\n                                      <div class=\"text__body fade-up\">\n            <h2>Empregador respons\u00e1vel:<\/h2>\n<p>A igualdade constitui a base de uma for\u00e7a de trabalho motivada e dedicada, servindo como um elemento crucial dentro da empresa.<\/p>\n<p>Promove um ambiente inclusivo que estimula o envolvimento e a produtividade dos funcion\u00e1rios.<\/p>\n          <\/div>\n                    \n<\/section>\n\n\n<section\n  class=\"tanovis_sub_hero  sub_hero--bg-medium none\"\n  >\n  <div class=\"hero__media\">\n          <video class=\"hero__video\" src=\"https:\/\/plt-innovations.com\/wp-content\/uploads\/sites\/4\/2025\/12\/Tanovis_17sek.mp4\" autoplay muted loop playsinline><\/video>\n              <img decoding=\"async\" class=\"hero__bg\" src=\"https:\/\/plt-innovations.com\/wp-content\/uploads\/sites\/4\/2025\/12\/PLT-color-16-9-1.jpg\" alt=\"\" \/>\n    \n    <div class=\"hero__symbol-container none\">\n      <div class=\"hero__symbol\">\n              <\/div>\n    <\/div>\n  <\/div>\n\n  <div class=\"hero__content container\">\n      <\/div>\n<\/section>\n\n\n<section class=\"text container wysiwyg\" >\n  \n<\/section>","protected":false},"excerpt":{"rendered":"","protected":false},"author":1,"featured_media":222,"parent":0,"menu_order":0,"comment_status":"closed","ping_status":"closed","template":"","meta":{"_acf_changed":false,"content-type":"","footnotes":""},"class_list":["post-60","page","type-page","status-publish","has-post-thumbnail","hentry"],"acf":[],"yoast_head":"<!-- This site is optimized with the Yoast SEO plugin v26.6 - https:\/\/yoast.com\/wordpress\/plugins\/seo\/ -->\n<title>Responsibility - PLT<\/title>\n<meta name=\"description\" content=\"Explore how PLT Innovations lives responsibility \u2014 with sustainability, purpose and meaningful impact at the centre of our science-led innovation journey.\" \/>\n<meta name=\"robots\" content=\"index, follow, max-snippet:-1, max-image-preview:large, max-video-preview:-1\" \/>\n<link rel=\"canonical\" href=\"https:\/\/plt-innovations.com\/pt\/responsibility\/\" \/>\n<meta property=\"og:locale\" content=\"pt_BR\" \/>\n<meta property=\"og:type\" content=\"article\" \/>\n<meta property=\"og:title\" content=\"Responsibility - PLT\" \/>\n<meta property=\"og:description\" content=\"Explore how PLT Innovations lives responsibility \u2014 with sustainability, purpose and meaningful impact at the centre of our science-led innovation journey.\" \/>\n<meta property=\"og:url\" content=\"https:\/\/plt-innovations.com\/pt\/responsibility\/\" \/>\n<meta property=\"og:site_name\" content=\"PLT\" \/>\n<meta property=\"article:modified_time\" content=\"2025-12-16T21:34:20+00:00\" \/>\n<meta property=\"og:image\" content=\"https:\/\/plt-innovations.com\/wp-content\/uploads\/sites\/4\/2025\/12\/Meta-image-Our-Story.jpg\" \/>\n\t<meta property=\"og:image:width\" content=\"1024\" \/>\n\t<meta property=\"og:image:height\" content=\"768\" \/>\n\t<meta property=\"og:image:type\" content=\"image\/jpeg\" \/>\n<meta name=\"twitter:card\" content=\"summary_large_image\" \/>\n<meta name=\"twitter:label1\" content=\"Est. tempo de leitura\" \/>\n\t<meta name=\"twitter:data1\" content=\"2 minutos\" \/>\n<script type=\"application\/ld+json\" class=\"yoast-schema-graph\">{\"@context\":\"https:\/\/schema.org\",\"@graph\":[{\"@type\":\"WebPage\",\"@id\":\"https:\/\/plt-innovations.com\/responsibility\/\",\"url\":\"https:\/\/plt-innovations.com\/responsibility\/\",\"name\":\"Responsibility - PLT\",\"isPartOf\":{\"@id\":\"https:\/\/plt-innovations.com\/#website\"},\"primaryImageOfPage\":{\"@id\":\"https:\/\/plt-innovations.com\/responsibility\/#primaryimage\"},\"image\":{\"@id\":\"https:\/\/plt-innovations.com\/responsibility\/#primaryimage\"},\"thumbnailUrl\":\"https:\/\/plt-innovations.com\/wp-content\/uploads\/sites\/4\/2025\/12\/Meta-image-Our-Story.jpg\",\"datePublished\":\"2025-11-27T04:43:18+00:00\",\"dateModified\":\"2025-12-16T21:34:20+00:00\",\"description\":\"Explore how PLT Innovations lives responsibility \u2014 with sustainability, purpose and meaningful impact at the centre of our science-led innovation journey.\",\"breadcrumb\":{\"@id\":\"https:\/\/plt-innovations.com\/responsibility\/#breadcrumb\"},\"inLanguage\":\"pt-BR\",\"potentialAction\":[{\"@type\":\"ReadAction\",\"target\":[\"https:\/\/plt-innovations.com\/responsibility\/\"]}]},{\"@type\":\"ImageObject\",\"inLanguage\":\"pt-BR\",\"@id\":\"https:\/\/plt-innovations.com\/responsibility\/#primaryimage\",\"url\":\"https:\/\/plt-innovations.com\/wp-content\/uploads\/sites\/4\/2025\/12\/Meta-image-Our-Story.jpg\",\"contentUrl\":\"https:\/\/plt-innovations.com\/wp-content\/uploads\/sites\/4\/2025\/12\/Meta-image-Our-Story.jpg\",\"width\":1024,\"height\":768},{\"@type\":\"BreadcrumbList\",\"@id\":\"https:\/\/plt-innovations.com\/responsibility\/#breadcrumb\",\"itemListElement\":[{\"@type\":\"ListItem\",\"position\":1,\"name\":\"Home\",\"item\":\"https:\/\/plt-innovations.com\/\"},{\"@type\":\"ListItem\",\"position\":2,\"name\":\"Responsibility\"}]},{\"@type\":\"WebSite\",\"@id\":\"https:\/\/plt-innovations.com\/#website\",\"url\":\"https:\/\/plt-innovations.com\/\",\"name\":\"PLT\",\"description\":\"Pure ligning technology\",\"potentialAction\":[{\"@type\":\"SearchAction\",\"target\":{\"@type\":\"EntryPoint\",\"urlTemplate\":\"https:\/\/plt-innovations.com\/?s={search_term_string}\"},\"query-input\":{\"@type\":\"PropertyValueSpecification\",\"valueRequired\":true,\"valueName\":\"search_term_string\"}}],\"inLanguage\":\"pt-BR\"}]}<\/script>\n<!-- \/ Yoast SEO plugin. -->","yoast_head_json":{"title":"Responsibility - PLT","description":"Explore how PLT Innovations lives responsibility \u2014 with sustainability, purpose and meaningful impact at the centre of our science-led innovation journey.","robots":{"index":"index","follow":"follow","max-snippet":"max-snippet:-1","max-image-preview":"max-image-preview:large","max-video-preview":"max-video-preview:-1"},"canonical":"https:\/\/plt-innovations.com\/pt\/responsibility\/","og_locale":"pt_BR","og_type":"article","og_title":"Responsibility - PLT","og_description":"Explore how PLT Innovations lives responsibility \u2014 with sustainability, purpose and meaningful impact at the centre of our science-led innovation journey.","og_url":"https:\/\/plt-innovations.com\/pt\/responsibility\/","og_site_name":"PLT","article_modified_time":"2025-12-16T21:34:20+00:00","og_image":[{"width":1024,"height":768,"url":"https:\/\/plt-innovations.com\/wp-content\/uploads\/sites\/4\/2025\/12\/Meta-image-Our-Story.jpg","type":"image\/jpeg"}],"twitter_card":"summary_large_image","twitter_misc":{"Est. tempo de leitura":"2 minutos"},"schema":{"@context":"https:\/\/schema.org","@graph":[{"@type":"WebPage","@id":"https:\/\/plt-innovations.com\/responsibility\/","url":"https:\/\/plt-innovations.com\/responsibility\/","name":"Responsibility - PLT","isPartOf":{"@id":"https:\/\/plt-innovations.com\/#website"},"primaryImageOfPage":{"@id":"https:\/\/plt-innovations.com\/responsibility\/#primaryimage"},"image":{"@id":"https:\/\/plt-innovations.com\/responsibility\/#primaryimage"},"thumbnailUrl":"https:\/\/plt-innovations.com\/wp-content\/uploads\/sites\/4\/2025\/12\/Meta-image-Our-Story.jpg","datePublished":"2025-11-27T04:43:18+00:00","dateModified":"2025-12-16T21:34:20+00:00","description":"Explore how PLT Innovations lives responsibility \u2014 with sustainability, purpose and meaningful impact at the centre of our science-led innovation journey.","breadcrumb":{"@id":"https:\/\/plt-innovations.com\/responsibility\/#breadcrumb"},"inLanguage":"pt-BR","potentialAction":[{"@type":"ReadAction","target":["https:\/\/plt-innovations.com\/responsibility\/"]}]},{"@type":"ImageObject","inLanguage":"pt-BR","@id":"https:\/\/plt-innovations.com\/responsibility\/#primaryimage","url":"https:\/\/plt-innovations.com\/wp-content\/uploads\/sites\/4\/2025\/12\/Meta-image-Our-Story.jpg","contentUrl":"https:\/\/plt-innovations.com\/wp-content\/uploads\/sites\/4\/2025\/12\/Meta-image-Our-Story.jpg","width":1024,"height":768},{"@type":"BreadcrumbList","@id":"https:\/\/plt-innovations.com\/responsibility\/#breadcrumb","itemListElement":[{"@type":"ListItem","position":1,"name":"Home","item":"https:\/\/plt-innovations.com\/"},{"@type":"ListItem","position":2,"name":"Responsibility"}]},{"@type":"WebSite","@id":"https:\/\/plt-innovations.com\/#website","url":"https:\/\/plt-innovations.com\/","name":"PLT","description":"Tecnologia de lignifica\u00e7\u00e3o pura","potentialAction":[{"@type":"SearchAction","target":{"@type":"EntryPoint","urlTemplate":"https:\/\/plt-innovations.com\/?s={search_term_string}"},"query-input":{"@type":"PropertyValueSpecification","valueRequired":true,"valueName":"search_term_string"}}],"inLanguage":"pt-BR"}]}},"_links":{"self":[{"href":"https:\/\/plt-innovations.com\/pt\/wp-json\/wp\/v2\/pages\/60","targetHints":{"allow":["GET"]}}],"collection":[{"href":"https:\/\/plt-innovations.com\/pt\/wp-json\/wp\/v2\/pages"}],"about":[{"href":"https:\/\/plt-innovations.com\/pt\/wp-json\/wp\/v2\/types\/page"}],"author":[{"embeddable":true,"href":"https:\/\/plt-innovations.com\/pt\/wp-json\/wp\/v2\/users\/1"}],"replies":[{"embeddable":true,"href":"https:\/\/plt-innovations.com\/pt\/wp-json\/wp\/v2\/comments?post=60"}],"version-history":[{"count":14,"href":"https:\/\/plt-innovations.com\/pt\/wp-json\/wp\/v2\/pages\/60\/revisions"}],"predecessor-version":[{"id":338,"href":"https:\/\/plt-innovations.com\/pt\/wp-json\/wp\/v2\/pages\/60\/revisions\/338"}],"wp:featuredmedia":[{"embeddable":true,"href":"https:\/\/plt-innovations.com\/pt\/wp-json\/wp\/v2\/media\/222"}],"wp:attachment":[{"href":"https:\/\/plt-innovations.com\/pt\/wp-json\/wp\/v2\/media?parent=60"}],"curies":[{"name":"wp","href":"https:\/\/api.w.org\/{rel}","templated":true}]}}