{"id":58,"date":"2025-11-27T04:42:02","date_gmt":"2025-11-27T04:42:02","guid":{"rendered":"https:\/\/plt.tanovis.linawang.se\/?page_id=58"},"modified":"2025-12-16T21:26:52","modified_gmt":"2025-12-16T21:26:52","slug":"collaboration","status":"publish","type":"page","link":"https:\/\/plt-innovations.com\/pt\/collaboration\/","title":{"rendered":"Colabora\u00e7\u00e3o"},"content":{"rendered":"<section\n  class=\"tanovis_sub_hero  sub_hero--bg-medium none\"\n  >\n  <div class=\"hero__media\">\n        \n    <div class=\"hero__symbol-container none\">\n      <div class=\"hero__symbol\">\n              <\/div>\n    <\/div>\n  <\/div>\n\n  <div class=\"hero__content container\">\n          <h1 class=\"hero__title title-lg\">Projetos colaborativos e alian\u00e7as estrat\u00e9gicas<\/h1>\n      <\/div>\n<\/section>\n\n\n<section class=\"text container wysiwyg\" >\n                                      <h2 class=\"text__title fade-up\">\n            Juntos, podemos transformar desafios em oportunidades e ideias em realidade.          <\/h2>\n                                                  <div class=\"text__body fade-up\">\n            <p>Convidamos universidades e empresas ativas no campo dos materiais de base biol\u00f3gica a se juntarem a n\u00f3s nesta emocionante jornada. Juntos, podemos transformar desafios em oportunidades e ideias em realidade. Vamos inovar, colaborar e liderar o caminho rumo a um futuro sustent\u00e1vel em produtos bioqu\u00edmicos.<\/p>\n          <\/div>\n                    \n<\/section>\n\n\n<section class=\"marquee\" >\n      <h2 class=\"marquee__text title-xxl font-alt\">\n      JUNTE-SE \u00c0 NOSSA REDE        <\/h2>\n  <\/section>\n\n\n<section id=\"tab-image-text-69ecb56681dfc\"\n  class=\"tab-image-text container  bg-accent\" >\n  <div class=\"tab-image-text__title\">\n    <h2 class=\"tab-image-text__title-text title-lg animate-words\">Innosuisse \u2013 Ag\u00eancia Su\u00ed\u00e7a para a Inova\u00e7\u00e3o<\/h2>\n  <\/div>\n\n  <div class=\"tab-image-text__buttons fade\">\n                  <button class=\"tab-image-text__button\">\n          N\u00famero do projeto 48274.1 IP-EE        <\/button>\n              <button class=\"tab-image-text__button\">\n          N\u00famero do projeto 100.856.1 IP-EE        <\/button>\n            <\/div>\n\n  <div class=\"tab-image-text__tabs fade-up-delay-200\">\n                  <div class=\"tab-image-text__tab\">\n\n          <div class=\"tab-image-text__tab-content\">\n            <h3 class=\"tab-image-text__tab-title title-md\">T\u00edtulo do projeto Espuma isolante r\u00edgida \u00e0 base de lignina<\/h3>\n            <div class=\"tab-image-text__content\"><p>O projeto inclui o desenvolvimento de uma nova tecnologia de materiais e engenharia de processos adequada para a produ\u00e7\u00e3o de materiais isolantes r\u00edgidos de espuma \u00e0 base de lignina de alto desempenho para utiliza\u00e7\u00e3o no isolamento de edif\u00edcios.<\/p>\n<\/div>\n          <\/div>\n\n          <div class=\"tab-image-text__tab-image cutout aspect-ratio-4-3 cutout-top-left\">\n            <img decoding=\"async\" src=\"https:\/\/plt-innovations.com\/wp-content\/uploads\/sites\/4\/2025\/12\/PLT-Lab-16-9.jpg\" alt=\"\" \/>\n          <\/div>\n\n        <\/div>\n              <div class=\"tab-image-text__tab is-active\">\n\n          <div class=\"tab-image-text__tab-content\">\n            <h3 class=\"tab-image-text__tab-title title-md\">T\u00edtulo do projeto Lignina-TPU: poliuretanos termopl\u00e1sticos de base biol\u00f3gica<\/h3>\n            <div class=\"tab-image-text__content\"><p>Desenvolvimento de um novo sistema termopl\u00e1stico com uma elevada propor\u00e7\u00e3o de lignina e outros componentes de base biol\u00f3gica. Um dos focos \u00e9 o desenvolvimento de solu\u00e7\u00f5es de engenharia de processos para a produ\u00e7\u00e3o energeticamente eficiente e ecol\u00f3gica do sistema utilizando extrus\u00e3o reativa.<\/p>\n<\/div>\n          <\/div>\n\n          <div class=\"tab-image-text__tab-image cutout aspect-ratio-4-3 cutout-top-left\">\n            <img decoding=\"async\" src=\"https:\/\/plt-innovations.com\/wp-content\/uploads\/sites\/4\/2025\/12\/PLT-Hero.jpg\" alt=\"\" \/>\n          <\/div>\n\n        <\/div>\n            <\/div>\n<\/section>\n\n\n<section class=\"stacked-texts container  bg-medium\" id=\"collaborate\" >\n  <h2 class=\"stacked-texts__title body-md\">Aproveitamos as \u00faltimas descobertas cient\u00edficas para enfrentar os desafios do mundo real na ind\u00fastria de materiais de base biol\u00f3gica.<\/h2>\n  <div class=\"stacked-texts__inner\">\n            <div class=\"stacked-texts__section fade-up\">\n      <h3 class=\"stacked-texts__section-title title-md animate-words\">Rede de especialistas:<\/h3>\n      <div class=\"stacked-texts__section-text body-md fade-up-delay-600\"><p>Nossas colabora\u00e7\u00f5es re\u00fanem as mentes mais brilhantes do meio acad\u00eamico e industrial, garantindo uma rica troca de ideias e conhecimentos.<\/p>\n<\/div>\n    <\/div>\n        <div class=\"stacked-texts__section fade-up\">\n      <h3 class=\"stacked-texts__section-title title-md animate-words\">Solu\u00e7\u00f5es inovadoras: <\/h3>\n      <div class=\"stacked-texts__section-text body-md fade-up-delay-600\"><p>Aproveitamos as mais recentes descobertas cient\u00edficas e avan\u00e7os tecnol\u00f3gicos para enfrentar os desafios reais da ind\u00fastria de materiais de base biol\u00f3gica.<\/p>\n<\/div>\n    <\/div>\n        <div class=\"stacked-texts__section fade-up\">\n      <h3 class=\"stacked-texts__section-title title-md animate-words\">Impacto sustent\u00e1vel:<\/h3>\n      <div class=\"stacked-texts__section-text body-md fade-up-delay-600\"><p>Estamos comprometidos com pr\u00e1ticas sustent\u00e1veis e padr\u00f5es \u00e9ticos, com o objetivo de causar um impacto positivo tanto na ind\u00fastria quanto no meio ambiente.<\/p>\n<\/div>\n    <\/div>\n        <div class=\"stacked-texts__section fade-up\">\n      <h3 class=\"stacked-texts__section-title title-md animate-words\">Parcerias personalizadas:<\/h3>\n      <div class=\"stacked-texts__section-text body-md fade-up-delay-600\"><p>Compreendendo que cada colabora\u00e7\u00e3o \u00e9 \u00fanica, adaptamos nossas parcerias para atender \u00e0s metas e necessidades espec\u00edficas de nossos colaboradores.<\/p>\n<\/div>\n    <\/div>\n          <\/div>\n<\/section>\n\n\n<section class=\"hubspot-form container bg-accent\" id=\"Join\" >\n  <div class=\"hubspot-form__inner\">\n    <div class=\"hubspot-form__content\">\n      <h2 class=\"hubspot-form__title title-md\">Pronto para explorar uma parceria? <\/h2>\n      <p class=\"hubspot-form__text body-md\">Entre em contato conosco para iniciar uma conversa sobre como podemos trabalhar juntos por um futuro mais sustent\u00e1vel.<\/p>\n    <\/div>\n          <style id=\"wpforms-css-vars-369\">\n\t\t\t\t#wpforms-369 {\n\t\t\t\t--wpforms-field-size-input-height: 43px;\n--wpforms-field-size-input-spacing: 15px;\n--wpforms-field-size-font-size: 16px;\n--wpforms-field-size-line-height: 19px;\n--wpforms-field-size-padding-h: 14px;\n--wpforms-field-size-checkbox-size: 16px;\n--wpforms-field-size-sublabel-spacing: 5px;\n--wpforms-field-size-icon-size: 1;\n--wpforms-label-size-font-size: 16px;\n--wpforms-label-size-line-height: 19px;\n--wpforms-label-size-sublabel-font-size: 14px;\n--wpforms-label-size-sublabel-line-height: 17px;\n--wpforms-button-size-font-size: 17px;\n--wpforms-button-size-height: 41px;\n--wpforms-button-size-padding-h: 15px;\n--wpforms-button-size-margin-top: 10px;\n--wpforms-container-shadow-size-box-shadow: none;\n\t\t\t}\n\t\t\t<\/style><div class=\"wpforms-container wpforms-container-full wpforms-render-modern\" id=\"wpforms-369\"><form id=\"wpforms-form-369\" class=\"wpforms-validate wpforms-form wpforms-ajax-form\" data-formid=\"369\" method=\"post\" enctype=\"multipart\/form-data\" action=\"\/pt\/wp-json\/wp\/v2\/pages\/58\" data-token=\"d5cfe6d5635383c3b8bee557c0e03d6e\" data-token-time=\"1777120614\" data-trp-original-action=\"\/pt\/wp-json\/wp\/v2\/pages\/58\"><noscript class=\"wpforms-error-noscript\">Ative o JavaScript no seu navegador para preencher este formul\u00e1rio.<\/noscript><div id=\"wpforms-error-noscript\" style=\"display: none;\">Ative o JavaScript no seu navegador para preencher este formul\u00e1rio.<\/div><div class=\"wpforms-field-container\"><div id=\"wpforms-369-field_1-container\" class=\"wpforms-field wpforms-field-name\" data-field-id=\"1\"><fieldset><legend class=\"wpforms-field-label\">Nome <span class=\"wpforms-required-label\" aria-hidden=\"true\">*<\/span><\/legend><div class=\"wpforms-field-row wpforms-field-medium\"><div class=\"wpforms-field-row-block wpforms-first wpforms-one-half\"><input type=\"text\" id=\"wpforms-369-field_1\" class=\"wpforms-field-name-first wpforms-field-required\" name=\"wpforms[fields][1][first]\" aria-errormessage=\"wpforms-369-field_1-error\" required><label for=\"wpforms-369-field_1\" class=\"wpforms-field-sublabel after\">Nome<\/label><\/div><div class=\"wpforms-field-row-block wpforms-one-half\"><input type=\"text\" id=\"wpforms-369-field_1-last\" class=\"wpforms-field-name-last wpforms-field-required\" name=\"wpforms[fields][1][last]\" aria-errormessage=\"wpforms-369-field_1-last-error\" required><label for=\"wpforms-369-field_1-last\" class=\"wpforms-field-sublabel after\">Sobrenome<\/label><\/div><\/div><\/fieldset><\/div>\t\t<div id=\"wpforms-369-field_4-container\"\n\t\t\tclass=\"wpforms-field wpforms-field-text\"\n\t\t\tdata-field-type=\"text\"\n\t\t\tdata-field-id=\"4\"\n\t\t\t>\n\t\t\t<label class=\"wpforms-field-label\" for=\"wpforms-369-field_4\" >Nome E-mail Organiza\u00e7\u00e3o<\/label>\n\t\t\t<input type=\"text\" id=\"wpforms-369-field_4\" class=\"wpforms-field-medium\" name=\"wpforms[fields][4]\" >\n\t\t<\/div>\n\t\t<div id=\"wpforms-369-field_2-container\" class=\"wpforms-field wpforms-field-email\" data-field-id=\"2\"><label class=\"wpforms-field-label\" for=\"wpforms-369-field_2\">E-mail <span class=\"wpforms-required-label\" aria-hidden=\"true\">*<\/span><\/label><input type=\"email\" id=\"wpforms-369-field_2\" class=\"wpforms-field-medium wpforms-field-required\" name=\"wpforms[fields][2]\" spellcheck=\"false\" aria-errormessage=\"wpforms-369-field_2-error\" required><\/div><div id=\"wpforms-369-field_3-container\" class=\"wpforms-field wpforms-field-text\" data-field-id=\"3\"><label class=\"wpforms-field-label\" for=\"wpforms-369-field_3\">Organiza\u00e7\u00e3o <span class=\"wpforms-required-label\" aria-hidden=\"true\">*<\/span><\/label><input type=\"text\" id=\"wpforms-369-field_3\" class=\"wpforms-field-medium wpforms-field-required\" name=\"wpforms[fields][3]\" aria-errormessage=\"wpforms-369-field_3-error\" required><\/div><script>\n\t\t\t\t( function() {\n\t\t\t\t\tconst style = document.createElement( 'style' );\n\t\t\t\t\tstyle.appendChild( document.createTextNode( '#wpforms-369-field_4-container { position: absolute !important; overflow: hidden !important; display: inline !important; height: 1px !important; width: 1px !important; z-index: -1000 !important; padding: 0 !important; } #wpforms-369-field_4-container input { visibility: hidden; } #wpforms-conversational-form-page #wpforms-369-field_4-container label { counter-increment: none; }' ) );\n\t\t\t\t\tdocument.head.appendChild( style );\n\t\t\t\t\tdocument.currentScript?.remove();\n\t\t\t\t} )();\n\t\t\t<\/script><\/div><!-- .wpforms-field-container --><div class=\"wpforms-submit-container\" ><input type=\"hidden\" name=\"wpforms[id]\" value=\"369\"><input type=\"hidden\" name=\"page_title\" value=\"\"><input type=\"hidden\" name=\"page_url\" value=\"https:\/\/plt-innovations.com\/pt\/wp-json\/wp\/v2\/pages\/58\"><input type=\"hidden\" name=\"url_referer\" value=\"\"><button type=\"submit\" name=\"wpforms[submit]\" id=\"wpforms-submit-369\" class=\"wpforms-submit\" data-alt-text=\"Sending...\" data-submit-text=\"Submit\" aria-live=\"assertive\" value=\"wpforms-submit\">Enviar<\/button><img loading=\"lazy\" decoding=\"async\" src=\"https:\/\/plt-innovations.com\/wp-content\/plugins\/wpforms\/assets\/images\/submit-spin.svg\" class=\"wpforms-submit-spinner\" style=\"display: none;\" width=\"26\" height=\"26\" alt=\"Carregando\"><\/div><input type=\"hidden\" name=\"trp-form-language\" value=\"pt\"\/><\/form><\/div>  <!-- .wpforms-container -->\n      <\/div>\n<\/section>\n\n\n<section class=\"text container wysiwyg\" >\n  \n<\/section>","protected":false},"excerpt":{"rendered":"","protected":false},"author":1,"featured_media":223,"parent":0,"menu_order":0,"comment_status":"closed","ping_status":"closed","template":"","meta":{"_acf_changed":false,"content-type":"","footnotes":""},"class_list":["post-58","page","type-page","status-publish","has-post-thumbnail","hentry"],"acf":[],"yoast_head":"<!-- This site is optimized with the Yoast SEO plugin v26.6 - https:\/\/yoast.com\/wordpress\/plugins\/seo\/ -->\n<title>Collaboration - PLT<\/title>\n<meta name=\"description\" content=\"Explore collaboration opportunities with PLT Innovations \u2014 connect with us to co-create meaningful, sustainable solutions and real impact together.\" \/>\n<meta name=\"robots\" content=\"index, follow, max-snippet:-1, max-image-preview:large, max-video-preview:-1\" \/>\n<link rel=\"canonical\" href=\"https:\/\/plt-innovations.com\/pt\/collaboration\/\" \/>\n<meta property=\"og:locale\" content=\"pt_BR\" \/>\n<meta property=\"og:type\" content=\"article\" \/>\n<meta property=\"og:title\" content=\"Collaboration - PLT\" \/>\n<meta property=\"og:description\" content=\"Explore collaboration opportunities with PLT Innovations \u2014 connect with us to co-create meaningful, sustainable solutions and real impact together.\" \/>\n<meta property=\"og:url\" content=\"https:\/\/plt-innovations.com\/pt\/collaboration\/\" \/>\n<meta property=\"og:site_name\" content=\"PLT\" \/>\n<meta property=\"article:modified_time\" content=\"2025-12-16T21:26:52+00:00\" \/>\n<meta property=\"og:image\" content=\"https:\/\/plt-innovations.com\/wp-content\/uploads\/sites\/4\/2025\/12\/Meta-image-Responsibility.jpg\" \/>\n\t<meta property=\"og:image:width\" content=\"1024\" \/>\n\t<meta property=\"og:image:height\" content=\"768\" \/>\n\t<meta property=\"og:image:type\" content=\"image\/jpeg\" \/>\n<meta name=\"twitter:card\" content=\"summary_large_image\" \/>\n<meta name=\"twitter:label1\" content=\"Est. tempo de leitura\" \/>\n\t<meta name=\"twitter:data1\" content=\"2 minutos\" \/>\n<script type=\"application\/ld+json\" class=\"yoast-schema-graph\">{\"@context\":\"https:\/\/schema.org\",\"@graph\":[{\"@type\":\"WebPage\",\"@id\":\"https:\/\/plt-innovations.com\/collaboration\/\",\"url\":\"https:\/\/plt-innovations.com\/collaboration\/\",\"name\":\"Collaboration - PLT\",\"isPartOf\":{\"@id\":\"https:\/\/plt-innovations.com\/#website\"},\"primaryImageOfPage\":{\"@id\":\"https:\/\/plt-innovations.com\/collaboration\/#primaryimage\"},\"image\":{\"@id\":\"https:\/\/plt-innovations.com\/collaboration\/#primaryimage\"},\"thumbnailUrl\":\"https:\/\/plt-innovations.com\/wp-content\/uploads\/sites\/4\/2025\/12\/Meta-image-Responsibility.jpg\",\"datePublished\":\"2025-11-27T04:42:02+00:00\",\"dateModified\":\"2025-12-16T21:26:52+00:00\",\"description\":\"Explore collaboration opportunities with PLT Innovations \u2014 connect with us to co-create meaningful, sustainable solutions and real impact together.\",\"breadcrumb\":{\"@id\":\"https:\/\/plt-innovations.com\/collaboration\/#breadcrumb\"},\"inLanguage\":\"pt-BR\",\"potentialAction\":[{\"@type\":\"ReadAction\",\"target\":[\"https:\/\/plt-innovations.com\/collaboration\/\"]}]},{\"@type\":\"ImageObject\",\"inLanguage\":\"pt-BR\",\"@id\":\"https:\/\/plt-innovations.com\/collaboration\/#primaryimage\",\"url\":\"https:\/\/plt-innovations.com\/wp-content\/uploads\/sites\/4\/2025\/12\/Meta-image-Responsibility.jpg\",\"contentUrl\":\"https:\/\/plt-innovations.com\/wp-content\/uploads\/sites\/4\/2025\/12\/Meta-image-Responsibility.jpg\",\"width\":1024,\"height\":768},{\"@type\":\"BreadcrumbList\",\"@id\":\"https:\/\/plt-innovations.com\/collaboration\/#breadcrumb\",\"itemListElement\":[{\"@type\":\"ListItem\",\"position\":1,\"name\":\"Home\",\"item\":\"https:\/\/plt-innovations.com\/\"},{\"@type\":\"ListItem\",\"position\":2,\"name\":\"Collaboration\"}]},{\"@type\":\"WebSite\",\"@id\":\"https:\/\/plt-innovations.com\/#website\",\"url\":\"https:\/\/plt-innovations.com\/\",\"name\":\"PLT\",\"description\":\"Pure ligning technology\",\"potentialAction\":[{\"@type\":\"SearchAction\",\"target\":{\"@type\":\"EntryPoint\",\"urlTemplate\":\"https:\/\/plt-innovations.com\/?s={search_term_string}\"},\"query-input\":{\"@type\":\"PropertyValueSpecification\",\"valueRequired\":true,\"valueName\":\"search_term_string\"}}],\"inLanguage\":\"pt-BR\"}]}<\/script>\n<!-- \/ Yoast SEO plugin. -->","yoast_head_json":{"title":"Collaboration - PLT","description":"Explore collaboration opportunities with PLT Innovations \u2014 connect with us to co-create meaningful, sustainable solutions and real impact together.","robots":{"index":"index","follow":"follow","max-snippet":"max-snippet:-1","max-image-preview":"max-image-preview:large","max-video-preview":"max-video-preview:-1"},"canonical":"https:\/\/plt-innovations.com\/pt\/collaboration\/","og_locale":"pt_BR","og_type":"article","og_title":"Collaboration - PLT","og_description":"Explore collaboration opportunities with PLT Innovations \u2014 connect with us to co-create meaningful, sustainable solutions and real impact together.","og_url":"https:\/\/plt-innovations.com\/pt\/collaboration\/","og_site_name":"PLT","article_modified_time":"2025-12-16T21:26:52+00:00","og_image":[{"width":1024,"height":768,"url":"https:\/\/plt-innovations.com\/wp-content\/uploads\/sites\/4\/2025\/12\/Meta-image-Responsibility.jpg","type":"image\/jpeg"}],"twitter_card":"summary_large_image","twitter_misc":{"Est. tempo de leitura":"2 minutos"},"schema":{"@context":"https:\/\/schema.org","@graph":[{"@type":"WebPage","@id":"https:\/\/plt-innovations.com\/collaboration\/","url":"https:\/\/plt-innovations.com\/collaboration\/","name":"Collaboration - PLT","isPartOf":{"@id":"https:\/\/plt-innovations.com\/#website"},"primaryImageOfPage":{"@id":"https:\/\/plt-innovations.com\/collaboration\/#primaryimage"},"image":{"@id":"https:\/\/plt-innovations.com\/collaboration\/#primaryimage"},"thumbnailUrl":"https:\/\/plt-innovations.com\/wp-content\/uploads\/sites\/4\/2025\/12\/Meta-image-Responsibility.jpg","datePublished":"2025-11-27T04:42:02+00:00","dateModified":"2025-12-16T21:26:52+00:00","description":"Explore collaboration opportunities with PLT Innovations \u2014 connect with us to co-create meaningful, sustainable solutions and real impact together.","breadcrumb":{"@id":"https:\/\/plt-innovations.com\/collaboration\/#breadcrumb"},"inLanguage":"pt-BR","potentialAction":[{"@type":"ReadAction","target":["https:\/\/plt-innovations.com\/collaboration\/"]}]},{"@type":"ImageObject","inLanguage":"pt-BR","@id":"https:\/\/plt-innovations.com\/collaboration\/#primaryimage","url":"https:\/\/plt-innovations.com\/wp-content\/uploads\/sites\/4\/2025\/12\/Meta-image-Responsibility.jpg","contentUrl":"https:\/\/plt-innovations.com\/wp-content\/uploads\/sites\/4\/2025\/12\/Meta-image-Responsibility.jpg","width":1024,"height":768},{"@type":"BreadcrumbList","@id":"https:\/\/plt-innovations.com\/collaboration\/#breadcrumb","itemListElement":[{"@type":"ListItem","position":1,"name":"Home","item":"https:\/\/plt-innovations.com\/"},{"@type":"ListItem","position":2,"name":"Collaboration"}]},{"@type":"WebSite","@id":"https:\/\/plt-innovations.com\/#website","url":"https:\/\/plt-innovations.com\/","name":"PLT","description":"Tecnologia de lignifica\u00e7\u00e3o pura","potentialAction":[{"@type":"SearchAction","target":{"@type":"EntryPoint","urlTemplate":"https:\/\/plt-innovations.com\/?s={search_term_string}"},"query-input":{"@type":"PropertyValueSpecification","valueRequired":true,"valueName":"search_term_string"}}],"inLanguage":"pt-BR"}]}},"_links":{"self":[{"href":"https:\/\/plt-innovations.com\/pt\/wp-json\/wp\/v2\/pages\/58","targetHints":{"allow":["GET"]}}],"collection":[{"href":"https:\/\/plt-innovations.com\/pt\/wp-json\/wp\/v2\/pages"}],"about":[{"href":"https:\/\/plt-innovations.com\/pt\/wp-json\/wp\/v2\/types\/page"}],"author":[{"embeddable":true,"href":"https:\/\/plt-innovations.com\/pt\/wp-json\/wp\/v2\/users\/1"}],"replies":[{"embeddable":true,"href":"https:\/\/plt-innovations.com\/pt\/wp-json\/wp\/v2\/comments?post=58"}],"version-history":[{"count":13,"href":"https:\/\/plt-innovations.com\/pt\/wp-json\/wp\/v2\/pages\/58\/revisions"}],"predecessor-version":[{"id":372,"href":"https:\/\/plt-innovations.com\/pt\/wp-json\/wp\/v2\/pages\/58\/revisions\/372"}],"wp:featuredmedia":[{"embeddable":true,"href":"https:\/\/plt-innovations.com\/pt\/wp-json\/wp\/v2\/media\/223"}],"wp:attachment":[{"href":"https:\/\/plt-innovations.com\/pt\/wp-json\/wp\/v2\/media?parent=58"}],"curies":[{"name":"wp","href":"https:\/\/api.w.org\/{rel}","templated":true}]}}