{"id":62,"date":"2025-11-27T04:43:48","date_gmt":"2025-11-27T04:43:48","guid":{"rendered":"https:\/\/plt.tanovis.linawang.se\/?page_id=62"},"modified":"2025-12-16T21:24:08","modified_gmt":"2025-12-16T21:24:08","slug":"about-us","status":"publish","type":"page","link":"https:\/\/plt-innovations.com\/es\/about-us\/","title":{"rendered":"Qui\u00e9nes somos"},"content":{"rendered":"<section\n  class=\"tanovis_sub_hero  sub_hero--bg-medium none\"\n  >\n  <div class=\"hero__media\">\n        \n    <div class=\"hero__symbol-container none\">\n      <div class=\"hero__symbol\">\n              <\/div>\n    <\/div>\n  <\/div>\n\n  <div class=\"hero__content container\">\n          <h1 class=\"hero__title title-lg\">Convertir la biomasa en productos valiosos<\/h1>\n      <\/div>\n<\/section>\n\n\n<section class=\"text container wysiwyg\" >\n                                      <h2 class=\"text__title fade-up\">\n            Con m\u00e1s de 15 a\u00f1os de experiencia en la transformaci\u00f3n de biomasa en productos valiosos, y como parte del Grupo Tanovis, ayudamos a los fabricantes a acelerar su transici\u00f3n hacia una producci\u00f3n circular y baja en carbono, proporcion\u00e1ndoles soluciones de lignina de alta pureza listas para usar y dise\u00f1adas para condiciones industriales reales.          <\/h2>\n                    \n<\/section>\n\n\n<section class=\"text container wysiwyg\" id=\"Tanovis\" >\n                                      <div class=\"text__image fade-up\">\n            <img loading=\"lazy\" decoding=\"async\" width=\"800\" height=\"400\" src=\"https:\/\/plt-innovations.com\/wp-content\/uploads\/sites\/4\/2025\/12\/PLT-i-symbol-400.png\" class=\"text__image-img\" alt=\"\" srcset=\"https:\/\/plt-innovations.com\/wp-content\/uploads\/sites\/4\/2025\/12\/PLT-i-symbol-400.png 800w, https:\/\/plt-innovations.com\/wp-content\/uploads\/sites\/4\/2025\/12\/PLT-i-symbol-400-300x150.png 300w, https:\/\/plt-innovations.com\/wp-content\/uploads\/sites\/4\/2025\/12\/PLT-i-symbol-400-768x384.png 768w\" sizes=\"auto, (max-width: 800px) 100vw, 800px\" \/>          <\/div>\n                                                  <h2 class=\"text__title fade-up\">\n            Parte del grupo Tanovis          <\/h2>\n                                                  <div class=\"text__body fade-up\">\n            <p><span style=\"font-weight: 400\">PLT es una empresa perteneciente al Grupo Tanovis, un grupo de empresas en expansi\u00f3n que convierte el potencial cient\u00edfico de la lignina en resultados tangibles. Cada empresa ampl\u00eda la plataforma de lignina de Tanovis a un nuevo campo, aplicando la misma tecnolog\u00eda b\u00e1sica de formas que mejoran la salud animal, avanzan en el rendimiento de los materiales y mejoran el bienestar humano. <\/span><span style=\"font-weight: 400\">El trabajo pionero de Tanovis con pol\u00edmeros de origen vegetal constituye la base cient\u00edfica de nuestro propio desarrollo, lo que nos proporciona una plataforma probada para avanzar con confianza en la innovaci\u00f3n y la ciencia de los materiales.<\/span><\/p>\n<p>&nbsp;<\/p>\n<p>&nbsp;<\/p>\n          <\/div>\n                                                  <div class=\"text__image fade-up\">\n            <img loading=\"lazy\" decoding=\"async\" width=\"800\" height=\"242\" src=\"https:\/\/plt-innovations.com\/wp-content\/uploads\/sites\/4\/2025\/12\/Tanovis-Group-colors-800-1.jpg\" class=\"text__image-img\" alt=\"\" srcset=\"https:\/\/plt-innovations.com\/wp-content\/uploads\/sites\/4\/2025\/12\/Tanovis-Group-colors-800-1.jpg 800w, https:\/\/plt-innovations.com\/wp-content\/uploads\/sites\/4\/2025\/12\/Tanovis-Group-colors-800-1-300x91.jpg 300w, https:\/\/plt-innovations.com\/wp-content\/uploads\/sites\/4\/2025\/12\/Tanovis-Group-colors-800-1-768x232.jpg 768w\" sizes=\"auto, (max-width: 800px) 100vw, 800px\" \/>          <\/div>\n                    \n<\/section>\n\n\n<section class=\"timeline container  bg-default\" id=\"background\" >\n  <h2 class=\"timeline__title\">Nuestra historia<\/h2>\n  <div class=\"timeline__inner\">\n          <div class=\"timeline__item\">\n        <h3 class=\"timeline__item-title title-xxl animate-letters\">2025<\/h3>\n        <div class=\"timeline__item-text body-md fade-up-delay-600\"><p><span style=\"font-weight: 400;\">Como pioneros en la extracci\u00f3n de diferentes tipos de ligninas, Tanovis y su equipo cuentan con m\u00e1s de 15 a\u00f1os de experiencia en la transformaci\u00f3n de biomasa en productos valiosos.<\/span><\/p>\n<\/div>\n      <\/div>\n          <div class=\"timeline__item\">\n        <h3 class=\"timeline__item-title title-xxl animate-letters\">2020<\/h3>\n        <div class=\"timeline__item-text body-md fade-up-delay-600\"><ul class=\"ul1\">\n<li>PLT Innovation AG se fund\u00f3 como la rama industrial del Grupo Tanovis, con el objetivo de salvar la brecha entre la investigaci\u00f3n en qu\u00edmica de la lignina y su aplicaci\u00f3n industrial en el mundo real.<\/li>\n<\/ul>\n<\/div>\n      <\/div>\n          <div class=\"timeline__item\">\n        <h3 class=\"timeline__item-title title-xxl animate-letters\">2017<\/h3>\n        <div class=\"timeline__item-text body-md fade-up-delay-600\"><p>Se funda Tanovis AG. <span style=\"font-weight: 400;\">y adquiri\u00f3 la producci\u00f3n, los productos y el equipo de la empresa de investigaci\u00f3n Greenvalue.<\/span> Con el fin de crear empresas de base biol\u00f3gica a gran escala.<\/p>\n<\/div>\n      <\/div>\n          <div class=\"timeline__item\">\n        <h3 class=\"timeline__item-title title-xxl animate-letters\">2005<\/h3>\n        <div class=\"timeline__item-text body-md fade-up-delay-600\"><p>Presentaci\u00f3n de Protobind\u00ae, bajo la empresa de investigaci\u00f3n GreenValue, para validar aplicaciones industriales basadas en la lignina.<\/p>\n<\/div>\n      <\/div>\n          <div class=\"timeline__item\">\n        <h3 class=\"timeline__item-title title-xxl animate-letters\">2004<\/h3>\n        <div class=\"timeline__item-text body-md fade-up-delay-600\"><p>Fund\u00f3 la empresa de investigaci\u00f3n GreenValue y estableci\u00f3 una planta industrial en la India para aprovechar el potencial industrial de la lignina.<\/p>\n<\/div>\n      <\/div>\n    <\/section>\n\n\n<section class=\"quote   bg-medium\" >\n    <img decoding=\"async\" class=\"quote__bg\" src=\"https:\/\/plt-innovations.com\/wp-content\/uploads\/sites\/4\/2025\/12\/Protobind-KW-16-9-b.jpg\" alt=\"\" \/>\n  \n  <div class=\"container\">\n        <h3 class=\"quote__text animate-lines title-lg\">\n      Nuestra misi\u00f3n es desarrollar y suministrar materiales basados en lignina de alta pureza y conocimientos t\u00e9cnicos que permitan a las industrias sustituir los insumos derivados de combustibles f\u00f3siles sin comprometer el rendimiento, el costo o la escalabilidad.    <\/h3>\n          <\/div>\n\n<\/section>\n\n\n<section class=\"text container wysiwyg\" >\n  \n<\/section>\n\n\n<section\n  class=\"tanovis_sub_hero  sub_hero--bg-default none\"\n  >\n  <div class=\"hero__media\">\n          <video class=\"hero__video\" src=\"https:\/\/plt-innovations.com\/wp-content\/uploads\/sites\/4\/2025\/12\/Tanovis_17sek.mp4\" autoplay muted loop playsinline><\/video>\n              <img decoding=\"async\" class=\"hero__bg\" src=\"https:\/\/plt-innovations.com\/wp-content\/uploads\/sites\/4\/2025\/12\/PLT-color-16-9-1.jpg\" alt=\"\" \/>\n    \n    <div class=\"hero__symbol-container none\">\n      <div class=\"hero__symbol\">\n              <\/div>\n    <\/div>\n  <\/div>\n\n  <div class=\"hero__content container\">\n      <\/div>\n<\/section>","protected":false},"excerpt":{"rendered":"","protected":false},"author":1,"featured_media":223,"parent":0,"menu_order":0,"comment_status":"closed","ping_status":"closed","template":"","meta":{"_acf_changed":false,"content-type":"","footnotes":""},"class_list":["post-62","page","type-page","status-publish","has-post-thumbnail","hentry"],"acf":[],"yoast_head":"<!-- This site is optimized with the Yoast SEO plugin v26.6 - https:\/\/yoast.com\/wordpress\/plugins\/seo\/ -->\n<title>About us - PLT<\/title>\n<meta name=\"description\" content=\"Learn about PLT Innovations \u2014 who we are, our mission and how we\u2019re building sustainable, science-led ventures that create meaningful impact for people and planet.\" \/>\n<meta name=\"robots\" content=\"index, follow, max-snippet:-1, max-image-preview:large, max-video-preview:-1\" \/>\n<link rel=\"canonical\" href=\"https:\/\/plt-innovations.com\/es\/about-us\/\" \/>\n<meta property=\"og:locale\" content=\"es_MX\" \/>\n<meta property=\"og:type\" content=\"article\" \/>\n<meta property=\"og:title\" content=\"About us - PLT\" \/>\n<meta property=\"og:description\" content=\"Learn about PLT Innovations \u2014 who we are, our mission and how we\u2019re building sustainable, science-led ventures that create meaningful impact for people and planet.\" \/>\n<meta property=\"og:url\" content=\"https:\/\/plt-innovations.com\/es\/about-us\/\" \/>\n<meta property=\"og:site_name\" content=\"PLT\" \/>\n<meta property=\"article:modified_time\" content=\"2025-12-16T21:24:08+00:00\" \/>\n<meta property=\"og:image\" content=\"https:\/\/plt-innovations.com\/wp-content\/uploads\/sites\/4\/2025\/12\/Meta-image-Responsibility.jpg\" \/>\n\t<meta property=\"og:image:width\" content=\"1024\" \/>\n\t<meta property=\"og:image:height\" content=\"768\" \/>\n\t<meta property=\"og:image:type\" content=\"image\/jpeg\" \/>\n<meta name=\"twitter:card\" content=\"summary_large_image\" \/>\n<meta name=\"twitter:label1\" content=\"Tiempo de lectura\" \/>\n\t<meta name=\"twitter:data1\" content=\"3 minutos\" \/>\n<script type=\"application\/ld+json\" class=\"yoast-schema-graph\">{\"@context\":\"https:\/\/schema.org\",\"@graph\":[{\"@type\":\"WebPage\",\"@id\":\"https:\/\/plt-innovations.com\/about-us\/\",\"url\":\"https:\/\/plt-innovations.com\/about-us\/\",\"name\":\"About us - PLT\",\"isPartOf\":{\"@id\":\"https:\/\/plt-innovations.com\/#website\"},\"primaryImageOfPage\":{\"@id\":\"https:\/\/plt-innovations.com\/about-us\/#primaryimage\"},\"image\":{\"@id\":\"https:\/\/plt-innovations.com\/about-us\/#primaryimage\"},\"thumbnailUrl\":\"https:\/\/plt-innovations.com\/wp-content\/uploads\/sites\/4\/2025\/12\/Meta-image-Responsibility.jpg\",\"datePublished\":\"2025-11-27T04:43:48+00:00\",\"dateModified\":\"2025-12-16T21:24:08+00:00\",\"description\":\"Learn about PLT Innovations \u2014 who we are, our mission and how we\u2019re building sustainable, science-led ventures that create meaningful impact for people and planet.\",\"breadcrumb\":{\"@id\":\"https:\/\/plt-innovations.com\/about-us\/#breadcrumb\"},\"inLanguage\":\"es\",\"potentialAction\":[{\"@type\":\"ReadAction\",\"target\":[\"https:\/\/plt-innovations.com\/about-us\/\"]}]},{\"@type\":\"ImageObject\",\"inLanguage\":\"es\",\"@id\":\"https:\/\/plt-innovations.com\/about-us\/#primaryimage\",\"url\":\"https:\/\/plt-innovations.com\/wp-content\/uploads\/sites\/4\/2025\/12\/Meta-image-Responsibility.jpg\",\"contentUrl\":\"https:\/\/plt-innovations.com\/wp-content\/uploads\/sites\/4\/2025\/12\/Meta-image-Responsibility.jpg\",\"width\":1024,\"height\":768},{\"@type\":\"BreadcrumbList\",\"@id\":\"https:\/\/plt-innovations.com\/about-us\/#breadcrumb\",\"itemListElement\":[{\"@type\":\"ListItem\",\"position\":1,\"name\":\"Home\",\"item\":\"https:\/\/plt-innovations.com\/\"},{\"@type\":\"ListItem\",\"position\":2,\"name\":\"About us\"}]},{\"@type\":\"WebSite\",\"@id\":\"https:\/\/plt-innovations.com\/#website\",\"url\":\"https:\/\/plt-innovations.com\/\",\"name\":\"PLT\",\"description\":\"Pure ligning technology\",\"potentialAction\":[{\"@type\":\"SearchAction\",\"target\":{\"@type\":\"EntryPoint\",\"urlTemplate\":\"https:\/\/plt-innovations.com\/?s={search_term_string}\"},\"query-input\":{\"@type\":\"PropertyValueSpecification\",\"valueRequired\":true,\"valueName\":\"search_term_string\"}}],\"inLanguage\":\"es\"}]}<\/script>\n<!-- \/ Yoast SEO plugin. -->","yoast_head_json":{"title":"About us - PLT","description":"Learn about PLT Innovations \u2014 who we are, our mission and how we\u2019re building sustainable, science-led ventures that create meaningful impact for people and planet.","robots":{"index":"index","follow":"follow","max-snippet":"max-snippet:-1","max-image-preview":"max-image-preview:large","max-video-preview":"max-video-preview:-1"},"canonical":"https:\/\/plt-innovations.com\/es\/about-us\/","og_locale":"es_MX","og_type":"article","og_title":"About us - PLT","og_description":"Learn about PLT Innovations \u2014 who we are, our mission and how we\u2019re building sustainable, science-led ventures that create meaningful impact for people and planet.","og_url":"https:\/\/plt-innovations.com\/es\/about-us\/","og_site_name":"PLT","article_modified_time":"2025-12-16T21:24:08+00:00","og_image":[{"width":1024,"height":768,"url":"https:\/\/plt-innovations.com\/wp-content\/uploads\/sites\/4\/2025\/12\/Meta-image-Responsibility.jpg","type":"image\/jpeg"}],"twitter_card":"summary_large_image","twitter_misc":{"Tiempo de lectura":"3 minutos"},"schema":{"@context":"https:\/\/schema.org","@graph":[{"@type":"WebPage","@id":"https:\/\/plt-innovations.com\/about-us\/","url":"https:\/\/plt-innovations.com\/about-us\/","name":"About us - PLT","isPartOf":{"@id":"https:\/\/plt-innovations.com\/#website"},"primaryImageOfPage":{"@id":"https:\/\/plt-innovations.com\/about-us\/#primaryimage"},"image":{"@id":"https:\/\/plt-innovations.com\/about-us\/#primaryimage"},"thumbnailUrl":"https:\/\/plt-innovations.com\/wp-content\/uploads\/sites\/4\/2025\/12\/Meta-image-Responsibility.jpg","datePublished":"2025-11-27T04:43:48+00:00","dateModified":"2025-12-16T21:24:08+00:00","description":"Learn about PLT Innovations \u2014 who we are, our mission and how we\u2019re building sustainable, science-led ventures that create meaningful impact for people and planet.","breadcrumb":{"@id":"https:\/\/plt-innovations.com\/about-us\/#breadcrumb"},"inLanguage":"es","potentialAction":[{"@type":"ReadAction","target":["https:\/\/plt-innovations.com\/about-us\/"]}]},{"@type":"ImageObject","inLanguage":"es","@id":"https:\/\/plt-innovations.com\/about-us\/#primaryimage","url":"https:\/\/plt-innovations.com\/wp-content\/uploads\/sites\/4\/2025\/12\/Meta-image-Responsibility.jpg","contentUrl":"https:\/\/plt-innovations.com\/wp-content\/uploads\/sites\/4\/2025\/12\/Meta-image-Responsibility.jpg","width":1024,"height":768},{"@type":"BreadcrumbList","@id":"https:\/\/plt-innovations.com\/about-us\/#breadcrumb","itemListElement":[{"@type":"ListItem","position":1,"name":"Home","item":"https:\/\/plt-innovations.com\/"},{"@type":"ListItem","position":2,"name":"About us"}]},{"@type":"WebSite","@id":"https:\/\/plt-innovations.com\/#website","url":"https:\/\/plt-innovations.com\/","name":"PLT","description":"Pure ligning technology","potentialAction":[{"@type":"SearchAction","target":{"@type":"EntryPoint","urlTemplate":"https:\/\/plt-innovations.com\/?s={search_term_string}"},"query-input":{"@type":"PropertyValueSpecification","valueRequired":true,"valueName":"search_term_string"}}],"inLanguage":"es"}]}},"_links":{"self":[{"href":"https:\/\/plt-innovations.com\/es\/wp-json\/wp\/v2\/pages\/62","targetHints":{"allow":["GET"]}}],"collection":[{"href":"https:\/\/plt-innovations.com\/es\/wp-json\/wp\/v2\/pages"}],"about":[{"href":"https:\/\/plt-innovations.com\/es\/wp-json\/wp\/v2\/types\/page"}],"author":[{"embeddable":true,"href":"https:\/\/plt-innovations.com\/es\/wp-json\/wp\/v2\/users\/1"}],"replies":[{"embeddable":true,"href":"https:\/\/plt-innovations.com\/es\/wp-json\/wp\/v2\/comments?post=62"}],"version-history":[{"count":18,"href":"https:\/\/plt-innovations.com\/es\/wp-json\/wp\/v2\/pages\/62\/revisions"}],"predecessor-version":[{"id":336,"href":"https:\/\/plt-innovations.com\/es\/wp-json\/wp\/v2\/pages\/62\/revisions\/336"}],"wp:featuredmedia":[{"embeddable":true,"href":"https:\/\/plt-innovations.com\/es\/wp-json\/wp\/v2\/media\/223"}],"wp:attachment":[{"href":"https:\/\/plt-innovations.com\/es\/wp-json\/wp\/v2\/media?parent=62"}],"curies":[{"name":"wp","href":"https:\/\/api.w.org\/{rel}","templated":true}]}}