{"id":60,"date":"2025-11-27T04:43:18","date_gmt":"2025-11-27T04:43:18","guid":{"rendered":"https:\/\/plt.tanovis.linawang.se\/?page_id=60"},"modified":"2025-12-16T21:34:20","modified_gmt":"2025-12-16T21:34:20","slug":"responsibility","status":"publish","type":"page","link":"https:\/\/plt-innovations.com\/es\/responsibility\/","title":{"rendered":"Responsabilidad"},"content":{"rendered":"<section\n  class=\"tanovis_sub_hero  sub_hero--bg-medium none\"\n  >\n  <div class=\"hero__media\">\n        \n    <div class=\"hero__symbol-container none\">\n      <div class=\"hero__symbol\">\n              <\/div>\n    <\/div>\n  <\/div>\n\n  <div class=\"hero__content container\">\n          <h1 class=\"hero__title title-lg\">Hacer realidad los materiales renovables y de alto rendimiento.<\/h1>\n      <\/div>\n<\/section>\n\n\n<section class=\"text container wysiwyg\" >\n                                      <h2 class=\"text__title fade-up\">\n            Estamos comprometidos con las pr\u00e1cticas sostenibles y los est\u00e1ndares \u00e9ticos, con el objetivo de generar un impacto positivo tanto en la industria como en el medio ambiente.          <\/h2>\n                                                  <div class=\"text__body fade-up\">\n            <p>Desde el punto de vista medioambiental, la lignina es una fuente renovable muy atractiva para muchas industrias. <span style=\"font-weight: 400\">Las principales fuerzas impulsoras para avanzar hacia los materiales de origen biol\u00f3gico provienen de la reducci\u00f3n de las emisiones y de las fuentes f\u00f3siles limitadas. El crecimiento anual compuesto previsto entre 2020 y 2030, seg\u00fan Arthur d'Little, es de 17 % para los materiales de origen biol\u00f3gico, en comparaci\u00f3n con solo 3,2 % para el pl\u00e1stico convencional.<\/span><\/p>\n<p>&nbsp;<\/p>\n<p><span style=\"font-weight: 400\">Nuestros productos especializados, basados en la plataforma de lignina Tanovis, son biopol\u00edmeros con caracter\u00edsticas espec\u00edficas que permiten su uso en numerosas aplicaciones, en las que los mon\u00f3meros fen\u00f3licos proporcionan un alto m\u00f3dulo mec\u00e1nico, caracter\u00edsticas de reticulaci\u00f3n, propiedades antioxidantes, etc. <\/span><\/p>\n<p>&nbsp;<\/p>\n          <\/div>\n                    \n<\/section>\n\n\n<section class=\"text container wysiwyg\" >\n                                      <div class=\"text__body fade-up\">\n            <p>NUESTROS ESFUERZOS POR SER RESPONSABLES M\u00c1S ALL\u00c1 DEL PRODUCTO:<\/p>\n          <\/div>\n                    \n<\/section>\n\n\n<section class=\"text container wysiwyg\" id=\"Circular\" >\n                                      <div class=\"text__body fade-up\">\n            <h2>Econom\u00eda circular:<\/h2>\n<p>Queremos aumentar la proporci\u00f3n de materias primas renovables y recicladas, y explorar oportunidades de reutilizaci\u00f3n.<\/p>\n<p>&nbsp;<\/p>\n<p>Nuestra materia prima proviene de residuos agr\u00edcolas que, de otro modo, a menudo se quemar\u00edan. El uso de este tipo de materia prima reduce significativamente la huella de carbono.<\/p>\n          <\/div>\n                                                  <div class=\"text__image fade-up\">\n            <img loading=\"lazy\" decoding=\"async\" width=\"800\" height=\"600\" src=\"https:\/\/plt-innovations.com\/wp-content\/uploads\/sites\/4\/2025\/12\/Our-impact-model-beige-4-3-800px.jpg\" class=\"text__image-img\" alt=\"\" srcset=\"https:\/\/plt-innovations.com\/wp-content\/uploads\/sites\/4\/2025\/12\/Our-impact-model-beige-4-3-800px.jpg 800w, https:\/\/plt-innovations.com\/wp-content\/uploads\/sites\/4\/2025\/12\/Our-impact-model-beige-4-3-800px-300x225.jpg 300w, https:\/\/plt-innovations.com\/wp-content\/uploads\/sites\/4\/2025\/12\/Our-impact-model-beige-4-3-800px-768x576.jpg 768w\" sizes=\"auto, (max-width: 800px) 100vw, 800px\" \/>          <\/div>\n                    \n<\/section>\n\n\n<section class=\"text container wysiwyg\" id=\"Innovation\" >\n                                      <div class=\"text__body fade-up\">\n            <h2>Innovaci\u00f3n y productos sostenibles:<\/h2>\n<p>Nuestro enfoque hace hincapi\u00e9 en la eficiencia de los recursos a lo largo de toda la cadena de valor, junto con el dise\u00f1o y la utilizaci\u00f3n inteligentes de los productos. Al minimizar el uso de productos petroqu\u00edmicos en diversas aplicaciones y bienes de consumo, y sustituirlos por fuentes de energ\u00eda renovables, reducimos significativamente la huella de carbono global.<\/p>\n<p>&nbsp;<\/p>\n<p>Este enfoque tambi\u00e9n reduce el impacto ambiental.<\/p>\n          <\/div>\n                                                  <div class=\"text__image fade-up\">\n            <img loading=\"lazy\" decoding=\"async\" width=\"800\" height=\"600\" src=\"https:\/\/plt-innovations.com\/wp-content\/uploads\/sites\/4\/2025\/12\/From-renewable-agro-model-4-3-800.jpg\" class=\"text__image-img\" alt=\"\" srcset=\"https:\/\/plt-innovations.com\/wp-content\/uploads\/sites\/4\/2025\/12\/From-renewable-agro-model-4-3-800.jpg 800w, https:\/\/plt-innovations.com\/wp-content\/uploads\/sites\/4\/2025\/12\/From-renewable-agro-model-4-3-800-300x225.jpg 300w, https:\/\/plt-innovations.com\/wp-content\/uploads\/sites\/4\/2025\/12\/From-renewable-agro-model-4-3-800-768x576.jpg 768w\" sizes=\"auto, (max-width: 800px) 100vw, 800px\" \/>          <\/div>\n                    \n<\/section>\n\n\n<section class=\"text container wysiwyg\" id=\"employer\" >\n                                      <div class=\"text__body fade-up\">\n            <h2>Empleador responsable:<\/h2>\n<p>La igualdad constituye la base de una fuerza laboral motivada y comprometida, y es un elemento fundamental dentro de la empresa.<\/p>\n<p>Fomenta un ambiente inclusivo que impulsa el compromiso y la productividad de los empleados.<\/p>\n          <\/div>\n                    \n<\/section>\n\n\n<section\n  class=\"tanovis_sub_hero  sub_hero--bg-medium none\"\n  >\n  <div class=\"hero__media\">\n          <video class=\"hero__video\" src=\"https:\/\/plt-innovations.com\/wp-content\/uploads\/sites\/4\/2025\/12\/Tanovis_17sek.mp4\" autoplay muted loop playsinline><\/video>\n              <img decoding=\"async\" class=\"hero__bg\" src=\"https:\/\/plt-innovations.com\/wp-content\/uploads\/sites\/4\/2025\/12\/PLT-color-16-9-1.jpg\" alt=\"\" \/>\n    \n    <div class=\"hero__symbol-container none\">\n      <div class=\"hero__symbol\">\n              <\/div>\n    <\/div>\n  <\/div>\n\n  <div class=\"hero__content container\">\n      <\/div>\n<\/section>\n\n\n<section class=\"text container wysiwyg\" >\n  \n<\/section>","protected":false},"excerpt":{"rendered":"","protected":false},"author":1,"featured_media":222,"parent":0,"menu_order":0,"comment_status":"closed","ping_status":"closed","template":"","meta":{"_acf_changed":false,"content-type":"","footnotes":""},"class_list":["post-60","page","type-page","status-publish","has-post-thumbnail","hentry"],"acf":[],"yoast_head":"<!-- This site is optimized with the Yoast SEO plugin v26.6 - https:\/\/yoast.com\/wordpress\/plugins\/seo\/ -->\n<title>Responsibility - PLT<\/title>\n<meta name=\"description\" content=\"Explore how PLT Innovations lives responsibility \u2014 with sustainability, purpose and meaningful impact at the centre of our science-led innovation journey.\" \/>\n<meta name=\"robots\" content=\"index, follow, max-snippet:-1, max-image-preview:large, max-video-preview:-1\" \/>\n<link rel=\"canonical\" href=\"https:\/\/plt-innovations.com\/es\/responsibility\/\" \/>\n<meta property=\"og:locale\" content=\"es_MX\" \/>\n<meta property=\"og:type\" content=\"article\" \/>\n<meta property=\"og:title\" content=\"Responsibility - PLT\" \/>\n<meta property=\"og:description\" content=\"Explore how PLT Innovations lives responsibility \u2014 with sustainability, purpose and meaningful impact at the centre of our science-led innovation journey.\" \/>\n<meta property=\"og:url\" content=\"https:\/\/plt-innovations.com\/es\/responsibility\/\" \/>\n<meta property=\"og:site_name\" content=\"PLT\" \/>\n<meta property=\"article:modified_time\" content=\"2025-12-16T21:34:20+00:00\" \/>\n<meta property=\"og:image\" content=\"https:\/\/plt-innovations.com\/wp-content\/uploads\/sites\/4\/2025\/12\/Meta-image-Our-Story.jpg\" \/>\n\t<meta property=\"og:image:width\" content=\"1024\" \/>\n\t<meta property=\"og:image:height\" content=\"768\" \/>\n\t<meta property=\"og:image:type\" content=\"image\/jpeg\" \/>\n<meta name=\"twitter:card\" content=\"summary_large_image\" \/>\n<meta name=\"twitter:label1\" content=\"Tiempo de lectura\" \/>\n\t<meta name=\"twitter:data1\" content=\"2 minutos\" \/>\n<script type=\"application\/ld+json\" class=\"yoast-schema-graph\">{\"@context\":\"https:\/\/schema.org\",\"@graph\":[{\"@type\":\"WebPage\",\"@id\":\"https:\/\/plt-innovations.com\/responsibility\/\",\"url\":\"https:\/\/plt-innovations.com\/responsibility\/\",\"name\":\"Responsibility - PLT\",\"isPartOf\":{\"@id\":\"https:\/\/plt-innovations.com\/#website\"},\"primaryImageOfPage\":{\"@id\":\"https:\/\/plt-innovations.com\/responsibility\/#primaryimage\"},\"image\":{\"@id\":\"https:\/\/plt-innovations.com\/responsibility\/#primaryimage\"},\"thumbnailUrl\":\"https:\/\/plt-innovations.com\/wp-content\/uploads\/sites\/4\/2025\/12\/Meta-image-Our-Story.jpg\",\"datePublished\":\"2025-11-27T04:43:18+00:00\",\"dateModified\":\"2025-12-16T21:34:20+00:00\",\"description\":\"Explore how PLT Innovations lives responsibility \u2014 with sustainability, purpose and meaningful impact at the centre of our science-led innovation journey.\",\"breadcrumb\":{\"@id\":\"https:\/\/plt-innovations.com\/responsibility\/#breadcrumb\"},\"inLanguage\":\"es\",\"potentialAction\":[{\"@type\":\"ReadAction\",\"target\":[\"https:\/\/plt-innovations.com\/responsibility\/\"]}]},{\"@type\":\"ImageObject\",\"inLanguage\":\"es\",\"@id\":\"https:\/\/plt-innovations.com\/responsibility\/#primaryimage\",\"url\":\"https:\/\/plt-innovations.com\/wp-content\/uploads\/sites\/4\/2025\/12\/Meta-image-Our-Story.jpg\",\"contentUrl\":\"https:\/\/plt-innovations.com\/wp-content\/uploads\/sites\/4\/2025\/12\/Meta-image-Our-Story.jpg\",\"width\":1024,\"height\":768},{\"@type\":\"BreadcrumbList\",\"@id\":\"https:\/\/plt-innovations.com\/responsibility\/#breadcrumb\",\"itemListElement\":[{\"@type\":\"ListItem\",\"position\":1,\"name\":\"Home\",\"item\":\"https:\/\/plt-innovations.com\/\"},{\"@type\":\"ListItem\",\"position\":2,\"name\":\"Responsibility\"}]},{\"@type\":\"WebSite\",\"@id\":\"https:\/\/plt-innovations.com\/#website\",\"url\":\"https:\/\/plt-innovations.com\/\",\"name\":\"PLT\",\"description\":\"Pure ligning technology\",\"potentialAction\":[{\"@type\":\"SearchAction\",\"target\":{\"@type\":\"EntryPoint\",\"urlTemplate\":\"https:\/\/plt-innovations.com\/?s={search_term_string}\"},\"query-input\":{\"@type\":\"PropertyValueSpecification\",\"valueRequired\":true,\"valueName\":\"search_term_string\"}}],\"inLanguage\":\"es\"}]}<\/script>\n<!-- \/ Yoast SEO plugin. -->","yoast_head_json":{"title":"Responsibility - PLT","description":"Explore how PLT Innovations lives responsibility \u2014 with sustainability, purpose and meaningful impact at the centre of our science-led innovation journey.","robots":{"index":"index","follow":"follow","max-snippet":"max-snippet:-1","max-image-preview":"max-image-preview:large","max-video-preview":"max-video-preview:-1"},"canonical":"https:\/\/plt-innovations.com\/es\/responsibility\/","og_locale":"es_MX","og_type":"article","og_title":"Responsibility - PLT","og_description":"Explore how PLT Innovations lives responsibility \u2014 with sustainability, purpose and meaningful impact at the centre of our science-led innovation journey.","og_url":"https:\/\/plt-innovations.com\/es\/responsibility\/","og_site_name":"PLT","article_modified_time":"2025-12-16T21:34:20+00:00","og_image":[{"width":1024,"height":768,"url":"https:\/\/plt-innovations.com\/wp-content\/uploads\/sites\/4\/2025\/12\/Meta-image-Our-Story.jpg","type":"image\/jpeg"}],"twitter_card":"summary_large_image","twitter_misc":{"Tiempo de lectura":"2 minutos"},"schema":{"@context":"https:\/\/schema.org","@graph":[{"@type":"WebPage","@id":"https:\/\/plt-innovations.com\/responsibility\/","url":"https:\/\/plt-innovations.com\/responsibility\/","name":"Responsibility - PLT","isPartOf":{"@id":"https:\/\/plt-innovations.com\/#website"},"primaryImageOfPage":{"@id":"https:\/\/plt-innovations.com\/responsibility\/#primaryimage"},"image":{"@id":"https:\/\/plt-innovations.com\/responsibility\/#primaryimage"},"thumbnailUrl":"https:\/\/plt-innovations.com\/wp-content\/uploads\/sites\/4\/2025\/12\/Meta-image-Our-Story.jpg","datePublished":"2025-11-27T04:43:18+00:00","dateModified":"2025-12-16T21:34:20+00:00","description":"Explore how PLT Innovations lives responsibility \u2014 with sustainability, purpose and meaningful impact at the centre of our science-led innovation journey.","breadcrumb":{"@id":"https:\/\/plt-innovations.com\/responsibility\/#breadcrumb"},"inLanguage":"es","potentialAction":[{"@type":"ReadAction","target":["https:\/\/plt-innovations.com\/responsibility\/"]}]},{"@type":"ImageObject","inLanguage":"es","@id":"https:\/\/plt-innovations.com\/responsibility\/#primaryimage","url":"https:\/\/plt-innovations.com\/wp-content\/uploads\/sites\/4\/2025\/12\/Meta-image-Our-Story.jpg","contentUrl":"https:\/\/plt-innovations.com\/wp-content\/uploads\/sites\/4\/2025\/12\/Meta-image-Our-Story.jpg","width":1024,"height":768},{"@type":"BreadcrumbList","@id":"https:\/\/plt-innovations.com\/responsibility\/#breadcrumb","itemListElement":[{"@type":"ListItem","position":1,"name":"Home","item":"https:\/\/plt-innovations.com\/"},{"@type":"ListItem","position":2,"name":"Responsibility"}]},{"@type":"WebSite","@id":"https:\/\/plt-innovations.com\/#website","url":"https:\/\/plt-innovations.com\/","name":"PLT","description":"Pure ligning technology","potentialAction":[{"@type":"SearchAction","target":{"@type":"EntryPoint","urlTemplate":"https:\/\/plt-innovations.com\/?s={search_term_string}"},"query-input":{"@type":"PropertyValueSpecification","valueRequired":true,"valueName":"search_term_string"}}],"inLanguage":"es"}]}},"_links":{"self":[{"href":"https:\/\/plt-innovations.com\/es\/wp-json\/wp\/v2\/pages\/60","targetHints":{"allow":["GET"]}}],"collection":[{"href":"https:\/\/plt-innovations.com\/es\/wp-json\/wp\/v2\/pages"}],"about":[{"href":"https:\/\/plt-innovations.com\/es\/wp-json\/wp\/v2\/types\/page"}],"author":[{"embeddable":true,"href":"https:\/\/plt-innovations.com\/es\/wp-json\/wp\/v2\/users\/1"}],"replies":[{"embeddable":true,"href":"https:\/\/plt-innovations.com\/es\/wp-json\/wp\/v2\/comments?post=60"}],"version-history":[{"count":14,"href":"https:\/\/plt-innovations.com\/es\/wp-json\/wp\/v2\/pages\/60\/revisions"}],"predecessor-version":[{"id":338,"href":"https:\/\/plt-innovations.com\/es\/wp-json\/wp\/v2\/pages\/60\/revisions\/338"}],"wp:featuredmedia":[{"embeddable":true,"href":"https:\/\/plt-innovations.com\/es\/wp-json\/wp\/v2\/media\/222"}],"wp:attachment":[{"href":"https:\/\/plt-innovations.com\/es\/wp-json\/wp\/v2\/media?parent=60"}],"curies":[{"name":"wp","href":"https:\/\/api.w.org\/{rel}","templated":true}]}}