{"id":202,"date":"2025-12-09T15:19:33","date_gmt":"2025-12-09T15:19:33","guid":{"rendered":"https:\/\/plt.tanovis.linawang.se\/?page_id=202"},"modified":"2025-12-16T21:35:58","modified_gmt":"2025-12-16T21:35:58","slug":"scientific-articles","status":"publish","type":"page","link":"https:\/\/plt-innovations.com\/es\/scientific-articles\/","title":{"rendered":"Art\u00edculos cient\u00edficos"},"content":{"rendered":"<section\n  class=\"tanovis_sub_hero  sub_hero--bg-accent none\"\n  >\n  <div class=\"hero__media\">\n        \n    <div class=\"hero__symbol-container none\">\n      <div class=\"hero__symbol\">\n              <\/div>\n    <\/div>\n  <\/div>\n\n  <div class=\"hero__content container\">\n          <h1 class=\"hero__title title-lg\">Art\u00edculos cient\u00edficos<\/h1>\n      <\/div>\n<\/section>\n\n\n<section class=\"text container wysiwyg\" >\n                                      <h2 class=\"text__title fade-up\">\n            Las publicaciones que hacen referencia a los productos Protobind\u00ae han sido ampliamente investigadas para diferentes aplicaciones y publicadas en revistas de gran impacto.          <\/h2>\n                    \n<\/section>\n\n\n<section class=\"stacked-texts container  bg-default\" >\n  <h2 class=\"stacked-texts__title body-md\"><\/h2>\n  <div class=\"stacked-texts__inner\">\n            <div class=\"stacked-texts__section fade-up\">\n      <h3 class=\"stacked-texts__section-title title-md animate-words\">Olor y componentes odor\u00edferos de mezclas de HDPE y lignina de diferente origen<\/h3>\n      <div class=\"stacked-texts__section-text body-md fade-up-delay-600\"><p><span style=\"font-weight: 400;\">Lok B., Mueller G., Ganster J., Erdmann J., Buettner A., Denk P. (2022) <\/span><\/p>\n<p>&nbsp;<\/p>\n<p><strong><a href=\"https:\/\/www.mdpi.com\/2073-4360\/14\/1\/206\" target=\"_blank\" rel=\"noopener\">Leer art\u00edculo<\/a><\/strong><\/p>\n<\/div>\n    <\/div>\n        <div class=\"stacked-texts__section fade-up\">\n      <h3 class=\"stacked-texts__section-title title-md animate-words\">Valorizaci\u00f3n potencial de Protobind 1000 como adsorbente para Pb\u00b2\u207a y Zn\u00b2\u207a.<\/h3>\n      <div class=\"stacked-texts__section-text body-md fade-up-delay-600\"><p><span style=\"font-weight: 400;\">Trofin A.E., Ungureanu E., Trinc\u0103 L.C., Fortuna M.E., Eperjessy, D.B. (2022)<\/span><\/p>\n<ol>\n<li style=\"font-weight: 400;\" aria-level=\"1\"><span style=\"font-weight: 400;\">Revista de Ciencias Aplicadas a la Vida y el Medio Ambiente (ALSE), vol. 55(1): p\u00e1gs. 31-44.<\/span><\/li>\n<\/ol>\n<p>&nbsp;<\/p>\n<p><strong><a href=\"https:\/\/www.researchgate.net\/publication\/364818277_Potential_valorisation_of_Protobind_1000_as_adsorbent_for_Pb_2_and_Zn_2\" target=\"_blank\" rel=\"noopener\">Leer art\u00edculo<\/a><\/strong><\/p>\n<\/div>\n    <\/div>\n        <div class=\"stacked-texts__section fade-up\">\n      <h3 class=\"stacked-texts__section-title title-md animate-words\">Cambios en la fracci\u00f3n fen\u00f3lica de Protobind 1000 y la microbiota bacteriana en el intestino de una termita superior, Nasutitermes ephratae.<\/h3>\n      <div class=\"stacked-texts__section-text body-md fade-up-delay-600\"><p><span style=\"font-weight: 400;\">Jusselme M.D., C\u00e9zard L., Pion F., Baumberger S., Robert A., Lapierre C., Diouf M., Mora P., Miambi E. (2020) J Microbiol Biotechnol, vol. 5 (3): p. 169.<\/span><\/p>\n<p>&nbsp;<\/p>\n<p><a href=\"https:\/\/hal.sorbonne-universite.fr\/hal-03989940\/document\" target=\"_blank\" rel=\"noopener\"><strong>Leer art\u00edculo<\/strong><\/a><\/p>\n<\/div>\n    <\/div>\n        <div class=\"stacked-texts__section fade-up\">\n      <h3 class=\"stacked-texts__section-title title-md animate-words\">Despolimerizaci\u00f3n catalizada por \u00e1cido de Lewis de la lignina Protobind en agua supercr\u00edtica y etanol.<\/h3>\n      <div class=\"stacked-texts__section-text body-md fade-up-delay-600\"><ol>\n<li style=\"font-weight: 400;\" aria-level=\"1\"><span style=\"font-weight: 400;\">G\u00fcvenatam B., Heeres E.H.J., Pidko E.A., Hensen E.J.M. (2016) Catalysis Today, vol. 259: p\u00e1gs. 460-466.<\/span><\/li>\n<\/ol>\n<p>&nbsp;<\/p>\n<p><a href=\"https:\/\/pure.rug.nl\/ws\/files\/79101421\/Lewis_acid_catalyzed_depolymerization_of_Protobind_lignin_in_supercritical_water.pdf\" target=\"_blank\" rel=\"noopener\"><strong>Leer art\u00edculo<\/strong><\/a><\/p>\n<\/div>\n    <\/div>\n        <div class=\"stacked-texts__section fade-up\">\n      <h3 class=\"stacked-texts__section-title title-md animate-words\">Valorizaci\u00f3n de la lignina modificada por hidroximetilaci\u00f3n para garantizar la bioprotecci\u00f3n de la chapa de abedul.<\/h3>\n      <div class=\"stacked-texts__section-text body-md fade-up-delay-600\"><ol>\n<li style=\"font-weight: 400;\" aria-level=\"1\"><span style=\"font-weight: 400;\">Ariton A.M., Creanga S., Trinca L.C., Bors S.I., Ungureanu E., Malut An T., Popa V.I. (2015)  Cellulose Chem. Technol., vol. 49 (9-10): p. 765-774.\u00a0<\/span><\/li>\n<\/ol>\n<p>&nbsp;<\/p>\n<p><a href=\"https:\/\/cellulosechemtechnol.ro\/pdf\/CCT9-10(2015)\/p.765-774.pdf\" target=\"_blank\" rel=\"noopener\"><strong>Leer art\u00edculo<\/strong><\/a><\/p>\n<\/div>\n    <\/div>\n        <div class=\"stacked-texts__section fade-up\">\n      <h3 class=\"stacked-texts__section-title title-md animate-words\">Fracci\u00f3namiento y caracterizaci\u00f3n de ligninas industriales.<\/h3>\n      <div class=\"stacked-texts__section-text body-md fade-up-delay-600\"><p><span style=\"font-weight: 400;\">Li H., McDonald A.G. (2014) Ind. Crops Prod., vol. 62: p\u00e1gs. 67-76.<\/span><\/p>\n<p>&nbsp;<\/p>\n<p><a href=\"https:\/\/www.scribd.com\/document\/937176721\/Fractionation-and-Characterization-of-Industrial-Lignins\" target=\"_blank\" rel=\"noopener\"><strong>Leer art\u00edculo<\/strong><\/a><\/p>\n<\/div>\n    <\/div>\n          <\/div>\n<\/section>\n\n\n<section class=\"text container wysiwyg\" >\n  \n<\/section>","protected":false},"excerpt":{"rendered":"","protected":false},"author":1,"featured_media":0,"parent":0,"menu_order":0,"comment_status":"closed","ping_status":"closed","template":"","meta":{"_acf_changed":false,"content-type":"","footnotes":""},"class_list":["post-202","page","type-page","status-publish","hentry"],"acf":[],"yoast_head":"<!-- This site is optimized with the Yoast SEO plugin v26.6 - https:\/\/yoast.com\/wordpress\/plugins\/seo\/ -->\n<title>Scientific articles - PLT<\/title>\n<meta name=\"description\" content=\"Browse scientific articles from PLT Innovations. Find research, insights and thoughtful perspectives on science-led sustainable innovation and real-world impact.\" \/>\n<meta name=\"robots\" content=\"index, follow, max-snippet:-1, max-image-preview:large, max-video-preview:-1\" \/>\n<link rel=\"canonical\" href=\"https:\/\/plt-innovations.com\/es\/scientific-articles\/\" \/>\n<meta property=\"og:locale\" content=\"es_MX\" \/>\n<meta property=\"og:type\" content=\"article\" \/>\n<meta property=\"og:title\" content=\"Scientific articles - PLT\" \/>\n<meta property=\"og:description\" content=\"Browse scientific articles from PLT Innovations. Find research, insights and thoughtful perspectives on science-led sustainable innovation and real-world impact.\" \/>\n<meta property=\"og:url\" content=\"https:\/\/plt-innovations.com\/es\/scientific-articles\/\" \/>\n<meta property=\"og:site_name\" content=\"PLT\" \/>\n<meta property=\"article:modified_time\" content=\"2025-12-16T21:35:58+00:00\" \/>\n<meta name=\"twitter:card\" content=\"summary_large_image\" \/>\n<meta name=\"twitter:label1\" content=\"Tiempo de lectura\" \/>\n\t<meta name=\"twitter:data1\" content=\"1 minuto\" \/>\n<script type=\"application\/ld+json\" class=\"yoast-schema-graph\">{\"@context\":\"https:\/\/schema.org\",\"@graph\":[{\"@type\":\"WebPage\",\"@id\":\"https:\/\/plt-innovations.com\/scientific-articles\/\",\"url\":\"https:\/\/plt-innovations.com\/scientific-articles\/\",\"name\":\"Scientific articles - PLT\",\"isPartOf\":{\"@id\":\"https:\/\/plt-innovations.com\/#website\"},\"datePublished\":\"2025-12-09T15:19:33+00:00\",\"dateModified\":\"2025-12-16T21:35:58+00:00\",\"description\":\"Browse scientific articles from PLT Innovations. Find research, insights and thoughtful perspectives on science-led sustainable innovation and real-world impact.\",\"breadcrumb\":{\"@id\":\"https:\/\/plt-innovations.com\/scientific-articles\/#breadcrumb\"},\"inLanguage\":\"es\",\"potentialAction\":[{\"@type\":\"ReadAction\",\"target\":[\"https:\/\/plt-innovations.com\/scientific-articles\/\"]}]},{\"@type\":\"BreadcrumbList\",\"@id\":\"https:\/\/plt-innovations.com\/scientific-articles\/#breadcrumb\",\"itemListElement\":[{\"@type\":\"ListItem\",\"position\":1,\"name\":\"Home\",\"item\":\"https:\/\/plt-innovations.com\/\"},{\"@type\":\"ListItem\",\"position\":2,\"name\":\"Scientific articles\"}]},{\"@type\":\"WebSite\",\"@id\":\"https:\/\/plt-innovations.com\/#website\",\"url\":\"https:\/\/plt-innovations.com\/\",\"name\":\"PLT\",\"description\":\"Pure ligning technology\",\"potentialAction\":[{\"@type\":\"SearchAction\",\"target\":{\"@type\":\"EntryPoint\",\"urlTemplate\":\"https:\/\/plt-innovations.com\/?s={search_term_string}\"},\"query-input\":{\"@type\":\"PropertyValueSpecification\",\"valueRequired\":true,\"valueName\":\"search_term_string\"}}],\"inLanguage\":\"es\"}]}<\/script>\n<!-- \/ Yoast SEO plugin. -->","yoast_head_json":{"title":"Scientific articles - PLT","description":"Browse scientific articles from PLT Innovations. Find research, insights and thoughtful perspectives on science-led sustainable innovation and real-world impact.","robots":{"index":"index","follow":"follow","max-snippet":"max-snippet:-1","max-image-preview":"max-image-preview:large","max-video-preview":"max-video-preview:-1"},"canonical":"https:\/\/plt-innovations.com\/es\/scientific-articles\/","og_locale":"es_MX","og_type":"article","og_title":"Scientific articles - PLT","og_description":"Browse scientific articles from PLT Innovations. Find research, insights and thoughtful perspectives on science-led sustainable innovation and real-world impact.","og_url":"https:\/\/plt-innovations.com\/es\/scientific-articles\/","og_site_name":"PLT","article_modified_time":"2025-12-16T21:35:58+00:00","twitter_card":"summary_large_image","twitter_misc":{"Tiempo de lectura":"1 minuto"},"schema":{"@context":"https:\/\/schema.org","@graph":[{"@type":"WebPage","@id":"https:\/\/plt-innovations.com\/scientific-articles\/","url":"https:\/\/plt-innovations.com\/scientific-articles\/","name":"Scientific articles - PLT","isPartOf":{"@id":"https:\/\/plt-innovations.com\/#website"},"datePublished":"2025-12-09T15:19:33+00:00","dateModified":"2025-12-16T21:35:58+00:00","description":"Browse scientific articles from PLT Innovations. Find research, insights and thoughtful perspectives on science-led sustainable innovation and real-world impact.","breadcrumb":{"@id":"https:\/\/plt-innovations.com\/scientific-articles\/#breadcrumb"},"inLanguage":"es","potentialAction":[{"@type":"ReadAction","target":["https:\/\/plt-innovations.com\/scientific-articles\/"]}]},{"@type":"BreadcrumbList","@id":"https:\/\/plt-innovations.com\/scientific-articles\/#breadcrumb","itemListElement":[{"@type":"ListItem","position":1,"name":"Home","item":"https:\/\/plt-innovations.com\/"},{"@type":"ListItem","position":2,"name":"Scientific articles"}]},{"@type":"WebSite","@id":"https:\/\/plt-innovations.com\/#website","url":"https:\/\/plt-innovations.com\/","name":"PLT","description":"Pure ligning technology","potentialAction":[{"@type":"SearchAction","target":{"@type":"EntryPoint","urlTemplate":"https:\/\/plt-innovations.com\/?s={search_term_string}"},"query-input":{"@type":"PropertyValueSpecification","valueRequired":true,"valueName":"search_term_string"}}],"inLanguage":"es"}]}},"_links":{"self":[{"href":"https:\/\/plt-innovations.com\/es\/wp-json\/wp\/v2\/pages\/202","targetHints":{"allow":["GET"]}}],"collection":[{"href":"https:\/\/plt-innovations.com\/es\/wp-json\/wp\/v2\/pages"}],"about":[{"href":"https:\/\/plt-innovations.com\/es\/wp-json\/wp\/v2\/types\/page"}],"author":[{"embeddable":true,"href":"https:\/\/plt-innovations.com\/es\/wp-json\/wp\/v2\/users\/1"}],"replies":[{"embeddable":true,"href":"https:\/\/plt-innovations.com\/es\/wp-json\/wp\/v2\/comments?post=202"}],"version-history":[{"count":7,"href":"https:\/\/plt-innovations.com\/es\/wp-json\/wp\/v2\/pages\/202\/revisions"}],"predecessor-version":[{"id":218,"href":"https:\/\/plt-innovations.com\/es\/wp-json\/wp\/v2\/pages\/202\/revisions\/218"}],"wp:attachment":[{"href":"https:\/\/plt-innovations.com\/es\/wp-json\/wp\/v2\/media?parent=202"}],"curies":[{"name":"wp","href":"https:\/\/api.w.org\/{rel}","templated":true}]}}