{"id":60,"date":"2025-11-27T04:43:18","date_gmt":"2025-11-27T04:43:18","guid":{"rendered":"https:\/\/plt.tanovis.linawang.se\/?page_id=60"},"modified":"2025-12-16T21:34:20","modified_gmt":"2025-12-16T21:34:20","slug":"responsibility","status":"publish","type":"page","link":"https:\/\/plt-innovations.com\/de\/responsibility\/","title":{"rendered":"Verantwortung"},"content":{"rendered":"<section\n  class=\"tanovis_sub_hero  sub_hero--bg-medium none\"\n  >\n  <div class=\"hero__media\">\n        \n    <div class=\"hero__symbol-container none\">\n      <div class=\"hero__symbol\">\n              <\/div>\n    <\/div>\n  <\/div>\n\n  <div class=\"hero__content container\">\n          <h1 class=\"hero__title title-lg\">Erneuerbare, leistungsstarke Materialien in die Praxis umsetzen.<\/h1>\n      <\/div>\n<\/section>\n\n\n<section class=\"text container wysiwyg\" >\n                                      <h2 class=\"text__title fade-up\">\n            Wir verpflichten uns zu nachhaltigen Praktiken und ethischen Standards, um einen positiven Einfluss auf die Branche und die Umwelt zu nehmen.          <\/h2>\n                                                  <div class=\"text__body fade-up\">\n            <p>Unter Umweltgesichtspunkten ist Lignin f\u00fcr viele Industriezweige eine attraktive erneuerbare Ressource. <span style=\"font-weight: 400\">Die Hauptantriebskr\u00e4fte f\u00fcr den \u00dcbergang zu biobasierten Materialien sind die Senkung der Emissionen und die Begrenzung fossiler Ressourcen. Das von Arthur d'Little prognostizierte durchschnittliche j\u00e4hrliche Wachstum zwischen 2020 und 2030 betr\u00e4gt 17 % f\u00fcr biobasierte Materialien, verglichen mit nur 3,2 % f\u00fcr herk\u00f6mmlichen Kunststoff.<\/span><\/p>\n<p>&nbsp;<\/p>\n<p><span style=\"font-weight: 400\">Unsere Spezialprodukte, die auf der Tanovis-Lignin-Plattform basieren, sind Biopolymere mit spezifischen Eigenschaften, die in zahlreichen Anwendungen zum Einsatz kommen k\u00f6nnen, wobei die Phenolmonomere einen hohen mechanischen Modul, Vernetzungseigenschaften, antioxidative Eigenschaften usw. bieten. <\/span><\/p>\n<p>&nbsp;<\/p>\n          <\/div>\n                    \n<\/section>\n\n\n<section class=\"text container wysiwyg\" >\n                                      <div class=\"text__body fade-up\">\n            <p>UNSERE BEM\u00dcHUNGEN, \u00dcBER DAS PRODUKT HINAUS VERANTWORTUNGSBEWUSST ZU HANDELN:<\/p>\n          <\/div>\n                    \n<\/section>\n\n\n<section class=\"text container wysiwyg\" id=\"Circular\" >\n                                      <div class=\"text__body fade-up\">\n            <h2>Kreislaufwirtschaft:<\/h2>\n<p>Wir wollen den Anteil erneuerbarer und recycelter Rohstoffe erh\u00f6hen und M\u00f6glichkeiten zur Wiederverwendung ausloten.<\/p>\n<p>&nbsp;<\/p>\n<p>Unser Rohstoff stammt aus landwirtschaftlichen Reststoffen, die andernfalls oft verbrannt w\u00fcrden. Durch die Verwendung dieser Art von Rohstoff wird der CO2-Fu\u00dfabdruck erheblich reduziert.<\/p>\n          <\/div>\n                                                  <div class=\"text__image fade-up\">\n            <img loading=\"lazy\" decoding=\"async\" width=\"800\" height=\"600\" src=\"https:\/\/plt-innovations.com\/wp-content\/uploads\/sites\/4\/2025\/12\/Our-impact-model-beige-4-3-800px.jpg\" class=\"text__image-img\" alt=\"\" srcset=\"https:\/\/plt-innovations.com\/wp-content\/uploads\/sites\/4\/2025\/12\/Our-impact-model-beige-4-3-800px.jpg 800w, https:\/\/plt-innovations.com\/wp-content\/uploads\/sites\/4\/2025\/12\/Our-impact-model-beige-4-3-800px-300x225.jpg 300w, https:\/\/plt-innovations.com\/wp-content\/uploads\/sites\/4\/2025\/12\/Our-impact-model-beige-4-3-800px-768x576.jpg 768w\" sizes=\"auto, (max-width: 800px) 100vw, 800px\" \/>          <\/div>\n                    \n<\/section>\n\n\n<section class=\"text container wysiwyg\" id=\"Innovation\" >\n                                      <div class=\"text__body fade-up\">\n            <h2>Innovation und nachhaltige Produkte:<\/h2>\n<p>Unser Ansatz legt den Schwerpunkt auf Ressourceneffizienz entlang der gesamten Wertsch\u00f6pfungskette, verbunden mit intelligentem Design und intelligenter Nutzung von Produkten. Durch die Minimierung des Einsatzes von Petrochemikalien in verschiedenen Anwendungen und Konsumg\u00fctern und deren Ersatz durch erneuerbare Energiequellen senken wir den gesamten CO2-Fu\u00dfabdruck erheblich.<\/p>\n<p>&nbsp;<\/p>\n<p>Dieser Ansatz verringert auch die Umweltbelastung.<\/p>\n          <\/div>\n                                                  <div class=\"text__image fade-up\">\n            <img loading=\"lazy\" decoding=\"async\" width=\"800\" height=\"600\" src=\"https:\/\/plt-innovations.com\/wp-content\/uploads\/sites\/4\/2025\/12\/From-renewable-agro-model-4-3-800.jpg\" class=\"text__image-img\" alt=\"\" srcset=\"https:\/\/plt-innovations.com\/wp-content\/uploads\/sites\/4\/2025\/12\/From-renewable-agro-model-4-3-800.jpg 800w, https:\/\/plt-innovations.com\/wp-content\/uploads\/sites\/4\/2025\/12\/From-renewable-agro-model-4-3-800-300x225.jpg 300w, https:\/\/plt-innovations.com\/wp-content\/uploads\/sites\/4\/2025\/12\/From-renewable-agro-model-4-3-800-768x576.jpg 768w\" sizes=\"auto, (max-width: 800px) 100vw, 800px\" \/>          <\/div>\n                    \n<\/section>\n\n\n<section class=\"text container wysiwyg\" id=\"employer\" >\n                                      <div class=\"text__body fade-up\">\n            <h2>Verantwortlicher Arbeitgeber:<\/h2>\n<p>Gleichberechtigung bildet die Grundlage f\u00fcr motivierte und engagierte Mitarbeiter und ist ein entscheidender Faktor innerhalb des Unternehmens.<\/p>\n<p>Es f\u00f6rdert ein integratives Umfeld, das das Engagement und die Produktivit\u00e4t der Mitarbeiter steigert.<\/p>\n          <\/div>\n                    \n<\/section>\n\n\n<section\n  class=\"tanovis_sub_hero  sub_hero--bg-medium none\"\n  >\n  <div class=\"hero__media\">\n          <video class=\"hero__video\" src=\"https:\/\/plt-innovations.com\/wp-content\/uploads\/sites\/4\/2025\/12\/Tanovis_17sek.mp4\" autoplay muted loop playsinline><\/video>\n              <img decoding=\"async\" class=\"hero__bg\" src=\"https:\/\/plt-innovations.com\/wp-content\/uploads\/sites\/4\/2025\/12\/PLT-color-16-9-1.jpg\" alt=\"\" \/>\n    \n    <div class=\"hero__symbol-container none\">\n      <div class=\"hero__symbol\">\n              <\/div>\n    <\/div>\n  <\/div>\n\n  <div class=\"hero__content container\">\n      <\/div>\n<\/section>\n\n\n<section class=\"text container wysiwyg\" >\n  \n<\/section>","protected":false},"excerpt":{"rendered":"","protected":false},"author":1,"featured_media":222,"parent":0,"menu_order":0,"comment_status":"closed","ping_status":"closed","template":"","meta":{"_acf_changed":false,"content-type":"","footnotes":""},"class_list":["post-60","page","type-page","status-publish","has-post-thumbnail","hentry"],"acf":[],"yoast_head":"<!-- This site is optimized with the Yoast SEO plugin v26.6 - https:\/\/yoast.com\/wordpress\/plugins\/seo\/ -->\n<title>Responsibility - PLT<\/title>\n<meta name=\"description\" content=\"Explore how PLT Innovations lives responsibility \u2014 with sustainability, purpose and meaningful impact at the centre of our science-led innovation journey.\" \/>\n<meta name=\"robots\" content=\"index, follow, max-snippet:-1, max-image-preview:large, max-video-preview:-1\" \/>\n<link rel=\"canonical\" href=\"https:\/\/plt-innovations.com\/de\/responsibility\/\" \/>\n<meta property=\"og:locale\" content=\"de_DE\" \/>\n<meta property=\"og:type\" content=\"article\" \/>\n<meta property=\"og:title\" content=\"Responsibility - PLT\" \/>\n<meta property=\"og:description\" content=\"Explore how PLT Innovations lives responsibility \u2014 with sustainability, purpose and meaningful impact at the centre of our science-led innovation journey.\" \/>\n<meta property=\"og:url\" content=\"https:\/\/plt-innovations.com\/de\/responsibility\/\" \/>\n<meta property=\"og:site_name\" content=\"PLT\" \/>\n<meta property=\"article:modified_time\" content=\"2025-12-16T21:34:20+00:00\" \/>\n<meta property=\"og:image\" content=\"https:\/\/plt-innovations.com\/wp-content\/uploads\/sites\/4\/2025\/12\/Meta-image-Our-Story.jpg\" \/>\n\t<meta property=\"og:image:width\" content=\"1024\" \/>\n\t<meta property=\"og:image:height\" content=\"768\" \/>\n\t<meta property=\"og:image:type\" content=\"image\/jpeg\" \/>\n<meta name=\"twitter:card\" content=\"summary_large_image\" \/>\n<meta name=\"twitter:label1\" content=\"Gesch\u00e4tzte Lesezeit\" \/>\n\t<meta name=\"twitter:data1\" content=\"2\u00a0Minuten\" \/>\n<script type=\"application\/ld+json\" class=\"yoast-schema-graph\">{\"@context\":\"https:\/\/schema.org\",\"@graph\":[{\"@type\":\"WebPage\",\"@id\":\"https:\/\/plt-innovations.com\/responsibility\/\",\"url\":\"https:\/\/plt-innovations.com\/responsibility\/\",\"name\":\"Responsibility - PLT\",\"isPartOf\":{\"@id\":\"https:\/\/plt-innovations.com\/#website\"},\"primaryImageOfPage\":{\"@id\":\"https:\/\/plt-innovations.com\/responsibility\/#primaryimage\"},\"image\":{\"@id\":\"https:\/\/plt-innovations.com\/responsibility\/#primaryimage\"},\"thumbnailUrl\":\"https:\/\/plt-innovations.com\/wp-content\/uploads\/sites\/4\/2025\/12\/Meta-image-Our-Story.jpg\",\"datePublished\":\"2025-11-27T04:43:18+00:00\",\"dateModified\":\"2025-12-16T21:34:20+00:00\",\"description\":\"Explore how PLT Innovations lives responsibility \u2014 with sustainability, purpose and meaningful impact at the centre of our science-led innovation journey.\",\"breadcrumb\":{\"@id\":\"https:\/\/plt-innovations.com\/responsibility\/#breadcrumb\"},\"inLanguage\":\"de\",\"potentialAction\":[{\"@type\":\"ReadAction\",\"target\":[\"https:\/\/plt-innovations.com\/responsibility\/\"]}]},{\"@type\":\"ImageObject\",\"inLanguage\":\"de\",\"@id\":\"https:\/\/plt-innovations.com\/responsibility\/#primaryimage\",\"url\":\"https:\/\/plt-innovations.com\/wp-content\/uploads\/sites\/4\/2025\/12\/Meta-image-Our-Story.jpg\",\"contentUrl\":\"https:\/\/plt-innovations.com\/wp-content\/uploads\/sites\/4\/2025\/12\/Meta-image-Our-Story.jpg\",\"width\":1024,\"height\":768},{\"@type\":\"BreadcrumbList\",\"@id\":\"https:\/\/plt-innovations.com\/responsibility\/#breadcrumb\",\"itemListElement\":[{\"@type\":\"ListItem\",\"position\":1,\"name\":\"Home\",\"item\":\"https:\/\/plt-innovations.com\/\"},{\"@type\":\"ListItem\",\"position\":2,\"name\":\"Responsibility\"}]},{\"@type\":\"WebSite\",\"@id\":\"https:\/\/plt-innovations.com\/#website\",\"url\":\"https:\/\/plt-innovations.com\/\",\"name\":\"PLT\",\"description\":\"Pure ligning technology\",\"potentialAction\":[{\"@type\":\"SearchAction\",\"target\":{\"@type\":\"EntryPoint\",\"urlTemplate\":\"https:\/\/plt-innovations.com\/?s={search_term_string}\"},\"query-input\":{\"@type\":\"PropertyValueSpecification\",\"valueRequired\":true,\"valueName\":\"search_term_string\"}}],\"inLanguage\":\"de\"}]}<\/script>\n<!-- \/ Yoast SEO plugin. -->","yoast_head_json":{"title":"Responsibility - PLT","description":"Explore how PLT Innovations lives responsibility \u2014 with sustainability, purpose and meaningful impact at the centre of our science-led innovation journey.","robots":{"index":"index","follow":"follow","max-snippet":"max-snippet:-1","max-image-preview":"max-image-preview:large","max-video-preview":"max-video-preview:-1"},"canonical":"https:\/\/plt-innovations.com\/de\/responsibility\/","og_locale":"de_DE","og_type":"article","og_title":"Responsibility - PLT","og_description":"Explore how PLT Innovations lives responsibility \u2014 with sustainability, purpose and meaningful impact at the centre of our science-led innovation journey.","og_url":"https:\/\/plt-innovations.com\/de\/responsibility\/","og_site_name":"PLT","article_modified_time":"2025-12-16T21:34:20+00:00","og_image":[{"width":1024,"height":768,"url":"https:\/\/plt-innovations.com\/wp-content\/uploads\/sites\/4\/2025\/12\/Meta-image-Our-Story.jpg","type":"image\/jpeg"}],"twitter_card":"summary_large_image","twitter_misc":{"Gesch\u00e4tzte Lesezeit":"2\u00a0Minuten"},"schema":{"@context":"https:\/\/schema.org","@graph":[{"@type":"WebPage","@id":"https:\/\/plt-innovations.com\/responsibility\/","url":"https:\/\/plt-innovations.com\/responsibility\/","name":"Responsibility - PLT","isPartOf":{"@id":"https:\/\/plt-innovations.com\/#website"},"primaryImageOfPage":{"@id":"https:\/\/plt-innovations.com\/responsibility\/#primaryimage"},"image":{"@id":"https:\/\/plt-innovations.com\/responsibility\/#primaryimage"},"thumbnailUrl":"https:\/\/plt-innovations.com\/wp-content\/uploads\/sites\/4\/2025\/12\/Meta-image-Our-Story.jpg","datePublished":"2025-11-27T04:43:18+00:00","dateModified":"2025-12-16T21:34:20+00:00","description":"Explore how PLT Innovations lives responsibility \u2014 with sustainability, purpose and meaningful impact at the centre of our science-led innovation journey.","breadcrumb":{"@id":"https:\/\/plt-innovations.com\/responsibility\/#breadcrumb"},"inLanguage":"de","potentialAction":[{"@type":"ReadAction","target":["https:\/\/plt-innovations.com\/responsibility\/"]}]},{"@type":"ImageObject","inLanguage":"de","@id":"https:\/\/plt-innovations.com\/responsibility\/#primaryimage","url":"https:\/\/plt-innovations.com\/wp-content\/uploads\/sites\/4\/2025\/12\/Meta-image-Our-Story.jpg","contentUrl":"https:\/\/plt-innovations.com\/wp-content\/uploads\/sites\/4\/2025\/12\/Meta-image-Our-Story.jpg","width":1024,"height":768},{"@type":"BreadcrumbList","@id":"https:\/\/plt-innovations.com\/responsibility\/#breadcrumb","itemListElement":[{"@type":"ListItem","position":1,"name":"Home","item":"https:\/\/plt-innovations.com\/"},{"@type":"ListItem","position":2,"name":"Responsibility"}]},{"@type":"WebSite","@id":"https:\/\/plt-innovations.com\/#website","url":"https:\/\/plt-innovations.com\/","name":"PLT","description":"Pure ligning technology","potentialAction":[{"@type":"SearchAction","target":{"@type":"EntryPoint","urlTemplate":"https:\/\/plt-innovations.com\/?s={search_term_string}"},"query-input":{"@type":"PropertyValueSpecification","valueRequired":true,"valueName":"search_term_string"}}],"inLanguage":"de"}]}},"_links":{"self":[{"href":"https:\/\/plt-innovations.com\/de\/wp-json\/wp\/v2\/pages\/60","targetHints":{"allow":["GET"]}}],"collection":[{"href":"https:\/\/plt-innovations.com\/de\/wp-json\/wp\/v2\/pages"}],"about":[{"href":"https:\/\/plt-innovations.com\/de\/wp-json\/wp\/v2\/types\/page"}],"author":[{"embeddable":true,"href":"https:\/\/plt-innovations.com\/de\/wp-json\/wp\/v2\/users\/1"}],"replies":[{"embeddable":true,"href":"https:\/\/plt-innovations.com\/de\/wp-json\/wp\/v2\/comments?post=60"}],"version-history":[{"count":14,"href":"https:\/\/plt-innovations.com\/de\/wp-json\/wp\/v2\/pages\/60\/revisions"}],"predecessor-version":[{"id":338,"href":"https:\/\/plt-innovations.com\/de\/wp-json\/wp\/v2\/pages\/60\/revisions\/338"}],"wp:featuredmedia":[{"embeddable":true,"href":"https:\/\/plt-innovations.com\/de\/wp-json\/wp\/v2\/media\/222"}],"wp:attachment":[{"href":"https:\/\/plt-innovations.com\/de\/wp-json\/wp\/v2\/media?parent=60"}],"curies":[{"name":"wp","href":"https:\/\/api.w.org\/{rel}","templated":true}]}}