{"id":49,"date":"2025-11-27T04:27:49","date_gmt":"2025-11-27T04:27:49","guid":{"rendered":"https:\/\/plt.tanovis.linawang.se\/?page_id=49"},"modified":"2025-12-16T21:28:14","modified_gmt":"2025-12-16T21:28:14","slug":"contact","status":"publish","type":"page","link":"https:\/\/plt-innovations.com\/de\/contact\/","title":{"rendered":"Kontakt"},"content":{"rendered":"<section\n  class=\"tanovis_sub_hero  sub_hero--bg-medium none\"\n  >\n  <div class=\"hero__media\">\n        \n    <div class=\"hero__symbol-container none\">\n      <div class=\"hero__symbol\">\n              <\/div>\n    <\/div>\n  <\/div>\n\n  <div class=\"hero__content container\">\n          <h1 class=\"hero__title title-lg\">Lassen Sie uns zusammenarbeiten<\/h1>\n      <\/div>\n<\/section>\n\n\n<section class=\"text container wysiwyg\" >\n                                      <div class=\"text__body fade-up\">\n            <p>Wir suchen weiterhin nach Partnerschaften mit Innovatoren, die das Potenzial von Lignin als Grundstein f\u00fcr die industriellen Anwendungen von morgen erkennen. Durch die Zusammenarbeit mit gleichgesinnten Partnern k\u00f6nnen wir den \u00dcbergang zu einer biobasierten Wirtschaft beschleunigen.<\/p>\n          <\/div>\n                    \n<\/section>\n\n\n<section class=\"hubspot-form container bg-accent\" >\n  <div class=\"hubspot-form__inner\">\n    <div class=\"hubspot-form__content\">\n      <h2 class=\"hubspot-form__title title-md\">Kontakt aufnehmen<\/h2>\n      <p class=\"hubspot-form__text body-md\">Wir w\u00fcrden uns freuen, von Ihnen zu h\u00f6ren.<\/p>\n    <\/div>\n          <style id=\"wpforms-css-vars-344\">\n\t\t\t\t#wpforms-344 {\n\t\t\t\t--wpforms-field-size-input-height: 43px;\n--wpforms-field-size-input-spacing: 15px;\n--wpforms-field-size-font-size: 16px;\n--wpforms-field-size-line-height: 19px;\n--wpforms-field-size-padding-h: 14px;\n--wpforms-field-size-checkbox-size: 16px;\n--wpforms-field-size-sublabel-spacing: 5px;\n--wpforms-field-size-icon-size: 1;\n--wpforms-label-size-font-size: 16px;\n--wpforms-label-size-line-height: 19px;\n--wpforms-label-size-sublabel-font-size: 14px;\n--wpforms-label-size-sublabel-line-height: 17px;\n--wpforms-button-size-font-size: 17px;\n--wpforms-button-size-height: 41px;\n--wpforms-button-size-padding-h: 15px;\n--wpforms-button-size-margin-top: 10px;\n--wpforms-container-shadow-size-box-shadow: none;\n\t\t\t}\n\t\t\t<\/style><div class=\"wpforms-container wpforms-container-full wpforms-render-modern\" id=\"wpforms-344\"><form id=\"wpforms-form-344\" class=\"wpforms-validate wpforms-form wpforms-ajax-form\" data-formid=\"344\" method=\"post\" enctype=\"multipart\/form-data\" action=\"\/de\/wp-json\/wp\/v2\/pages\/49\" data-token=\"e14205fb07a00fcdbf7df80cf5d7cfd5\" data-token-time=\"1777120576\" data-trp-original-action=\"\/de\/wp-json\/wp\/v2\/pages\/49\"><noscript class=\"wpforms-error-noscript\">Bitte aktiviere JavaScript in deinem Browser, um dieses Formular fertigzustellen.<\/noscript><div id=\"wpforms-error-noscript\" style=\"display: none;\">Bitte aktiviere JavaScript in deinem Browser, um dieses Formular fertigzustellen.<\/div><div class=\"wpforms-field-container\"><div id=\"wpforms-344-field_1-container\" class=\"wpforms-field wpforms-field-name\" data-field-id=\"1\"><fieldset><legend class=\"wpforms-field-label\">Name <span class=\"wpforms-required-label\" aria-hidden=\"true\">*<\/span><\/legend><div class=\"wpforms-field-row wpforms-field-medium\"><div class=\"wpforms-field-row-block wpforms-first wpforms-one-half\"><input type=\"text\" id=\"wpforms-344-field_1\" class=\"wpforms-field-name-first wpforms-field-required\" name=\"wpforms[fields][1][first]\" aria-errormessage=\"wpforms-344-field_1-error\" required><label for=\"wpforms-344-field_1\" class=\"wpforms-field-sublabel after\">Vorname<\/label><\/div><div class=\"wpforms-field-row-block wpforms-one-half\"><input type=\"text\" id=\"wpforms-344-field_1-last\" class=\"wpforms-field-name-last wpforms-field-required\" name=\"wpforms[fields][1][last]\" aria-errormessage=\"wpforms-344-field_1-last-error\" required><label for=\"wpforms-344-field_1-last\" class=\"wpforms-field-sublabel after\">Nachname<\/label><\/div><\/div><\/fieldset><\/div>\t\t<div id=\"wpforms-344-field_3-container\"\n\t\t\tclass=\"wpforms-field wpforms-field-text\"\n\t\t\tdata-field-type=\"text\"\n\t\t\tdata-field-id=\"3\"\n\t\t\t>\n\t\t\t<label class=\"wpforms-field-label\" for=\"wpforms-344-field_3\" >E-Mail-Name<\/label>\n\t\t\t<input type=\"text\" id=\"wpforms-344-field_3\" class=\"wpforms-field-medium\" name=\"wpforms[fields][3]\" >\n\t\t<\/div>\n\t\t<div id=\"wpforms-344-field_2-container\" class=\"wpforms-field wpforms-field-email\" data-field-id=\"2\"><label class=\"wpforms-field-label\" for=\"wpforms-344-field_2\">E-Mail <span class=\"wpforms-required-label\" aria-hidden=\"true\">*<\/span><\/label><input type=\"email\" id=\"wpforms-344-field_2\" class=\"wpforms-field-medium wpforms-field-required\" name=\"wpforms[fields][2]\" spellcheck=\"false\" aria-errormessage=\"wpforms-344-field_2-error\" required><\/div><script>\n\t\t\t\t( function() {\n\t\t\t\t\tconst style = document.createElement( 'style' );\n\t\t\t\t\tstyle.appendChild( document.createTextNode( '#wpforms-344-field_3-container { position: absolute !important; overflow: hidden !important; display: inline !important; height: 1px !important; width: 1px !important; z-index: -1000 !important; padding: 0 !important; } #wpforms-344-field_3-container input { visibility: hidden; } #wpforms-conversational-form-page #wpforms-344-field_3-container label { counter-increment: none; }' ) );\n\t\t\t\t\tdocument.head.appendChild( style );\n\t\t\t\t\tdocument.currentScript?.remove();\n\t\t\t\t} )();\n\t\t\t<\/script><\/div><!-- .wpforms-field-container --><div class=\"wpforms-submit-container\" ><input type=\"hidden\" name=\"wpforms[id]\" value=\"344\"><input type=\"hidden\" name=\"page_title\" value=\"\"><input type=\"hidden\" name=\"page_url\" value=\"https:\/\/plt-innovations.com\/de\/wp-json\/wp\/v2\/pages\/49\"><input type=\"hidden\" name=\"url_referer\" value=\"\"><button type=\"submit\" name=\"wpforms[submit]\" id=\"wpforms-submit-344\" class=\"wpforms-submit\" data-alt-text=\"Sending...\" data-submit-text=\"Submit\" aria-live=\"assertive\" value=\"wpforms-submit\">Einreichen<\/button><img loading=\"lazy\" decoding=\"async\" src=\"https:\/\/plt-innovations.com\/wp-content\/plugins\/wpforms\/assets\/images\/submit-spin.svg\" class=\"wpforms-submit-spinner\" style=\"display: none;\" width=\"26\" height=\"26\" alt=\"Wird geladen\"><\/div><input type=\"hidden\" name=\"trp-form-language\" value=\"de\"\/><\/form><\/div>  <!-- .wpforms-container -->\n      <\/div>\n<\/section>\n\n\n<section class=\"card-slider\" id=\"card-slider-block_c4e6ff8f0acc81b4a310bfc002df3156\" >\n  <div class=\"bg-decorator\"\n    style=\"background-image: url('https:\/\/plt-innovations.com\/wp-content\/uploads\/sites\/4\/2025\/11\/georgi-kalaydzhiev-l0O8dqEhAXk-unsplash.jpg');\"\n    ><\/div>\n\n      <div class=\"container\">\n      <div class=\"card-slider__cards swiper\">\n        <div class=\"swiper-wrapper\">\n                      <div class=\"swiper-slide\">\n              <div class=\"card-slider__cards-card cutout cutout-top-right aspect-ratio-1-1\">\n                                  <h3 class=\"card-slider__cards-card-title\">PLT Innovations Hauptsitz<\/h3>\n                                                  <div class=\"card-slider__cards-card-text\">\n                    <p>PLT-Innovationen<br \/>\nWeingartenstra\u00dfe 11<br \/>\n8803 R\u00fcschlikon<\/p>\n<p>Schweiz<br \/>\n+41 (0)44 500 7325<\/p>\n                  <\/div>\n                              <\/div>\n            <\/div>\n                      <div class=\"swiper-slide\">\n              <div class=\"card-slider__cards-card cutout cutout-top-right aspect-ratio-1-1\">\n                                  <h3 class=\"card-slider__cards-card-title\">PLT Forschung und Entwicklung<\/h3>\n                                                  <div class=\"card-slider__cards-card-text\">\n                    <p>PLT Innovation Forschung und Entwicklung<br \/>\nDucatsstra\u00dfe 40b<br \/>\n1350 Orbe<\/p>\n<p>Schweiz<br \/>\n+41 (0)24 509 9887<\/p>\n                  <\/div>\n                              <\/div>\n            <\/div>\n                  <\/div>\n        <div class=\"swiper-pagination\"><\/div>\n      <\/div>\n        <\/div>\n\n    <script type=\"module\">\n      import Swiper from \"https:\/\/cdn.jsdelivr.net\/npm\/swiper@11\/swiper-bundle.min.mjs\";\n\n      \/\/ Initialize Swiper\n              const section = document.getElementById(\"card-slider-block_c4e6ff8f0acc81b4a310bfc002df3156\");\n        const swiperEl = section?.querySelector(\".swiper\");\n        if (swiperEl) {\n          new Swiper(swiperEl, {\n            slidesPerView: 'auto',\n            spaceBetween: 20,\n            pagination: {\n              el: \".swiper-pagination\",\n              clickable: true,\n            },\n          });\n        }\n          <\/script>\n<\/section>\n\n\n<section class=\"text container wysiwyg\" >\n                                      <h2 class=\"text__title fade-up\">\n            F\u00fcr Bestellungen          <\/h2>\n                                                  <div class=\"text__body fade-up\">\n            <p>Protobind 1000 (Beutelgr\u00f6\u00dfe: 1 kg, 5 kg, 20 kg, 250 kg, 350 kg, 700 kg)<br \/>\nProtobind KW (Beutelgr\u00f6\u00dfe: 250 kg, 350 kg, 700 kg, 1000 kg)<\/p>\n          <\/div>\n                                                  <div class=\"text__link fade-up\">\n                <a href=\"https:\/\/plt-innovations.com\/wp-content\/uploads\/sites\/4\/2025\/12\/SAMPLE-REQUEST-FORM-V2.pdf\" class=\"link\"  target=\"_blank\">\n      Bestellformular <span class=\"link__arrow\"><svg width=\"14\" height=\"17\" viewbox=\"0 0 14 17\" fill=\"none\"\n          xmlns=\"http:\/\/www.w3.org\/2000\/svg\">\n          <path d=\"M0 17V0L14 8.5L0 17Z\" fill=\"currentColor\" \/>\n        <\/svg>\n      <\/span>\n    <\/a>\n          <\/div>\n                    \n<\/section>\n\n\n<section class=\"text container wysiwyg\" >\n  \n<\/section>","protected":false},"excerpt":{"rendered":"","protected":false},"author":1,"featured_media":223,"parent":0,"menu_order":0,"comment_status":"closed","ping_status":"closed","template":"","meta":{"_acf_changed":false,"content-type":"","footnotes":""},"class_list":["post-49","page","type-page","status-publish","has-post-thumbnail","hentry"],"acf":[],"yoast_head":"<!-- This site is optimized with the Yoast SEO plugin v26.6 - https:\/\/yoast.com\/wordpress\/plugins\/seo\/ -->\n<title>Contact - PLT<\/title>\n<meta name=\"description\" content=\"Get in touch with PLT Innovations. Contact our team for inquiries, partnerships and collaboration on sustainable, science-led ventures with real impact.\" \/>\n<meta name=\"robots\" content=\"index, follow, max-snippet:-1, max-image-preview:large, max-video-preview:-1\" \/>\n<link rel=\"canonical\" href=\"https:\/\/plt-innovations.com\/de\/contact\/\" \/>\n<meta property=\"og:locale\" content=\"de_DE\" \/>\n<meta property=\"og:type\" content=\"article\" \/>\n<meta property=\"og:title\" content=\"Contact - PLT\" \/>\n<meta property=\"og:description\" content=\"Get in touch with PLT Innovations. Contact our team for inquiries, partnerships and collaboration on sustainable, science-led ventures with real impact.\" \/>\n<meta property=\"og:url\" content=\"https:\/\/plt-innovations.com\/de\/contact\/\" \/>\n<meta property=\"og:site_name\" content=\"PLT\" \/>\n<meta property=\"article:modified_time\" content=\"2025-12-16T21:28:14+00:00\" \/>\n<meta property=\"og:image\" content=\"https:\/\/plt-innovations.com\/wp-content\/uploads\/sites\/4\/2025\/12\/Meta-image-Responsibility.jpg\" \/>\n\t<meta property=\"og:image:width\" content=\"1024\" \/>\n\t<meta property=\"og:image:height\" content=\"768\" \/>\n\t<meta property=\"og:image:type\" content=\"image\/jpeg\" \/>\n<meta name=\"twitter:card\" content=\"summary_large_image\" \/>\n<meta name=\"twitter:label1\" content=\"Gesch\u00e4tzte Lesezeit\" \/>\n\t<meta name=\"twitter:data1\" content=\"1\u00a0Minute\" \/>\n<script type=\"application\/ld+json\" class=\"yoast-schema-graph\">{\"@context\":\"https:\/\/schema.org\",\"@graph\":[{\"@type\":\"WebPage\",\"@id\":\"https:\/\/plt-innovations.com\/contact\/\",\"url\":\"https:\/\/plt-innovations.com\/contact\/\",\"name\":\"Contact - PLT\",\"isPartOf\":{\"@id\":\"https:\/\/plt-innovations.com\/#website\"},\"primaryImageOfPage\":{\"@id\":\"https:\/\/plt-innovations.com\/contact\/#primaryimage\"},\"image\":{\"@id\":\"https:\/\/plt-innovations.com\/contact\/#primaryimage\"},\"thumbnailUrl\":\"https:\/\/plt-innovations.com\/wp-content\/uploads\/sites\/4\/2025\/12\/Meta-image-Responsibility.jpg\",\"datePublished\":\"2025-11-27T04:27:49+00:00\",\"dateModified\":\"2025-12-16T21:28:14+00:00\",\"description\":\"Get in touch with PLT Innovations. Contact our team for inquiries, partnerships and collaboration on sustainable, science-led ventures with real impact.\",\"breadcrumb\":{\"@id\":\"https:\/\/plt-innovations.com\/contact\/#breadcrumb\"},\"inLanguage\":\"de\",\"potentialAction\":[{\"@type\":\"ReadAction\",\"target\":[\"https:\/\/plt-innovations.com\/contact\/\"]}]},{\"@type\":\"ImageObject\",\"inLanguage\":\"de\",\"@id\":\"https:\/\/plt-innovations.com\/contact\/#primaryimage\",\"url\":\"https:\/\/plt-innovations.com\/wp-content\/uploads\/sites\/4\/2025\/12\/Meta-image-Responsibility.jpg\",\"contentUrl\":\"https:\/\/plt-innovations.com\/wp-content\/uploads\/sites\/4\/2025\/12\/Meta-image-Responsibility.jpg\",\"width\":1024,\"height\":768},{\"@type\":\"BreadcrumbList\",\"@id\":\"https:\/\/plt-innovations.com\/contact\/#breadcrumb\",\"itemListElement\":[{\"@type\":\"ListItem\",\"position\":1,\"name\":\"Home\",\"item\":\"https:\/\/plt-innovations.com\/\"},{\"@type\":\"ListItem\",\"position\":2,\"name\":\"Contact\"}]},{\"@type\":\"WebSite\",\"@id\":\"https:\/\/plt-innovations.com\/#website\",\"url\":\"https:\/\/plt-innovations.com\/\",\"name\":\"PLT\",\"description\":\"Pure ligning technology\",\"potentialAction\":[{\"@type\":\"SearchAction\",\"target\":{\"@type\":\"EntryPoint\",\"urlTemplate\":\"https:\/\/plt-innovations.com\/?s={search_term_string}\"},\"query-input\":{\"@type\":\"PropertyValueSpecification\",\"valueRequired\":true,\"valueName\":\"search_term_string\"}}],\"inLanguage\":\"de\"}]}<\/script>\n<!-- \/ Yoast SEO plugin. -->","yoast_head_json":{"title":"Contact - PLT","description":"Get in touch with PLT Innovations. Contact our team for inquiries, partnerships and collaboration on sustainable, science-led ventures with real impact.","robots":{"index":"index","follow":"follow","max-snippet":"max-snippet:-1","max-image-preview":"max-image-preview:large","max-video-preview":"max-video-preview:-1"},"canonical":"https:\/\/plt-innovations.com\/de\/contact\/","og_locale":"de_DE","og_type":"article","og_title":"Contact - PLT","og_description":"Get in touch with PLT Innovations. Contact our team for inquiries, partnerships and collaboration on sustainable, science-led ventures with real impact.","og_url":"https:\/\/plt-innovations.com\/de\/contact\/","og_site_name":"PLT","article_modified_time":"2025-12-16T21:28:14+00:00","og_image":[{"width":1024,"height":768,"url":"https:\/\/plt-innovations.com\/wp-content\/uploads\/sites\/4\/2025\/12\/Meta-image-Responsibility.jpg","type":"image\/jpeg"}],"twitter_card":"summary_large_image","twitter_misc":{"Gesch\u00e4tzte Lesezeit":"1\u00a0Minute"},"schema":{"@context":"https:\/\/schema.org","@graph":[{"@type":"WebPage","@id":"https:\/\/plt-innovations.com\/contact\/","url":"https:\/\/plt-innovations.com\/contact\/","name":"Contact - PLT","isPartOf":{"@id":"https:\/\/plt-innovations.com\/#website"},"primaryImageOfPage":{"@id":"https:\/\/plt-innovations.com\/contact\/#primaryimage"},"image":{"@id":"https:\/\/plt-innovations.com\/contact\/#primaryimage"},"thumbnailUrl":"https:\/\/plt-innovations.com\/wp-content\/uploads\/sites\/4\/2025\/12\/Meta-image-Responsibility.jpg","datePublished":"2025-11-27T04:27:49+00:00","dateModified":"2025-12-16T21:28:14+00:00","description":"Get in touch with PLT Innovations. Contact our team for inquiries, partnerships and collaboration on sustainable, science-led ventures with real impact.","breadcrumb":{"@id":"https:\/\/plt-innovations.com\/contact\/#breadcrumb"},"inLanguage":"de","potentialAction":[{"@type":"ReadAction","target":["https:\/\/plt-innovations.com\/contact\/"]}]},{"@type":"ImageObject","inLanguage":"de","@id":"https:\/\/plt-innovations.com\/contact\/#primaryimage","url":"https:\/\/plt-innovations.com\/wp-content\/uploads\/sites\/4\/2025\/12\/Meta-image-Responsibility.jpg","contentUrl":"https:\/\/plt-innovations.com\/wp-content\/uploads\/sites\/4\/2025\/12\/Meta-image-Responsibility.jpg","width":1024,"height":768},{"@type":"BreadcrumbList","@id":"https:\/\/plt-innovations.com\/contact\/#breadcrumb","itemListElement":[{"@type":"ListItem","position":1,"name":"Home","item":"https:\/\/plt-innovations.com\/"},{"@type":"ListItem","position":2,"name":"Contact"}]},{"@type":"WebSite","@id":"https:\/\/plt-innovations.com\/#website","url":"https:\/\/plt-innovations.com\/","name":"PLT","description":"Pure ligning technology","potentialAction":[{"@type":"SearchAction","target":{"@type":"EntryPoint","urlTemplate":"https:\/\/plt-innovations.com\/?s={search_term_string}"},"query-input":{"@type":"PropertyValueSpecification","valueRequired":true,"valueName":"search_term_string"}}],"inLanguage":"de"}]}},"_links":{"self":[{"href":"https:\/\/plt-innovations.com\/de\/wp-json\/wp\/v2\/pages\/49","targetHints":{"allow":["GET"]}}],"collection":[{"href":"https:\/\/plt-innovations.com\/de\/wp-json\/wp\/v2\/pages"}],"about":[{"href":"https:\/\/plt-innovations.com\/de\/wp-json\/wp\/v2\/types\/page"}],"author":[{"embeddable":true,"href":"https:\/\/plt-innovations.com\/de\/wp-json\/wp\/v2\/users\/1"}],"replies":[{"embeddable":true,"href":"https:\/\/plt-innovations.com\/de\/wp-json\/wp\/v2\/comments?post=49"}],"version-history":[{"count":12,"href":"https:\/\/plt-innovations.com\/de\/wp-json\/wp\/v2\/pages\/49\/revisions"}],"predecessor-version":[{"id":376,"href":"https:\/\/plt-innovations.com\/de\/wp-json\/wp\/v2\/pages\/49\/revisions\/376"}],"wp:featuredmedia":[{"embeddable":true,"href":"https:\/\/plt-innovations.com\/de\/wp-json\/wp\/v2\/media\/223"}],"wp:attachment":[{"href":"https:\/\/plt-innovations.com\/de\/wp-json\/wp\/v2\/media?parent=49"}],"curies":[{"name":"wp","href":"https:\/\/api.w.org\/{rel}","templated":true}]}}